{"id":676,"date":"2018-04-27T09:01:30","date_gmt":"2018-04-27T07:01:30","guid":{"rendered":"http:\/\/mybreathmymusic.com\/?page_id=676"},"modified":"2025-04-18T09:03:42","modified_gmt":"2025-04-18T07:03:42","slug":"eyeplaymusic","status":"publish","type":"page","link":"https:\/\/mybreathmymusic.com\/de\/eyeplaymusic","title":{"rendered":"EyePlayMusic"},"content":{"rendered":"<p><img loading=\"lazy\" decoding=\"async\" class=\"alignleft size-full wp-image-681\" src=\"\/wp-content\/uploads\/2018\/04\/eyegaze-1.png\" alt=\"\" width=\"423\" height=\"281\" srcset=\"https:\/\/mybreathmymusic.com\/wp-content\/uploads\/2018\/04\/eyegaze-1.png 423w, https:\/\/mybreathmymusic.com\/wp-content\/uploads\/2018\/04\/eyegaze-1-300x199.png 300w\" sizes=\"auto, (max-width: 423px) 100vw, 423px\" \/><\/p>\n<p>Eyetracking ist eine Methode, den Computer mit den Augen zu bedienen, genau wie andere Benutzer es mit der Maus tun.<\/p>\n<p>Unsere kostenlose Software f\u00fcr Windows hei\u00dft &#8222;Eye Play Music&#8220; und man kann sie hier runterladen:<br \/>\n<a href=\"https:\/\/mybreathmymusic.com\/wp-content\/uploads\/2023\/02\/SetupEyePlayMusic1120.exe\">SetupEyePlayMusic<\/a><\/p>\n<p><strong><span class=\"st\"><em>Stay informed<\/em> about all that&#8217;s happening. <em>SUBSCRIBE<\/em>. <a href=\"http:\/\/eepurl.com\/c6Tn8H\">Sign up to receive <em>updates<\/em> and information<\/a><\/span><\/strong><\/p>\n<p>Sofort starten<br \/>\n\u00d6ffnen Sie das Programm. Wenn die Maus \u00fcber eine der roten Fl\u00e4chen f\u00e4hrt, h\u00f6ren Sie einen Klang. Dazu ist es nicht n\u00f6tig, zu klicken.<br \/>\nIm Programm kann man verschiedene Instrumente ausw\u00e4hlen, Noten transponieren und die Notenl\u00e4nge einstellen. Mit Edit l\u00e4sst sich eine eigene Tonleiter erstellen. Man kann die eigenen Tonleitern und Einstellungen auch speichern und laden.<\/p>\n<p>Tastaturbefehle:<br \/>\nA = vorheriges Instrument<br \/>\nD = n\u00e4chstes Instrument<br \/>\nQ = vorherige Tonleiter<br \/>\nE = n\u00e4chste Tonleiter<\/p>\n<p><strong>Spezielle Funktionalit\u00e4t f\u00fcr Benutzer der Tobii Communicator Software:<\/strong><br \/>\nLars Tiedemann von Tobii hat ein spezielles Pageset f\u00fcr Communicator 5 erstellt. Der Benutzer kann damit die Lautst\u00e4rke, das Instrument und die Tonleiter einstellen.<br \/>\nMan kann das Pageset vom Comunicator Homescreen aus aufrufen und Eye Play Music wird automatisch mitgestartet. Zu beachten ist jedoch, dass sich die EyePlayMusic.exe in C:\\EyePlayMusic befinden muss.<\/p>\n<p><a href=\"https:\/\/mybreathmymusic.com\/wp-content\/uploads\/2021\/05\/Eye-Play-Music-pageset-comm-5.zip\">Download link to the Pageset for Communicator 5<\/a>(I12 \/ I15 \/ PCEye mini)<\/p>\n<p><a href=\"https:\/\/mybreathmymusic.com\/wp-content\/uploads\/2021\/06\/Eye-Play-Music-ISeries-plus.zip\">Download link to the Pageset for Communicator 5<\/a>(I13 en I16)<\/p>\n<p><a href=\"https:\/\/mybreathmymusic.com\/wp-content\/uploads\/2021\/05\/Eye-Play-Music-pageset-comm-4.zip\">Download link to the Pageset for Communicator 4<\/a><\/p>\n<p>&nbsp;<\/p>\n<p><a href=\"https:\/\/tobii-my.sharepoint.com\/personal\/ltn_tobii_com\/_layouts\/15\/guestaccess.aspx?guestaccesstoken=g43ZWJaJ1Q7L%2fu207yUsc2D3Cp2MyyM64qH5tvn67Yk%3d&amp;docid=12b5801746d374aaa911eee6c3a4364ad&amp;rev=1\"><img loading=\"lazy\" decoding=\"async\" class=\"alignnone wp-image-491\" src=\"\/wp-content\/uploads\/2016\/05\/image003-300x169.jpg\" alt=\"image003\" width=\"572\" height=\"322\" srcset=\"https:\/\/mybreathmymusic.com\/wp-content\/uploads\/2016\/05\/image003-300x169.jpg 300w, https:\/\/mybreathmymusic.com\/wp-content\/uploads\/2016\/05\/image003-768x434.jpg 768w, https:\/\/mybreathmymusic.com\/wp-content\/uploads\/2016\/05\/image003.jpg 802w\" sizes=\"auto, (max-width: 572px) 100vw, 572px\" \/><\/a><\/p>\n<p><strong>Online Inprovisations-Workshop<\/strong><\/p>\n<p>Improvisation ist eine M\u00f6glichkeit, seine eigene Musik zu schaffen und dies ohne Vorbereitung ohne viel nach zu denken. Es ist eine unglaubliche Art und Weise sich auszudr\u00fccken. Wenn man die richtige Tonleiter und den Play-Along-St\u00fccken f\u00fcr die Improvisation verwendet, kann man sofort Musik machen, die sehr h\u00f6renswert ist.<\/p>\n<p><img loading=\"lazy\" decoding=\"async\" class=\"alignnone wp-image-476\" src=\"\/wp-content\/uploads\/2016\/05\/c-penta-300x176.png\" alt=\"c penta\" width=\"372\" height=\"218\" srcset=\"https:\/\/mybreathmymusic.com\/wp-content\/uploads\/2016\/05\/c-penta-300x176.png 300w, https:\/\/mybreathmymusic.com\/wp-content\/uploads\/2016\/05\/c-penta-768x452.png 768w, https:\/\/mybreathmymusic.com\/wp-content\/uploads\/2016\/05\/c-penta.png 804w\" sizes=\"auto, (max-width: 372px) 100vw, 372px\" \/><\/p>\n<p>W\u00e4hlen Sie bitte die Penta C Tonleiter. Gehen Sie dann zu <a href=\"\/de\/improviseren-op-de-magic-flute\">Workshop1<\/a>. Auf dieser Seite sind 2 Play-Along-Tracks.<\/p>\n<h2><img loading=\"lazy\" decoding=\"async\" class=\"alignleft wp-image-683 size-medium\" src=\"\/wp-content\/uploads\/2018\/04\/ruud-en-tobias-300x198.png\" alt=\"\" width=\"300\" height=\"198\" srcset=\"https:\/\/mybreathmymusic.com\/wp-content\/uploads\/2018\/04\/ruud-en-tobias-300x198.png 300w, https:\/\/mybreathmymusic.com\/wp-content\/uploads\/2018\/04\/ruud-en-tobias-768x508.png 768w, https:\/\/mybreathmymusic.com\/wp-content\/uploads\/2018\/04\/ruud-en-tobias-1024x677.png 1024w, https:\/\/mybreathmymusic.com\/wp-content\/uploads\/2018\/04\/ruud-en-tobias.png 1299w\" sizes=\"auto, (max-width: 300px) 100vw, 300px\" \/><\/h2>\n<p>Have lots of fun!<br \/>\nTobias Kozlowski &amp; Ruud van der Wel (developers of this software)<br \/>\nHaben Sie viel Spa\u00df!<\/p>\n<h2>Watch the Video<\/h2>\n<p><iframe loading=\"lazy\" src=\"\/\/www.youtube.com\/embed\/ZwrAnnTUQAU\" width=\"560\" height=\"314\" allowfullscreen=\"allowfullscreen\"><\/iframe><\/p>","protected":false},"excerpt":{"rendered":"<p>Eyetracking ist eine Methode, den Computer mit den Augen zu bedienen, genau wie andere Benutzer es mit der Maus tun. Unsere kostenlose Software f\u00fcr Windows hei\u00dft &#8222;Eye Play Music&#8220; und man kann sie hier runterladen: SetupEyePlayMusic Stay informed about all that&#8217;s happening. SUBSCRIBE. Sign up to receive updates and information Sofort starten \u00d6ffnen Sie das [&hellip;]<\/p>\n","protected":false},"author":4,"featured_media":0,"parent":0,"menu_order":0,"comment_status":"closed","ping_status":"closed","template":"","meta":{"_exactmetrics_skip_tracking":false,"_exactmetrics_sitenote_active":false,"_exactmetrics_sitenote_note":"","_exactmetrics_sitenote_category":0,"footnotes":""},"categories":[],"tags":[],"class_list":["post-676","page","type-page","status-publish","hentry"],"yoast_head":"<!-- This site is optimized with the Yoast SEO plugin v26.5 - https:\/\/yoast.com\/wordpress\/plugins\/seo\/ -->\n<title>EyePlayMusic | My Breath My Music<\/title>\n<meta name=\"description\" content=\"Muziek maken met je ogen! Onze software is gratis. Oogbesturing is een alternatieve methode voor de bediening van computers, ontwikkeld voor mensen met zeer beperkte bewegingsmogelijkheden.\" \/>\n<meta name=\"robots\" content=\"index, follow, max-snippet:-1, max-image-preview:large, max-video-preview:-1\" \/>\n<link rel=\"canonical\" href=\"https:\/\/mybreathmymusic.com\/de\/eyeplaymusic\" \/>\n<meta property=\"og:locale\" content=\"de_DE\" \/>\n<meta property=\"og:type\" content=\"article\" \/>\n<meta property=\"og:title\" content=\"EyePlayMusic\" \/>\n<meta property=\"og:description\" content=\"Muziek maken met je ogen! &quot;Eye play music&quot; zo heet onze gratis software voor de Windows-pc.\" \/>\n<meta property=\"og:url\" content=\"https:\/\/mybreathmymusic.com\/eyeplaymusic\" \/>\n<meta property=\"og:site_name\" content=\"My Breath My Music\" \/>\n<meta property=\"article:publisher\" content=\"https:\/\/www.facebook.com\/MyBreathMyMusic\/\" \/>\n<meta property=\"article:modified_time\" content=\"2025-04-18T07:03:42+00:00\" \/>\n<meta property=\"og:image\" content=\"https:\/\/mybreathmymusic.com\/wp-content\/uploads\/2018\/04\/eyegaze.png\" \/>\n\t<meta property=\"og:image:width\" content=\"423\" \/>\n\t<meta property=\"og:image:height\" content=\"565\" \/>\n\t<meta property=\"og:image:type\" content=\"image\/png\" \/>\n<meta name=\"twitter:card\" content=\"summary_large_image\" \/>\n<meta name=\"twitter:label1\" content=\"Gesch\u00e4tzte Lesezeit\" \/>\n\t<meta name=\"twitter:data1\" content=\"3\u00a0Minuten\" \/>\n<script type=\"application\/ld+json\" class=\"yoast-schema-graph\">{\"@context\":\"https:\/\/schema.org\",\"@graph\":[{\"@type\":\"WebPage\",\"@id\":\"https:\/\/mybreathmymusic.com\/eyeplaymusic\",\"url\":\"https:\/\/mybreathmymusic.com\/eyeplaymusic\",\"name\":\"EyePlayMusic | My Breath My Music\",\"isPartOf\":{\"@id\":\"https:\/\/mybreathmymusic.com\/en\/#website\"},\"datePublished\":\"2018-04-27T07:01:30+00:00\",\"dateModified\":\"2025-04-18T07:03:42+00:00\",\"description\":\"Muziek maken met je ogen! Onze software is gratis. Oogbesturing is een alternatieve methode voor de bediening van computers, ontwikkeld voor mensen met zeer beperkte bewegingsmogelijkheden.\",\"breadcrumb\":{\"@id\":\"https:\/\/mybreathmymusic.com\/eyeplaymusic#breadcrumb\"},\"inLanguage\":\"de\",\"potentialAction\":[{\"@type\":\"ReadAction\",\"target\":[\"https:\/\/mybreathmymusic.com\/eyeplaymusic\"]}]},{\"@type\":\"BreadcrumbList\",\"@id\":\"https:\/\/mybreathmymusic.com\/eyeplaymusic#breadcrumb\",\"itemListElement\":[{\"@type\":\"ListItem\",\"position\":1,\"name\":\"Home\",\"item\":\"https:\/\/mybreathmymusic.com\/\"},{\"@type\":\"ListItem\",\"position\":2,\"name\":\"EyePlayMusic\"}]},{\"@type\":\"WebSite\",\"@id\":\"https:\/\/mybreathmymusic.com\/en\/#website\",\"url\":\"https:\/\/mybreathmymusic.com\/en\/\",\"name\":\"My Breath My Music -*- Stichting\",\"description\":\"Muziekinstrumenten voor kinderen met een beperking\",\"publisher\":{\"@id\":\"https:\/\/mybreathmymusic.com\/en\/#organization\"},\"potentialAction\":[{\"@type\":\"SearchAction\",\"target\":{\"@type\":\"EntryPoint\",\"urlTemplate\":\"https:\/\/mybreathmymusic.com\/en\/?s={search_term_string}\"},\"query-input\":{\"@type\":\"PropertyValueSpecification\",\"valueRequired\":true,\"valueName\":\"search_term_string\"}}],\"inLanguage\":\"de\"},{\"@type\":\"Organization\",\"@id\":\"https:\/\/mybreathmymusic.com\/en\/#organization\",\"name\":\"Stichting My Breath My Music\",\"url\":\"https:\/\/mybreathmymusic.com\/en\/\",\"logo\":{\"@type\":\"ImageObject\",\"inLanguage\":\"de\",\"@id\":\"https:\/\/mybreathmymusic.com\/en\/#\/schema\/logo\/image\/\",\"url\":\"https:\/\/mybreathmymusic.com\/wp-content\/uploads\/2016\/04\/logo_mbmm.gif\",\"contentUrl\":\"https:\/\/mybreathmymusic.com\/wp-content\/uploads\/2016\/04\/logo_mbmm.gif\",\"width\":250,\"height\":84,\"caption\":\"Stichting My Breath My Music\"},\"image\":{\"@id\":\"https:\/\/mybreathmymusic.com\/en\/#\/schema\/logo\/image\/\"},\"sameAs\":[\"https:\/\/www.facebook.com\/MyBreathMyMusic\/\"]}]}<\/script>\n<!-- \/ Yoast SEO plugin. -->","yoast_head_json":{"title":"EyePlayMusic | My Breath My Music","description":"Muziek maken met je ogen! Onze software is gratis. Oogbesturing is een alternatieve methode voor de bediening van computers, ontwikkeld voor mensen met zeer beperkte bewegingsmogelijkheden.","robots":{"index":"index","follow":"follow","max-snippet":"max-snippet:-1","max-image-preview":"max-image-preview:large","max-video-preview":"max-video-preview:-1"},"canonical":"https:\/\/mybreathmymusic.com\/de\/eyeplaymusic","og_locale":"de_DE","og_type":"article","og_title":"EyePlayMusic","og_description":"Muziek maken met je ogen! \"Eye play music\" zo heet onze gratis software voor de Windows-pc.","og_url":"https:\/\/mybreathmymusic.com\/eyeplaymusic","og_site_name":"My Breath My Music","article_publisher":"https:\/\/www.facebook.com\/MyBreathMyMusic\/","article_modified_time":"2025-04-18T07:03:42+00:00","og_image":[{"width":423,"height":565,"url":"https:\/\/mybreathmymusic.com\/wp-content\/uploads\/2018\/04\/eyegaze.png","type":"image\/png"}],"twitter_card":"summary_large_image","twitter_misc":{"Gesch\u00e4tzte Lesezeit":"3\u00a0Minuten"},"schema":{"@context":"https:\/\/schema.org","@graph":[{"@type":"WebPage","@id":"https:\/\/mybreathmymusic.com\/eyeplaymusic","url":"https:\/\/mybreathmymusic.com\/eyeplaymusic","name":"EyePlayMusic | My Breath My Music","isPartOf":{"@id":"https:\/\/mybreathmymusic.com\/en\/#website"},"datePublished":"2018-04-27T07:01:30+00:00","dateModified":"2025-04-18T07:03:42+00:00","description":"Muziek maken met je ogen! Onze software is gratis. Oogbesturing is een alternatieve methode voor de bediening van computers, ontwikkeld voor mensen met zeer beperkte bewegingsmogelijkheden.","breadcrumb":{"@id":"https:\/\/mybreathmymusic.com\/eyeplaymusic#breadcrumb"},"inLanguage":"de","potentialAction":[{"@type":"ReadAction","target":["https:\/\/mybreathmymusic.com\/eyeplaymusic"]}]},{"@type":"BreadcrumbList","@id":"https:\/\/mybreathmymusic.com\/eyeplaymusic#breadcrumb","itemListElement":[{"@type":"ListItem","position":1,"name":"Home","item":"https:\/\/mybreathmymusic.com\/"},{"@type":"ListItem","position":2,"name":"EyePlayMusic"}]},{"@type":"WebSite","@id":"https:\/\/mybreathmymusic.com\/en\/#website","url":"https:\/\/mybreathmymusic.com\/en\/","name":"My Breath My Music -*- Stichting","description":"Muziekinstrumenten voor kinderen met een beperking","publisher":{"@id":"https:\/\/mybreathmymusic.com\/en\/#organization"},"potentialAction":[{"@type":"SearchAction","target":{"@type":"EntryPoint","urlTemplate":"https:\/\/mybreathmymusic.com\/en\/?s={search_term_string}"},"query-input":{"@type":"PropertyValueSpecification","valueRequired":true,"valueName":"search_term_string"}}],"inLanguage":"de"},{"@type":"Organization","@id":"https:\/\/mybreathmymusic.com\/en\/#organization","name":"Stichting My Breath My Music","url":"https:\/\/mybreathmymusic.com\/en\/","logo":{"@type":"ImageObject","inLanguage":"de","@id":"https:\/\/mybreathmymusic.com\/en\/#\/schema\/logo\/image\/","url":"https:\/\/mybreathmymusic.com\/wp-content\/uploads\/2016\/04\/logo_mbmm.gif","contentUrl":"https:\/\/mybreathmymusic.com\/wp-content\/uploads\/2016\/04\/logo_mbmm.gif","width":250,"height":84,"caption":"Stichting My Breath My Music"},"image":{"@id":"https:\/\/mybreathmymusic.com\/en\/#\/schema\/logo\/image\/"},"sameAs":["https:\/\/www.facebook.com\/MyBreathMyMusic\/"]}]}},"_links":{"self":[{"href":"https:\/\/mybreathmymusic.com\/de\/wp-json\/wp\/v2\/pages\/676","targetHints":{"allow":["GET"]}}],"collection":[{"href":"https:\/\/mybreathmymusic.com\/de\/wp-json\/wp\/v2\/pages"}],"about":[{"href":"https:\/\/mybreathmymusic.com\/de\/wp-json\/wp\/v2\/types\/page"}],"author":[{"embeddable":true,"href":"https:\/\/mybreathmymusic.com\/de\/wp-json\/wp\/v2\/users\/4"}],"replies":[{"embeddable":true,"href":"https:\/\/mybreathmymusic.com\/de\/wp-json\/wp\/v2\/comments?post=676"}],"version-history":[{"count":11,"href":"https:\/\/mybreathmymusic.com\/de\/wp-json\/wp\/v2\/pages\/676\/revisions"}],"predecessor-version":[{"id":2647,"href":"https:\/\/mybreathmymusic.com\/de\/wp-json\/wp\/v2\/pages\/676\/revisions\/2647"}],"wp:attachment":[{"href":"https:\/\/mybreathmymusic.com\/de\/wp-json\/wp\/v2\/media?parent=676"}],"wp:term":[{"taxonomy":"category","embeddable":true,"href":"https:\/\/mybreathmymusic.com\/de\/wp-json\/wp\/v2\/categories?post=676"},{"taxonomy":"post_tag","embeddable":true,"href":"https:\/\/mybreathmymusic.com\/de\/wp-json\/wp\/v2\/tags?post=676"}],"curies":[{"name":"wp","href":"https:\/\/api.w.org\/{rel}","templated":true}]}}