{"id":376,"date":"2016-05-24T10:35:18","date_gmt":"2016-05-24T08:35:18","guid":{"rendered":"http:\/\/mybreathmymusic.com\/?page_id=376"},"modified":"2021-03-29T22:04:34","modified_gmt":"2021-03-29T20:04:34","slug":"verander-uw-computer-in-een-magic-flute-geluidsmodule","status":"publish","type":"page","link":"https:\/\/mybreathmymusic.com\/de\/verander-uw-computer-in-een-magic-flute-geluidsmodule","title":{"rendered":"Verwandeln Sie Ihren Computer in ein Soundmodul f\u00fcr die Magic Flute"},"content":{"rendered":"<p><\/p>\n<h2>F\u00fcr weniger als \u20ac35,00<\/h2>\n<p>Ein Soundmodul ist ein elektronisches Instrument ohne eine Interface, mit dem man direkt spielen kann wie z.B. auf einem Keyboard. Soundmodule m\u00fcssen \u00fcber einen externes, an das Modul angeschlossenes Ger\u00e4t &#8222;angespielt&#8220; werden. Dieses Ger\u00e4t ist bei uns die Magic Flute.<\/p>\n<p>Die Verbindungen zwischen die Soundmodul und der Magic Flute werden \u00fcber MIDI (Musical Instrument Digital Interface) realisiert, einem Standardprotokoll, das speziell f\u00fcr diese Zwecke vorgesehen ist.<\/p>\n<p style=\"padding-left: 30px;\">1.\u00a0<strong>Schritt 1<\/strong><br \/>\nZuallererst ben\u00f6tigt man ein Plug &amp; Play MIDI-USB-Kabel. Wir empfehlen das MIDImate II, wobei es auch andere gute Kabel auf dem Markt gibt.<\/p>\n<p style=\"padding-left: 30px;\"><img loading=\"lazy\" decoding=\"async\" class=\"alignnone wp-image-209\" src=\"\/wp-content\/uploads\/2016\/04\/midimate.jpg\" alt=\"midimate\" width=\"576\" height=\"391\" srcset=\"https:\/\/mybreathmymusic.com\/wp-content\/uploads\/2016\/04\/midimate.jpg 600w, https:\/\/mybreathmymusic.com\/wp-content\/uploads\/2016\/04\/midimate-300x204.jpg 300w\" sizes=\"auto, (max-width: 576px) 100vw, 576px\" \/><\/p>\n<p style=\"padding-left: 30px;\">2.\u00a0<strong>Schritt 2<\/strong><br \/>\nLaden sie die Freeware <a href=\"http:\/\/www.asio4all.com\/\" target=\"_blank\" rel=\"noopener\">ASIO4ALL<\/a> herunter, die sie auf ihrem Rechner installieren. Audio Stream Input\/Output (ASIO) ist ein Treiberprotokoll f\u00fcr Computersoundkarten f\u00fcr digitale Audioanwendungen von Steinbgerg und stellt eine Verbindung zwischen der Software und Computersoundkarte her, wobei geringe Latenzen und hohe Wiedergabetreue gew\u00e4hrleistet werden.<\/p>\n<p style=\"padding-left: 30px;\">3.<strong> Schritt 3<\/strong><br \/>\nLaden sie den <a href=\"http:\/\/www.native-instruments.com\/\" target=\"_blank\" rel=\"noopener\">KONTAKT PLAYER<\/a> herunter, den Sie anschlie\u00dfend installieren. Dieser kostenlose Sampleplayer basiert auf der preisgekr\u00f6nten KONTAKT-Technologie.<\/p>\n<p style=\"padding-left: 30px;\"><img loading=\"lazy\" decoding=\"async\" class=\"alignnone wp-image-205\" src=\"\/wp-content\/uploads\/2016\/04\/kontakt_player.jpg\" alt=\"kontakt_player\" width=\"576\" height=\"439\" srcset=\"https:\/\/mybreathmymusic.com\/wp-content\/uploads\/2016\/04\/kontakt_player.jpg 600w, https:\/\/mybreathmymusic.com\/wp-content\/uploads\/2016\/04\/kontakt_player-300x229.jpg 300w\" sizes=\"auto, (max-width: 576px) 100vw, 576px\" \/><\/p>\n<p style=\"padding-left: 30px;\">4.<strong> Schritt 4<\/strong><br \/>\nLaden Sie die kostenlose <a href=\"http:\/\/www.native-instruments.com\/\" target=\"_blank\" rel=\"noopener\">KONTAKT FACTORY SELECTION<\/a> Bibliothek herunter, die nach der Installation im KONTAKT PLAYER zur Verf\u00fcgung steht. Der Standardinstallationspfad lautet: C:\\Program Files\\Native Instruments\\libraries<\/p>\n<p style=\"padding-left: 30px;\"><img loading=\"lazy\" decoding=\"async\" class=\"alignnone wp-image-211\" src=\"\/wp-content\/uploads\/2016\/04\/mrsax.jpg\" alt=\"mrsax\" width=\"576\" height=\"407\" srcset=\"https:\/\/mybreathmymusic.com\/wp-content\/uploads\/2016\/04\/mrsax.jpg 600w, https:\/\/mybreathmymusic.com\/wp-content\/uploads\/2016\/04\/mrsax-300x212.jpg 300w\" sizes=\"auto, (max-width: 576px) 100vw, 576px\" \/><\/p>\n<p style=\"padding-left: 30px;\">5.<strong> Schritt 5<\/strong><br \/>\n\u00d6ffnen Sie den KONTAKT PLAYER und navigieren Sie zu FILE\/OPTIONS.<br \/>\nIm Reiter TAB AUDIO w\u00e4hlen sie als Treiber: ASIO und als Ger\u00e4t: ASIO4ALL<br \/>\nIm Reiter TAB MIDI w\u00e4hlen sie USB MIDI und schlaten von &#8222;off&#8220; zu &#8222;on&#8220;.<br \/>\nVergessen Sie nicht, die Bibliothek zu aktivieren.<br \/>\nZur Aktivierung m\u00fcssen Sie sich anmelden.<br \/>\nEinen Aktivierungscode f\u00fcr die KONTAKT FACTORY SELECTION erhalten Sie per E-Mail.<\/p>\n<p>* Ein Sampler ist ein elektronisches Musikinstrument, das in mancher Hinsicht einem Synthesizer \u00e4hnelt. Aber statt Kl\u00e4nge zu generieren, werden bei einem Sampler Aufnahmen von Kl\u00e4ngen verwendet, die vom Benutzer geladen oder vorher selbst aufgenommen wurden und dann mit einem Keyboard oder anderem MIDI-Controller abgespielt werden.<\/p>\n<hr \/>\n<h2>Workshop Magic Flute<\/h2>\n<p>1. <a href=\"\/de\/improviseren-op-de-magic-flute\">Improvisation auf der Magic Flute<\/a><br \/>\n2. <a href=\"\/de\/toon-keuze-en-toon-gebruik\">Wahl der richtigen Tonleiter und Umgang mit Noten<\/a><br \/>\n3.\u00a0<a href=\"\/de\/liedjes-spelen-voor-beginners\">Wie spiele ich ein Lied? Eine Anleitung f\u00fcr Anf\u00e4nger<\/a><br \/>\n4.\u00a0<a href=\"\/de\/de-kracht-van-de-pentatonische-toonladder\">Die Macht der pentatonischen Tonleiter<\/a><br \/>\n5.\u00a0<a href=\"\/de\/verander-uw-computer-in-een-magic-flute-geluidsmodule\">Verwandeln Sie Ihren Computer in ein Soundmodul f\u00fcr die Magic Flute<\/a><br \/>\n6.\u00a0<a href=\"\/de\/pimp-je-schakelaar\">&#8222;Pimp your Switch&#8220;<\/a><br \/>\n7.\u00a0<a href=\"\/de\/werken-met-de-ipad-in-combinatie-met-de-magic-flute\">Die Magic Flute Im Zusammenspiel mit dem iPad<\/a><\/p>","protected":false},"excerpt":{"rendered":"<p>F\u00fcr weniger als \u20ac35,00 Ein Soundmodul ist ein elektronisches Instrument ohne eine Interface, mit dem man direkt spielen kann wie z.B. auf einem Keyboard. Soundmodule m\u00fcssen \u00fcber einen externes, an das Modul angeschlossenes Ger\u00e4t &#8222;angespielt&#8220; werden. Dieses Ger\u00e4t ist bei uns die Magic Flute. Die Verbindungen zwischen die Soundmodul und der Magic Flute werden \u00fcber [&hellip;]<\/p>\n","protected":false},"author":7,"featured_media":0,"parent":0,"menu_order":0,"comment_status":"closed","ping_status":"closed","template":"","meta":{"_exactmetrics_skip_tracking":false,"_exactmetrics_sitenote_active":false,"_exactmetrics_sitenote_note":"","_exactmetrics_sitenote_category":0,"footnotes":""},"categories":[],"tags":[],"class_list":["post-376","page","type-page","status-publish","hentry"],"yoast_head":"<!-- This site is optimized with the Yoast SEO plugin v26.5 - https:\/\/yoast.com\/wordpress\/plugins\/seo\/ -->\n<title>Verwandeln Sie Ihren Computer in ein Soundmodul f\u00fcr die Magic Flute | My Breath My Music<\/title>\n<meta name=\"robots\" content=\"index, follow, max-snippet:-1, max-image-preview:large, max-video-preview:-1\" \/>\n<link rel=\"canonical\" href=\"https:\/\/mybreathmymusic.com\/de\/verander-uw-computer-in-een-magic-flute-geluidsmodule\" \/>\n<meta property=\"og:locale\" content=\"de_DE\" \/>\n<meta property=\"og:type\" content=\"article\" \/>\n<meta property=\"og:title\" content=\"Verwandeln Sie Ihren Computer in ein Soundmodul f\u00fcr die Magic Flute | My Breath My Music\" \/>\n<meta property=\"og:description\" content=\"F\u00fcr weniger als \u20ac35,00 Ein Soundmodul ist ein elektronisches Instrument ohne eine Interface, mit dem man direkt spielen kann wie z.B. auf einem Keyboard. Soundmodule m\u00fcssen \u00fcber einen externes, an das Modul angeschlossenes Ger\u00e4t &#8222;angespielt&#8220; werden. Dieses Ger\u00e4t ist bei uns die Magic Flute. Die Verbindungen zwischen die Soundmodul und der Magic Flute werden \u00fcber [&hellip;]\" \/>\n<meta property=\"og:url\" content=\"https:\/\/mybreathmymusic.com\/en\/verander-uw-computer-in-een-magic-flute-geluidsmodule\" \/>\n<meta property=\"og:site_name\" content=\"My Breath My Music\" \/>\n<meta property=\"article:publisher\" content=\"https:\/\/www.facebook.com\/MyBreathMyMusic\/\" \/>\n<meta property=\"article:modified_time\" content=\"2021-03-29T20:04:34+00:00\" \/>\n<meta property=\"og:image\" content=\"https:\/\/mybreathmymusic.com\/wp-content\/uploads\/2016\/04\/midimate.jpg\" \/>\n<meta name=\"twitter:card\" content=\"summary_large_image\" \/>\n<meta name=\"twitter:label1\" content=\"Gesch\u00e4tzte Lesezeit\" \/>\n\t<meta name=\"twitter:data1\" content=\"5\u00a0Minuten\" \/>\n<script type=\"application\/ld+json\" class=\"yoast-schema-graph\">{\"@context\":\"https:\/\/schema.org\",\"@graph\":[{\"@type\":\"WebPage\",\"@id\":\"https:\/\/mybreathmymusic.com\/en\/verander-uw-computer-in-een-magic-flute-geluidsmodule\",\"url\":\"https:\/\/mybreathmymusic.com\/en\/verander-uw-computer-in-een-magic-flute-geluidsmodule\",\"name\":\"Verwandeln Sie Ihren Computer in ein Soundmodul f\u00fcr die Magic Flute | My Breath My Music\",\"isPartOf\":{\"@id\":\"https:\/\/mybreathmymusic.com\/en\/#website\"},\"datePublished\":\"2016-05-24T08:35:18+00:00\",\"dateModified\":\"2021-03-29T20:04:34+00:00\",\"breadcrumb\":{\"@id\":\"https:\/\/mybreathmymusic.com\/en\/verander-uw-computer-in-een-magic-flute-geluidsmodule#breadcrumb\"},\"inLanguage\":\"de\",\"potentialAction\":[{\"@type\":\"ReadAction\",\"target\":[\"https:\/\/mybreathmymusic.com\/en\/verander-uw-computer-in-een-magic-flute-geluidsmodule\"]}]},{\"@type\":\"BreadcrumbList\",\"@id\":\"https:\/\/mybreathmymusic.com\/en\/verander-uw-computer-in-een-magic-flute-geluidsmodule#breadcrumb\",\"itemListElement\":[{\"@type\":\"ListItem\",\"position\":1,\"name\":\"Home\",\"item\":\"https:\/\/mybreathmymusic.com\/\"},{\"@type\":\"ListItem\",\"position\":2,\"name\":\"Magic Flute Workshop\"}]},{\"@type\":\"WebSite\",\"@id\":\"https:\/\/mybreathmymusic.com\/en\/#website\",\"url\":\"https:\/\/mybreathmymusic.com\/en\/\",\"name\":\"My Breath My Music -*- Stichting\",\"description\":\"Muziekinstrumenten voor kinderen met een beperking\",\"publisher\":{\"@id\":\"https:\/\/mybreathmymusic.com\/en\/#organization\"},\"potentialAction\":[{\"@type\":\"SearchAction\",\"target\":{\"@type\":\"EntryPoint\",\"urlTemplate\":\"https:\/\/mybreathmymusic.com\/en\/?s={search_term_string}\"},\"query-input\":{\"@type\":\"PropertyValueSpecification\",\"valueRequired\":true,\"valueName\":\"search_term_string\"}}],\"inLanguage\":\"de\"},{\"@type\":\"Organization\",\"@id\":\"https:\/\/mybreathmymusic.com\/en\/#organization\",\"name\":\"Stichting My Breath My Music\",\"url\":\"https:\/\/mybreathmymusic.com\/en\/\",\"logo\":{\"@type\":\"ImageObject\",\"inLanguage\":\"de\",\"@id\":\"https:\/\/mybreathmymusic.com\/en\/#\/schema\/logo\/image\/\",\"url\":\"https:\/\/mybreathmymusic.com\/wp-content\/uploads\/2016\/04\/logo_mbmm.gif\",\"contentUrl\":\"https:\/\/mybreathmymusic.com\/wp-content\/uploads\/2016\/04\/logo_mbmm.gif\",\"width\":250,\"height\":84,\"caption\":\"Stichting My Breath My Music\"},\"image\":{\"@id\":\"https:\/\/mybreathmymusic.com\/en\/#\/schema\/logo\/image\/\"},\"sameAs\":[\"https:\/\/www.facebook.com\/MyBreathMyMusic\/\"]}]}<\/script>\n<!-- \/ Yoast SEO plugin. -->","yoast_head_json":{"title":"Verwandeln Sie Ihren Computer in ein Soundmodul f\u00fcr die Magic Flute | My Breath My Music","robots":{"index":"index","follow":"follow","max-snippet":"max-snippet:-1","max-image-preview":"max-image-preview:large","max-video-preview":"max-video-preview:-1"},"canonical":"https:\/\/mybreathmymusic.com\/de\/verander-uw-computer-in-een-magic-flute-geluidsmodule","og_locale":"de_DE","og_type":"article","og_title":"Verwandeln Sie Ihren Computer in ein Soundmodul f\u00fcr die Magic Flute | My Breath My Music","og_description":"F\u00fcr weniger als \u20ac35,00 Ein Soundmodul ist ein elektronisches Instrument ohne eine Interface, mit dem man direkt spielen kann wie z.B. auf einem Keyboard. Soundmodule m\u00fcssen \u00fcber einen externes, an das Modul angeschlossenes Ger\u00e4t &#8222;angespielt&#8220; werden. Dieses Ger\u00e4t ist bei uns die Magic Flute. Die Verbindungen zwischen die Soundmodul und der Magic Flute werden \u00fcber [&hellip;]","og_url":"https:\/\/mybreathmymusic.com\/en\/verander-uw-computer-in-een-magic-flute-geluidsmodule","og_site_name":"My Breath My Music","article_publisher":"https:\/\/www.facebook.com\/MyBreathMyMusic\/","article_modified_time":"2021-03-29T20:04:34+00:00","og_image":[{"url":"https:\/\/mybreathmymusic.com\/wp-content\/uploads\/2016\/04\/midimate.jpg","type":"","width":"","height":""}],"twitter_card":"summary_large_image","twitter_misc":{"Gesch\u00e4tzte Lesezeit":"5\u00a0Minuten"},"schema":{"@context":"https:\/\/schema.org","@graph":[{"@type":"WebPage","@id":"https:\/\/mybreathmymusic.com\/en\/verander-uw-computer-in-een-magic-flute-geluidsmodule","url":"https:\/\/mybreathmymusic.com\/en\/verander-uw-computer-in-een-magic-flute-geluidsmodule","name":"Verwandeln Sie Ihren Computer in ein Soundmodul f\u00fcr die Magic Flute | My Breath My Music","isPartOf":{"@id":"https:\/\/mybreathmymusic.com\/en\/#website"},"datePublished":"2016-05-24T08:35:18+00:00","dateModified":"2021-03-29T20:04:34+00:00","breadcrumb":{"@id":"https:\/\/mybreathmymusic.com\/en\/verander-uw-computer-in-een-magic-flute-geluidsmodule#breadcrumb"},"inLanguage":"de","potentialAction":[{"@type":"ReadAction","target":["https:\/\/mybreathmymusic.com\/en\/verander-uw-computer-in-een-magic-flute-geluidsmodule"]}]},{"@type":"BreadcrumbList","@id":"https:\/\/mybreathmymusic.com\/en\/verander-uw-computer-in-een-magic-flute-geluidsmodule#breadcrumb","itemListElement":[{"@type":"ListItem","position":1,"name":"Home","item":"https:\/\/mybreathmymusic.com\/"},{"@type":"ListItem","position":2,"name":"Magic Flute Workshop"}]},{"@type":"WebSite","@id":"https:\/\/mybreathmymusic.com\/en\/#website","url":"https:\/\/mybreathmymusic.com\/en\/","name":"My Breath My Music -*- Stichting","description":"Muziekinstrumenten voor kinderen met een beperking","publisher":{"@id":"https:\/\/mybreathmymusic.com\/en\/#organization"},"potentialAction":[{"@type":"SearchAction","target":{"@type":"EntryPoint","urlTemplate":"https:\/\/mybreathmymusic.com\/en\/?s={search_term_string}"},"query-input":{"@type":"PropertyValueSpecification","valueRequired":true,"valueName":"search_term_string"}}],"inLanguage":"de"},{"@type":"Organization","@id":"https:\/\/mybreathmymusic.com\/en\/#organization","name":"Stichting My Breath My Music","url":"https:\/\/mybreathmymusic.com\/en\/","logo":{"@type":"ImageObject","inLanguage":"de","@id":"https:\/\/mybreathmymusic.com\/en\/#\/schema\/logo\/image\/","url":"https:\/\/mybreathmymusic.com\/wp-content\/uploads\/2016\/04\/logo_mbmm.gif","contentUrl":"https:\/\/mybreathmymusic.com\/wp-content\/uploads\/2016\/04\/logo_mbmm.gif","width":250,"height":84,"caption":"Stichting My Breath My Music"},"image":{"@id":"https:\/\/mybreathmymusic.com\/en\/#\/schema\/logo\/image\/"},"sameAs":["https:\/\/www.facebook.com\/MyBreathMyMusic\/"]}]}},"_links":{"self":[{"href":"https:\/\/mybreathmymusic.com\/de\/wp-json\/wp\/v2\/pages\/376","targetHints":{"allow":["GET"]}}],"collection":[{"href":"https:\/\/mybreathmymusic.com\/de\/wp-json\/wp\/v2\/pages"}],"about":[{"href":"https:\/\/mybreathmymusic.com\/de\/wp-json\/wp\/v2\/types\/page"}],"author":[{"embeddable":true,"href":"https:\/\/mybreathmymusic.com\/de\/wp-json\/wp\/v2\/users\/7"}],"replies":[{"embeddable":true,"href":"https:\/\/mybreathmymusic.com\/de\/wp-json\/wp\/v2\/comments?post=376"}],"version-history":[{"count":0,"href":"https:\/\/mybreathmymusic.com\/de\/wp-json\/wp\/v2\/pages\/376\/revisions"}],"wp:attachment":[{"href":"https:\/\/mybreathmymusic.com\/de\/wp-json\/wp\/v2\/media?parent=376"}],"wp:term":[{"taxonomy":"category","embeddable":true,"href":"https:\/\/mybreathmymusic.com\/de\/wp-json\/wp\/v2\/categories?post=376"},{"taxonomy":"post_tag","embeddable":true,"href":"https:\/\/mybreathmymusic.com\/de\/wp-json\/wp\/v2\/tags?post=376"}],"curies":[{"name":"wp","href":"https:\/\/api.w.org\/{rel}","templated":true}]}}