{"id":373,"date":"2016-05-24T10:17:03","date_gmt":"2016-05-24T08:17:03","guid":{"rendered":"http:\/\/mybreathmymusic.com\/?page_id=373"},"modified":"2022-08-14T11:59:39","modified_gmt":"2022-08-14T09:59:39","slug":"de-kracht-van-de-pentatonische-toonladder","status":"publish","type":"page","link":"https:\/\/mybreathmymusic.com\/de\/de-kracht-van-de-pentatonische-toonladder","title":{"rendered":"Die Macht der pentatonischen Tonleiter"},"content":{"rendered":"<p><\/p>\n<h2>Die pentatonische Tonleiter besteht aus f\u00fcnf T\u00f6nen.<\/h2>\n<p>Sie nimmt einen besonderen Platz in unseren Workshops ein. Pentatonik und Magic Flute scheinen wie f\u00fcr einander geschaffen. Musik zu machen, die wirklich gut klingt, war noch nie so einfach. Warum? Lassen Sie uns mit den Grundlagen beginnen: Die pentatonische Tonleiter, die wir verwenden, hat keine Halbtonschritte. Darum klingt Musik mit dieser Tonleiter so nat\u00fcrlich und angenehm, alle Noten passen einfach gut zusammen. Es ist gro\u00dfartig, mit der Tonleiter zu improvisiren, die immer gut klingt. Schon ein Vierj\u00e4hriger kann damit ganz einfach eine Melodie erfinden.<\/p>\n<p>In dieser Tonleiter liegt sehr viel mehr verborgen. Der Lehrer oder Betreuer wird sich eventuell zus\u00e4tzliches Wissen aneignen m\u00fcssen. Aber ist das schwierig oder langweilig? Nein!<\/p>\n<p><strong>F\u00fcr wen ist dieser Workshop gedacht?<\/strong><br \/>\nIn erster Linie f\u00fcr Lehrer, aber auch f\u00fcr Musiktherapeuten und andere Betreuer. Nat\u00fcrlich auch f\u00fcr Spieler der Magic Flute, die den Computer zum Komponieren verwenden oder in einer Band spielen.<\/p>\n<p>Wie gesagt warden wir in diesem Workshop die pentatonische Tonleiter verwendet. Die vierte Tonleiter auf der Magic Flute ist eine solche pentatonische Tonleiter.<\/p>\n<p><strong>\u2028Tonleiter 4 Blues 1<\/strong><br \/>\nG3 A3 C4 D4 E4 G4 A4 C5 D5 E5 G5 A5<\/p>\n<p><strong>Wichtig<\/strong><br \/>\nMit dieser Tonleiter kann man sowohl in Moll als auch in Dur spielen. Sehen wir uns das mal an:<\/p>\n<p><strong>Am pentatonisch<\/strong><br \/>\nG3 A3 C4 D4 E4 G4 A4 C5 D5 E5 G5 A5&#8230;<br \/>\n<strong>C pentatonisch<\/strong><br \/>\nG3 A3 C4 D4 E4 G4 A4 C5 D5 E5 G5 A5&#8230;<\/p>\n<p>Auf der Klaviertastatur sieht das folgenderma\u00dfen aus:<\/p>\n<p><img decoding=\"async\" class=\"alignnone wp-image-214\" src=\"\/wp-content\/uploads\/2016\/04\/penta.png\" alt=\"penta\" width=\"600\" height=\"101.16\" srcset=\"https:\/\/mybreathmymusic.com\/wp-content\/uploads\/2016\/04\/penta.png 688w, https:\/\/mybreathmymusic.com\/wp-content\/uploads\/2016\/04\/penta-300x51.png 300w\" sizes=\"(max-width: 688px) 100vw, 688px\" \/><\/p>\n<p>Diese Lektion behandelt die Akkorde, die man mit pentatonischen Tonleitern verwenden kann. Aber erst einmal sehen wir uns dieses Video an.<\/p>\n<p><iframe loading=\"lazy\" title=\"Akkoord gebruik bij de pentatonische toonladder\" width=\"500\" height=\"375\" src=\"https:\/\/www.youtube.com\/embed\/pmMpDAZsIos?feature=oembed\" frameborder=\"0\" allow=\"accelerometer; autoplay; clipboard-write; encrypted-media; gyroscope; picture-in-picture; web-share\" referrerpolicy=\"strict-origin-when-cross-origin\" allowfullscreen><\/iframe><\/p>\n<h2>1. Improvisation in Am<\/h2>\n<p>Im ersten Teil des Videos verwenden wir folgende drei Akkorde:<\/p>\n<p>Am \u2013 Dm \u2013 Em<\/p>\n<p><img decoding=\"async\" class=\"alignnone wp-image-177\" src=\"\/wp-content\/uploads\/2016\/04\/Am.png\" alt=\"Am\" width=\"600\" height=\"101.16\" srcset=\"https:\/\/mybreathmymusic.com\/wp-content\/uploads\/2016\/04\/Am.png 688w, https:\/\/mybreathmymusic.com\/wp-content\/uploads\/2016\/04\/Am-300x51.png 300w\" sizes=\"(max-width: 688px) 100vw, 688px\" \/><\/p>\n<p>Am<\/p>\n<p><img decoding=\"async\" class=\"alignnone wp-image-191\" src=\"\/wp-content\/uploads\/2016\/04\/Dm.png\" alt=\"Dm\" width=\"600\" height=\"101.88\" srcset=\"https:\/\/mybreathmymusic.com\/wp-content\/uploads\/2016\/04\/Dm.png 689w, https:\/\/mybreathmymusic.com\/wp-content\/uploads\/2016\/04\/Dm-300x51.png 300w\" sizes=\"(max-width: 689px) 100vw, 689px\" \/><\/p>\n<p>Dm<\/p>\n<p><img decoding=\"async\" class=\"alignnone wp-image-196\" src=\"\/wp-content\/uploads\/2016\/04\/Em.png\" alt=\"Em\" width=\"600\" height=\"101.16\" srcset=\"https:\/\/mybreathmymusic.com\/wp-content\/uploads\/2016\/04\/Em.png 688w, https:\/\/mybreathmymusic.com\/wp-content\/uploads\/2016\/04\/Em-300x51.png 300w\" sizes=\"(max-width: 688px) 100vw, 688px\" \/><\/p>\n<p>Em<\/p>\n<p>Man muss jedoch nicht immer genau drei Akkorde benutzen. Es geht mit Am alleine genauso wie mit zwei Akkorden, z.B. am ehesten Am und Dm.<\/p>\n<h2>2. Improvisation in A<\/h2>\n<p>Im zweiten Teil des Videos verwenden wir folgende drei Akkorde:<br \/>\nA \u2013 D \u2013 E<\/p>\n<p><img loading=\"lazy\" decoding=\"async\" class=\"alignnone wp-image-174\" src=\"\/wp-content\/uploads\/2016\/04\/A.png\" alt=\"A\" width=\"600\" height=\"102\" srcset=\"https:\/\/mybreathmymusic.com\/wp-content\/uploads\/2016\/04\/A.png 688w, https:\/\/mybreathmymusic.com\/wp-content\/uploads\/2016\/04\/A-300x51.png 300w\" sizes=\"auto, (max-width: 600px) 100vw, 600px\" \/><\/p>\n<p>A<\/p>\n<p><img loading=\"lazy\" decoding=\"async\" class=\"alignnone wp-image-190\" src=\"\/wp-content\/uploads\/2016\/04\/D.png\" alt=\"D\" width=\"600\" height=\"101\" srcset=\"https:\/\/mybreathmymusic.com\/wp-content\/uploads\/2016\/04\/D.png 686w, https:\/\/mybreathmymusic.com\/wp-content\/uploads\/2016\/04\/D-300x50.png 300w\" sizes=\"auto, (max-width: 600px) 100vw, 600px\" \/><\/p>\n<p>D<\/p>\n<p><img loading=\"lazy\" decoding=\"async\" class=\"alignnone wp-image-195\" src=\"\/wp-content\/uploads\/2016\/04\/E.png\" alt=\"E\" width=\"600\" height=\"101\" srcset=\"https:\/\/mybreathmymusic.com\/wp-content\/uploads\/2016\/04\/E.png 686w, https:\/\/mybreathmymusic.com\/wp-content\/uploads\/2016\/04\/E-300x51.png 300w\" sizes=\"auto, (max-width: 600px) 100vw, 600px\" \/><\/p>\n<p>E<\/p>\n<p>Wir spielen Blues-Akkordfolgen. Normalerweise w\u00fcrden ein paar der Noten nicht so ganz passen, aber im Blues klingen sie einfach gut.<\/p>\n<h2>3. Improvisation in C<\/h2>\n<p>Im dritten Teil des Videos verwenden wir folgende drei Akkorde:<\/p>\n<p>C \u2013 F \u2013 G.<\/p>\n<p><img loading=\"lazy\" decoding=\"async\" class=\"alignnone wp-image-183\" src=\"\/wp-content\/uploads\/2016\/04\/C.png\" alt=\"C\" width=\"600\" height=\"102\" srcset=\"https:\/\/mybreathmymusic.com\/wp-content\/uploads\/2016\/04\/C.png 689w, https:\/\/mybreathmymusic.com\/wp-content\/uploads\/2016\/04\/C-300x51.png 300w\" sizes=\"auto, (max-width: 600px) 100vw, 600px\" \/><\/p>\n<p>C<\/p>\n<p><img loading=\"lazy\" decoding=\"async\" class=\"alignnone wp-image-201\" src=\"\/wp-content\/uploads\/2016\/04\/G.png\" alt=\"G\" width=\"600\" height=\"99\" srcset=\"https:\/\/mybreathmymusic.com\/wp-content\/uploads\/2016\/04\/G.png 688w, https:\/\/mybreathmymusic.com\/wp-content\/uploads\/2016\/04\/G-300x50.png 300w\" sizes=\"auto, (max-width: 600px) 100vw, 600px\" \/><\/p>\n<p>G<\/p>\n<p><img loading=\"lazy\" decoding=\"async\" class=\"alignnone wp-image-197\" src=\"\/wp-content\/uploads\/2016\/04\/F.png\" alt=\"F\" width=\"600\" height=\"102\" srcset=\"https:\/\/mybreathmymusic.com\/wp-content\/uploads\/2016\/04\/F.png 690w, https:\/\/mybreathmymusic.com\/wp-content\/uploads\/2016\/04\/F-300x51.png 300w\" sizes=\"auto, (max-width: 600px) 100vw, 600px\" \/><\/p>\n<p>F<\/p>\n<p>Viele Songs wurden mit diesen drei Akkorden geschrieben. Der Spieler der Magic Flute kann mit dieser Akkordfolge probemlos improvisieren. Sei es &#8222;Jingle Bells&#8220; oder &#8222;The Lion Sleeps Tonight&#8220;, es wird immer passen. Sogar ein Anf\u00e4nger auf seinem Instrument kann so in der Schulband spielen oder beim j\u00e4hrlichen Weihnachtskonzert teilnehmen.<\/p>\n<p><strong>Wichtig<\/strong><br \/>\nMit der pentatonischen Tonleiter kann man auf eine Vielzahl von Songs improvisieren.<\/p>\n<p>Aber bei C-F-G-Akkordfolgen k\u00f6nnen auch andere Akkorde passen. Am und Dm am ehesten. Bb ist hier auch noch m\u00f6glich.<\/p>\n<h2>4. Improvisation in Am7<\/h2>\n<p>Im vierten Teil des Videos verwenden wir mehrere Akkorde. Wir werden uns weiter unten anschauen, welche das sind. Die meisten dieser Akkorde bestehen aus vier Noten. Diese Sachen stammen aus der Jazz-Theorie.<\/p>\n<p>In dem Video spiele ich den Grundton des Akkordes mit der linken Hand. Den Akkord spiele ich mit der rechten Hand. Oft greife ich dabei die Akkordt\u00f6ne einzeln nacheinander. Mit dem Sustain-Pedal kann man das Ganze dann noch gut klingen lassen.<\/p>\n<p>Ich fange an mit der sehr verbreiteten Am7-Fm7-Dm7-Akkordfolge, an die ich einen der Akkorde unten anf\u00fcge. Ich h\u00f6re einfach, wie sie zusammen passen und achte auf die Klangfarbe der Akkorde. Das macht Spa\u00df und kann \u00fcberraschend und aufregend sein.<br \/>\nAm7 &#8211; Fmaj7 &#8211; Dm7 &#8211; Cmaj7 &#8211; Bbmaj7 &#8211; C9 &#8211; Gm7 &#8211; F#7alt.<\/p>\n<p><img loading=\"lazy\" decoding=\"async\" class=\"alignnone wp-image-178\" src=\"\/wp-content\/uploads\/2016\/04\/Am7.png\" alt=\"Am7\" width=\"600\" height=\"101\" srcset=\"https:\/\/mybreathmymusic.com\/wp-content\/uploads\/2016\/04\/Am7.png 688w, https:\/\/mybreathmymusic.com\/wp-content\/uploads\/2016\/04\/Am7-300x51.png 300w\" sizes=\"auto, (max-width: 600px) 100vw, 600px\" \/><\/p>\n<p>Am7<\/p>\n<p><img loading=\"lazy\" decoding=\"async\" class=\"alignnone wp-image-199\" src=\"\/wp-content\/uploads\/2016\/04\/Fmaj7.png\" alt=\"Fmaj7\" width=\"600\" height=\"102\" srcset=\"https:\/\/mybreathmymusic.com\/wp-content\/uploads\/2016\/04\/Fmaj7.png 690w, https:\/\/mybreathmymusic.com\/wp-content\/uploads\/2016\/04\/Fmaj7-300x51.png 300w\" sizes=\"auto, (max-width: 600px) 100vw, 600px\" \/><\/p>\n<p>Fmaj7<\/p>\n<p><img loading=\"lazy\" decoding=\"async\" class=\"alignnone wp-image-192\" src=\"\/wp-content\/uploads\/2016\/04\/Dm7.png\" alt=\"Dm7\" width=\"600\" height=\"102\" srcset=\"https:\/\/mybreathmymusic.com\/wp-content\/uploads\/2016\/04\/Dm7.png 689w, https:\/\/mybreathmymusic.com\/wp-content\/uploads\/2016\/04\/Dm7-300x51.png 300w\" sizes=\"auto, (max-width: 600px) 100vw, 600px\" \/><\/p>\n<p>Dm7<\/p>\n<p><img loading=\"lazy\" decoding=\"async\" class=\"alignnone wp-image-187\" src=\"\/wp-content\/uploads\/2016\/04\/Cmaj7.png\" alt=\"Cmaj7\" width=\"600\" height=\"102\" srcset=\"https:\/\/mybreathmymusic.com\/wp-content\/uploads\/2016\/04\/Cmaj7.png 689w, https:\/\/mybreathmymusic.com\/wp-content\/uploads\/2016\/04\/Cmaj7-300x51.png 300w\" sizes=\"auto, (max-width: 600px) 100vw, 600px\" \/><\/p>\n<p>Cmaj7<\/p>\n<p><img loading=\"lazy\" decoding=\"async\" class=\"alignnone wp-image-180\" src=\"\/wp-content\/uploads\/2016\/04\/Bbmaj7.png\" alt=\"Bbmaj7\" width=\"600\" height=\"101\" srcset=\"https:\/\/mybreathmymusic.com\/wp-content\/uploads\/2016\/04\/Bbmaj7.png 687w, https:\/\/mybreathmymusic.com\/wp-content\/uploads\/2016\/04\/Bbmaj7-300x51.png 300w\" sizes=\"auto, (max-width: 600px) 100vw, 600px\" \/><\/p>\n<p>Bbmaj7<\/p>\n<p><img loading=\"lazy\" decoding=\"async\" class=\"alignnone wp-image-184\" src=\"\/wp-content\/uploads\/2016\/04\/C9.png\" alt=\"C9\" width=\"600\" height=\"101\" srcset=\"https:\/\/mybreathmymusic.com\/wp-content\/uploads\/2016\/04\/C9.png 689w, https:\/\/mybreathmymusic.com\/wp-content\/uploads\/2016\/04\/C9-300x51.png 300w\" sizes=\"auto, (max-width: 600px) 100vw, 600px\" \/><\/p>\n<p>C9<\/p>\n<p><img loading=\"lazy\" decoding=\"async\" class=\"alignnone wp-image-203\" src=\"\/wp-content\/uploads\/2016\/04\/Gm7.png\" alt=\"Gm7\" width=\"600\" height=\"102\" srcset=\"https:\/\/mybreathmymusic.com\/wp-content\/uploads\/2016\/04\/Gm7.png 687w, https:\/\/mybreathmymusic.com\/wp-content\/uploads\/2016\/04\/Gm7-300x51.png 300w\" sizes=\"auto, (max-width: 600px) 100vw, 600px\" \/><\/p>\n<p>Gm7<\/p>\n<p><img loading=\"lazy\" decoding=\"async\" class=\"alignnone wp-image-198\" src=\"\/wp-content\/uploads\/2016\/04\/F7alt.png\" alt=\"F7alt\" width=\"600\" height=\"103\" srcset=\"https:\/\/mybreathmymusic.com\/wp-content\/uploads\/2016\/04\/F7alt.png 687w, https:\/\/mybreathmymusic.com\/wp-content\/uploads\/2016\/04\/F7alt-300x52.png 300w\" sizes=\"auto, (max-width: 600px) 100vw, 600px\" \/><\/p>\n<p>F#7alt<\/p>\n<h2>F#7alt<\/h2>\n<h2>Ray Nicovs Solo: Beispiel MyBreath2<\/h2>\n<p>Die Akkordfolge:<br \/>\n4\/4 &#8211; A Moll<br \/>\n||: Am7 | Am7 | G7sus4 | G7sus4 :|| (2x)<br \/>\n||: Em7 | Em7 | Dm7 | Dm7 :|| (2x)<\/p>\n<p>||: Am7 | Am7 | G7sus4 | G7sus4 :|| (2x)<br \/>\n||: Em7 | Em7 | Dm7 | Dm7 :|| (2x)<\/p>\n<p>||: Gsus4 | Asus4 | C7sus4 | D7sus4 :|| 3x<br \/>\n|| Gsus4 | Asus4 | C7sus4 | E7 (#9) :||<\/p>\n<p>Diese Akkorde werden dreimal wiederholt: (3x A A B).<\/p>\n<script type=\"text\/javascript\">AudioPlayer.setup(\"https:\/\/mybreathmymusic.com\/wp-content\/plugins\/simple-audio-player\/player\/player.swf\", { width: 290 });<\/script><p id=\"audioplayer_2416\"><audio controls><source src=\"\/wp-content\/uploads\/2016\/05\/RayNicovs_160.mp3\" type=\"audio\/mpeg\"><\/audio><\/p><p><script type=\"text\/javascript\">AudioPlayer.embed(\"audioplayer_2416\", {soundFile: \"\/wp-content\/uploads\/2016\/05\/RayNicovs_160.mp3\",  titles: \"My Breath My Music\", autostart: \"no\", loop: \"no\", animation: \"yes\", remaining: \"yes\", noinfo: \"no\", initialvolume: \"70\", buffer: \"5\", encode: \"no\", checkpolicy: \"no\", rtl: \"no\", width: \"100%\", transparentpagebg: \"no\", bg: \"E5E5E5\", leftbg: \"CCCCCC\", lefticon: \"333333\", voltrack: \"F2F2F2\", volslider: \"666666\", rightbg: \"B4B4B4\", rightbghover: \"999999\", righticon: \"333333\", righticonhover: \"FFFFFF\", loader: \"009900\", track: \"FFFFFF\", tracker: \"DDDDDD\", border: \"CCCCCC\", skip: \"666666\", text: \"333333\"});<\/script><\/p>\n<script type=\"text\/javascript\">AudioPlayer.setup(\"https:\/\/mybreathmymusic.com\/wp-content\/plugins\/simple-audio-player\/player\/player.swf\", { width: 290 });<\/script><p id=\"audioplayer_7493\"><audio controls><source src=\"\/wp-content\/uploads\/2016\/05\/RayNicovs_320.mp3\" type=\"audio\/mpeg\"><\/audio><\/p><p><script type=\"text\/javascript\">AudioPlayer.embed(\"audioplayer_7493\", {soundFile: \"\/wp-content\/uploads\/2016\/05\/RayNicovs_320.mp3\",  titles: \"My Breath My Music\", autostart: \"no\", loop: \"no\", animation: \"yes\", remaining: \"yes\", noinfo: \"no\", initialvolume: \"70\", buffer: \"5\", encode: \"no\", checkpolicy: \"no\", rtl: \"no\", width: \"100%\", transparentpagebg: \"no\", bg: \"E5E5E5\", leftbg: \"CCCCCC\", lefticon: \"333333\", voltrack: \"F2F2F2\", volslider: \"666666\", rightbg: \"B4B4B4\", rightbghover: \"999999\", righticon: \"333333\", righticonhover: \"FFFFFF\", loader: \"009900\", track: \"FFFFFF\", tracker: \"DDDDDD\", border: \"CCCCCC\", skip: \"666666\", text: \"333333\"});<\/script><\/p>\n<h2>Zum Schlu\u00df noch etwas&#8230;<\/h2>\n<p>Das war noch nicht alles. Wenn man in einer Tonleiter vier Noten nach oben geht, redet man bei diesem Abstand von einer Quarte. Das Fortschreiten in Quarten kann in einer Akkordfolge verwendet werden. Z.B. geht man in der Akkordfolge Am-Dm-G-C jedes Mal eine Quarte hinauf.<\/p>\n<p>Also, von Am bis Dm ist es eine Quarte. Von Dm bis G ebenfalls, etc.<\/p>\n<p>Auch im Pop werden Quarten gerne verwendet. Davon k\u00f6nnen wir mit unseren Akkordfolgen Gebrauch machen. Sehen Sie sich einmal die Akkordfolgen zu &#8222;Hotel California&#8220; (Vers), &#8222;Hello&#8220; (Chorus), &#8222;I will survive&#8220; (der ganze Song!) und &#8222;Still got the blues&#8220; (Intro) an. Improvisation mit der pentatonischen Tonleiter wird sich mit diesen Akkordfolgen gut anh\u00f6ren.<\/p>\n<h2>Zus\u00e4tzlich \u2013 f\u00fcr den erfahrenen Musiker: Scale Hopping!<\/h2>\n<p>Improvisation mit der pentatonischen Tonleiter geschieht sehr h\u00e4ufig im Jazz. Im Jazz kann sich das tonale Zentrum (quasi die Tonart) mitten in einem Song \u00e4ndern. Ein guter Solist wird dann einfach von einer pentatonischen Tonleiter zur n\u00e4chsten springen. Ein sehr sch\u00f6nes Beispiel f\u00fcr diese Technik ist &#8222;So What&#8220; von Miles Davis. Das St\u00fcck besteht aus einem kurzen, eing\u00e4ngigen Lick. Nach einer bestimmten Anzahl von Wiederholungen wird es um einen Halbton erh\u00f6ht und dann sp\u00e4ter wieder um einen Halbton gesenkt. Der Mittelteil ist eine lange Improvisation, wo sich die Tonarten ebenfalls \u00e4ndern.<\/p>\n<p>Im neuen Betriebssystem (angefangen mit O.S. Dezember 2010) ist es m\u00f6glich, Tonleitern w\u00e4hrend des Spielens zu transponieren. Es ist sogar m\u00f6glich, mittendrin auf eine komplett andere onleiter zu wechseln. Um dies zu bewerkstelligen, muss man den Schalter benutzen, der bei der Magic Flute dabei ist.<\/p>\n<p>Viel Erfolg!<br \/>\nRuud van der Wel 2011<\/p>\n<hr \/>\n<h2>Workshop Magic Flute<\/h2>\n<p>1. <a href=\"\/de\/improviseren-op-de-magic-flute\">Improvisation auf der Magic Flute<\/a><br \/>\n2. <a href=\"\/de\/toon-keuze-en-toon-gebruik\">Wahl der richtigen Tonleiter und Umgang mit Noten<\/a><br \/>\n3.\u00a0<a href=\"\/de\/liedjes-spelen-voor-beginners\">Wie spiele ich ein Lied? Eine Anleitung f\u00fcr Anf\u00e4nger<\/a><br \/>\n4.\u00a0<a href=\"\/de\/de-kracht-van-de-pentatonische-toonladder\">Die Macht der pentatonischen Tonleiter<\/a><br \/>\n5.\u00a0<a href=\"\/de\/verander-uw-computer-in-een-magic-flute-geluidsmodule\">Verwandeln Sie Ihren Computer in ein Soundmodul f\u00fcr die Magic Flute<\/a><br \/>\n6.\u00a0<a href=\"\/de\/pimp-je-schakelaar\">&#8222;Pimp your Switch&#8220;<\/a><br \/>\n7.\u00a0<a href=\"\/de\/werken-met-de-ipad-in-combinatie-met-de-magic-flute\">Die Magic Flute Im Zusammenspiel mit dem iPad<\/a><\/p>","protected":false},"excerpt":{"rendered":"<p>Die pentatonische Tonleiter besteht aus f\u00fcnf T\u00f6nen. Sie nimmt einen besonderen Platz in unseren Workshops ein. Pentatonik und Magic Flute scheinen wie f\u00fcr einander geschaffen. Musik zu machen, die wirklich gut klingt, war noch nie so einfach. Warum? Lassen Sie uns mit den Grundlagen beginnen: Die pentatonische Tonleiter, die wir verwenden, hat keine Halbtonschritte. Darum [&hellip;]<\/p>\n","protected":false},"author":7,"featured_media":0,"parent":0,"menu_order":0,"comment_status":"closed","ping_status":"closed","template":"","meta":{"_exactmetrics_skip_tracking":false,"_exactmetrics_sitenote_active":false,"_exactmetrics_sitenote_note":"","_exactmetrics_sitenote_category":0,"footnotes":""},"categories":[],"tags":[],"class_list":["post-373","page","type-page","status-publish","hentry"],"yoast_head":"<!-- This site is optimized with the Yoast SEO plugin v26.5 - https:\/\/yoast.com\/wordpress\/plugins\/seo\/ -->\n<title>Die Macht der pentatonischen Tonleiter | My Breath My Music<\/title>\n<meta name=\"robots\" content=\"index, follow, max-snippet:-1, max-image-preview:large, max-video-preview:-1\" \/>\n<link rel=\"canonical\" href=\"https:\/\/mybreathmymusic.com\/de\/de-kracht-van-de-pentatonische-toonladder\" \/>\n<meta property=\"og:locale\" content=\"de_DE\" \/>\n<meta property=\"og:type\" content=\"article\" \/>\n<meta property=\"og:title\" content=\"Die Macht der pentatonischen Tonleiter | My Breath My Music\" \/>\n<meta property=\"og:description\" content=\"Die pentatonische Tonleiter besteht aus f\u00fcnf T\u00f6nen. Sie nimmt einen besonderen Platz in unseren Workshops ein. Pentatonik und Magic Flute scheinen wie f\u00fcr einander geschaffen. Musik zu machen, die wirklich gut klingt, war noch nie so einfach. Warum? Lassen Sie uns mit den Grundlagen beginnen: Die pentatonische Tonleiter, die wir verwenden, hat keine Halbtonschritte. Darum [&hellip;]\" \/>\n<meta property=\"og:url\" content=\"https:\/\/mybreathmymusic.com\/de-kracht-van-de-pentatonische-toonladder\" \/>\n<meta property=\"og:site_name\" content=\"My Breath My Music\" \/>\n<meta property=\"article:publisher\" content=\"https:\/\/www.facebook.com\/MyBreathMyMusic\/\" \/>\n<meta property=\"article:modified_time\" content=\"2022-08-14T09:59:39+00:00\" \/>\n<meta name=\"twitter:card\" content=\"summary_large_image\" \/>\n<meta name=\"twitter:label1\" content=\"Gesch\u00e4tzte Lesezeit\" \/>\n\t<meta name=\"twitter:data1\" content=\"15\u00a0Minuten\" \/>\n<script type=\"application\/ld+json\" class=\"yoast-schema-graph\">{\"@context\":\"https:\/\/schema.org\",\"@graph\":[{\"@type\":\"WebPage\",\"@id\":\"https:\/\/mybreathmymusic.com\/de-kracht-van-de-pentatonische-toonladder\",\"url\":\"https:\/\/mybreathmymusic.com\/de-kracht-van-de-pentatonische-toonladder\",\"name\":\"Die Macht der pentatonischen Tonleiter | My Breath My Music\",\"isPartOf\":{\"@id\":\"https:\/\/mybreathmymusic.com\/en\/#website\"},\"datePublished\":\"2016-05-24T08:17:03+00:00\",\"dateModified\":\"2022-08-14T09:59:39+00:00\",\"breadcrumb\":{\"@id\":\"https:\/\/mybreathmymusic.com\/de-kracht-van-de-pentatonische-toonladder#breadcrumb\"},\"inLanguage\":\"de\",\"potentialAction\":[{\"@type\":\"ReadAction\",\"target\":[\"https:\/\/mybreathmymusic.com\/de-kracht-van-de-pentatonische-toonladder\"]}]},{\"@type\":\"BreadcrumbList\",\"@id\":\"https:\/\/mybreathmymusic.com\/de-kracht-van-de-pentatonische-toonladder#breadcrumb\",\"itemListElement\":[{\"@type\":\"ListItem\",\"position\":1,\"name\":\"Home\",\"item\":\"https:\/\/mybreathmymusic.com\/\"},{\"@type\":\"ListItem\",\"position\":2,\"name\":\"De kracht van de pentatonische toonladder\"}]},{\"@type\":\"WebSite\",\"@id\":\"https:\/\/mybreathmymusic.com\/en\/#website\",\"url\":\"https:\/\/mybreathmymusic.com\/en\/\",\"name\":\"My Breath My Music -*- Stichting\",\"description\":\"Muziekinstrumenten voor kinderen met een beperking\",\"publisher\":{\"@id\":\"https:\/\/mybreathmymusic.com\/en\/#organization\"},\"potentialAction\":[{\"@type\":\"SearchAction\",\"target\":{\"@type\":\"EntryPoint\",\"urlTemplate\":\"https:\/\/mybreathmymusic.com\/en\/?s={search_term_string}\"},\"query-input\":{\"@type\":\"PropertyValueSpecification\",\"valueRequired\":true,\"valueName\":\"search_term_string\"}}],\"inLanguage\":\"de\"},{\"@type\":\"Organization\",\"@id\":\"https:\/\/mybreathmymusic.com\/en\/#organization\",\"name\":\"Stichting My Breath My Music\",\"url\":\"https:\/\/mybreathmymusic.com\/en\/\",\"logo\":{\"@type\":\"ImageObject\",\"inLanguage\":\"de\",\"@id\":\"https:\/\/mybreathmymusic.com\/en\/#\/schema\/logo\/image\/\",\"url\":\"https:\/\/mybreathmymusic.com\/wp-content\/uploads\/2016\/04\/logo_mbmm.gif\",\"contentUrl\":\"https:\/\/mybreathmymusic.com\/wp-content\/uploads\/2016\/04\/logo_mbmm.gif\",\"width\":250,\"height\":84,\"caption\":\"Stichting My Breath My Music\"},\"image\":{\"@id\":\"https:\/\/mybreathmymusic.com\/en\/#\/schema\/logo\/image\/\"},\"sameAs\":[\"https:\/\/www.facebook.com\/MyBreathMyMusic\/\"]}]}<\/script>\n<!-- \/ Yoast SEO plugin. -->","yoast_head_json":{"title":"Die Macht der pentatonischen Tonleiter | My Breath My Music","robots":{"index":"index","follow":"follow","max-snippet":"max-snippet:-1","max-image-preview":"max-image-preview:large","max-video-preview":"max-video-preview:-1"},"canonical":"https:\/\/mybreathmymusic.com\/de\/de-kracht-van-de-pentatonische-toonladder","og_locale":"de_DE","og_type":"article","og_title":"Die Macht der pentatonischen Tonleiter | My Breath My Music","og_description":"Die pentatonische Tonleiter besteht aus f\u00fcnf T\u00f6nen. Sie nimmt einen besonderen Platz in unseren Workshops ein. Pentatonik und Magic Flute scheinen wie f\u00fcr einander geschaffen. Musik zu machen, die wirklich gut klingt, war noch nie so einfach. Warum? Lassen Sie uns mit den Grundlagen beginnen: Die pentatonische Tonleiter, die wir verwenden, hat keine Halbtonschritte. Darum [&hellip;]","og_url":"https:\/\/mybreathmymusic.com\/de-kracht-van-de-pentatonische-toonladder","og_site_name":"My Breath My Music","article_publisher":"https:\/\/www.facebook.com\/MyBreathMyMusic\/","article_modified_time":"2022-08-14T09:59:39+00:00","twitter_card":"summary_large_image","twitter_misc":{"Gesch\u00e4tzte Lesezeit":"15\u00a0Minuten"},"schema":{"@context":"https:\/\/schema.org","@graph":[{"@type":"WebPage","@id":"https:\/\/mybreathmymusic.com\/de-kracht-van-de-pentatonische-toonladder","url":"https:\/\/mybreathmymusic.com\/de-kracht-van-de-pentatonische-toonladder","name":"Die Macht der pentatonischen Tonleiter | My Breath My Music","isPartOf":{"@id":"https:\/\/mybreathmymusic.com\/en\/#website"},"datePublished":"2016-05-24T08:17:03+00:00","dateModified":"2022-08-14T09:59:39+00:00","breadcrumb":{"@id":"https:\/\/mybreathmymusic.com\/de-kracht-van-de-pentatonische-toonladder#breadcrumb"},"inLanguage":"de","potentialAction":[{"@type":"ReadAction","target":["https:\/\/mybreathmymusic.com\/de-kracht-van-de-pentatonische-toonladder"]}]},{"@type":"BreadcrumbList","@id":"https:\/\/mybreathmymusic.com\/de-kracht-van-de-pentatonische-toonladder#breadcrumb","itemListElement":[{"@type":"ListItem","position":1,"name":"Home","item":"https:\/\/mybreathmymusic.com\/"},{"@type":"ListItem","position":2,"name":"De kracht van de pentatonische toonladder"}]},{"@type":"WebSite","@id":"https:\/\/mybreathmymusic.com\/en\/#website","url":"https:\/\/mybreathmymusic.com\/en\/","name":"My Breath My Music -*- Stichting","description":"Muziekinstrumenten voor kinderen met een beperking","publisher":{"@id":"https:\/\/mybreathmymusic.com\/en\/#organization"},"potentialAction":[{"@type":"SearchAction","target":{"@type":"EntryPoint","urlTemplate":"https:\/\/mybreathmymusic.com\/en\/?s={search_term_string}"},"query-input":{"@type":"PropertyValueSpecification","valueRequired":true,"valueName":"search_term_string"}}],"inLanguage":"de"},{"@type":"Organization","@id":"https:\/\/mybreathmymusic.com\/en\/#organization","name":"Stichting My Breath My Music","url":"https:\/\/mybreathmymusic.com\/en\/","logo":{"@type":"ImageObject","inLanguage":"de","@id":"https:\/\/mybreathmymusic.com\/en\/#\/schema\/logo\/image\/","url":"https:\/\/mybreathmymusic.com\/wp-content\/uploads\/2016\/04\/logo_mbmm.gif","contentUrl":"https:\/\/mybreathmymusic.com\/wp-content\/uploads\/2016\/04\/logo_mbmm.gif","width":250,"height":84,"caption":"Stichting My Breath My Music"},"image":{"@id":"https:\/\/mybreathmymusic.com\/en\/#\/schema\/logo\/image\/"},"sameAs":["https:\/\/www.facebook.com\/MyBreathMyMusic\/"]}]}},"_links":{"self":[{"href":"https:\/\/mybreathmymusic.com\/de\/wp-json\/wp\/v2\/pages\/373","targetHints":{"allow":["GET"]}}],"collection":[{"href":"https:\/\/mybreathmymusic.com\/de\/wp-json\/wp\/v2\/pages"}],"about":[{"href":"https:\/\/mybreathmymusic.com\/de\/wp-json\/wp\/v2\/types\/page"}],"author":[{"embeddable":true,"href":"https:\/\/mybreathmymusic.com\/de\/wp-json\/wp\/v2\/users\/7"}],"replies":[{"embeddable":true,"href":"https:\/\/mybreathmymusic.com\/de\/wp-json\/wp\/v2\/comments?post=373"}],"version-history":[{"count":2,"href":"https:\/\/mybreathmymusic.com\/de\/wp-json\/wp\/v2\/pages\/373\/revisions"}],"predecessor-version":[{"id":1912,"href":"https:\/\/mybreathmymusic.com\/de\/wp-json\/wp\/v2\/pages\/373\/revisions\/1912"}],"wp:attachment":[{"href":"https:\/\/mybreathmymusic.com\/de\/wp-json\/wp\/v2\/media?parent=373"}],"wp:term":[{"taxonomy":"category","embeddable":true,"href":"https:\/\/mybreathmymusic.com\/de\/wp-json\/wp\/v2\/categories?post=373"},{"taxonomy":"post_tag","embeddable":true,"href":"https:\/\/mybreathmymusic.com\/de\/wp-json\/wp\/v2\/tags?post=373"}],"curies":[{"name":"wp","href":"https:\/\/api.w.org\/{rel}","templated":true}]}}