{"id":326,"date":"2016-05-23T15:05:27","date_gmt":"2016-05-23T13:05:27","guid":{"rendered":"http:\/\/mybreathmymusic.com\/?page_id=326"},"modified":"2021-03-29T21:53:29","modified_gmt":"2021-03-29T19:53:29","slug":"toon-keuze-en-toon-gebruik","status":"publish","type":"page","link":"https:\/\/mybreathmymusic.com\/de\/toon-keuze-en-toon-gebruik","title":{"rendered":"Wahl der richtigen Tonleiter und Umgang mit Noten"},"content":{"rendered":"<p><\/p>\n<h2>Eine Privatstunde mit dem Jazzexperten <a href=\"http:\/\/www.bolvinmusic.com\/\" target=\"_blank\" rel=\"noopener\">Eric Bolvin<\/a><\/h2>\n<p>Was Sie gleich sehen werden, ist das Video eines Experten auf dem Gebiet der improvisierten Musik: Eric Bolvin ist ein sehr bekannter Jazztrompeter. Wir haben die Erlaubnis bekommen, seine Videos mit Anleitungen hier zu verwenden. Diese geh\u00f6ren zu den hilfreichsten, die ich kenne.<\/p>\n<p>In seinem Workshop verwendet Eric nur einen Akkord. Diese Lektion ist f\u00fcr Anf\u00e4nger, fortgeschrittene Spieler und Lehrer gedacht.<\/p>\n<p>Anf\u00e4nger sollten die &#8222;Blues 1&#8220;-Tonleiter auf der Magic Flute verwenden. Das ist die pentatonische Moll-Tonleiter. Mit dieser kann man jedoch nicht die zwei letzten \u00dcbungen spielen. Fortgeschrittene Spieler k\u00f6nnen die G-Dur-Tonleiter verwenden. Unter dem Video finden Sie einen Play-Along Track. Diesen k\u00f6nnen Sie zum \u00dcben verwenden.<\/p>\n<p><iframe loading=\"lazy\" title=\"Magic flute les1\" width=\"500\" height=\"375\" src=\"https:\/\/www.youtube.com\/embed\/EhOKKYrIIoU?feature=oembed\" frameborder=\"0\" allow=\"accelerometer; autoplay; clipboard-write; encrypted-media; gyroscope; picture-in-picture; web-share\" referrerpolicy=\"strict-origin-when-cross-origin\" allowfullscreen><\/iframe><\/p>\n<p><img decoding=\"async\" class=\"alignnone wp-image-204\" src=\"\/wp-content\/uploads\/2016\/04\/grondtoon.gif\" alt=\"grondtoon\" width=\"600\" height=\"478.25\" \/><\/p>\n<script type=\"text\/javascript\">AudioPlayer.setup(\"https:\/\/mybreathmymusic.com\/wp-content\/plugins\/simple-audio-player\/player\/player.swf\", { width: 290 });<\/script><p id=\"audioplayer_7257\"><audio controls><source src=\"\/wp-content\/uploads\/2016\/05\/mike_fabish-playalong.mp3\" type=\"audio\/mpeg\"><\/audio><\/p><p><script type=\"text\/javascript\">AudioPlayer.embed(\"audioplayer_7257\", {soundFile: \"\/wp-content\/uploads\/2016\/05\/mike_fabish-playalong.mp3\",  titles: \"My Breath My Music\", autostart: \"no\", loop: \"no\", animation: \"yes\", remaining: \"yes\", noinfo: \"no\", initialvolume: \"70\", buffer: \"5\", encode: \"no\", checkpolicy: \"no\", rtl: \"no\", width: \"100%\", transparentpagebg: \"no\", bg: \"E5E5E5\", leftbg: \"CCCCCC\", lefticon: \"333333\", voltrack: \"F2F2F2\", volslider: \"666666\", rightbg: \"B4B4B4\", rightbghover: \"999999\", righticon: \"333333\", righticonhover: \"FFFFFF\", loader: \"009900\", track: \"FFFFFF\", tracker: \"DDDDDD\", border: \"CCCCCC\", skip: \"666666\", text: \"333333\"});<\/script><\/p>\n<h3>Was Sie noch wissen sollten<\/h3>\n<p>In Lektion 1 haben Sie gelernt, dass es verschiedene Kirchentonarten gibt. Diese haben ihren Ursprung im Mittelalter. In der n\u00e4chsten Lektion werden wir Kirchentonarten verwenden.<\/p>\n<p>Eric verwendet die dorische Tonleiter, ebenfalls eine der Kirchentonarten. Diese Tonleiter wird oft im Jazz verwendet. Die dorische Tonleiter besteht aus 7 Noten (=diatonisch). Auf dem Klavier kann die dorische Tonleiter in D nur mit wei\u00dfen Tasten gespielt werden.<\/p>\n<p>Formel f\u00fcr die Intervalle in dieser Tonleiter: 1 \u00bd 1 1 1 \u00bd 1<\/p>\n<p><img loading=\"lazy\" decoding=\"async\" class=\"alignnone size-full wp-image-193\" src=\"\/wp-content\/uploads\/2016\/04\/dor.gif\" alt=\"dor\" width=\"259\" height=\"75\" \/><\/p>\n<p><strong>D E F G A H C D<\/strong><\/p>\n<p>F\u00fcr die dorische Tonleiter mit A als Grundton kann man dieselbe Formel verwenden<\/p>\n<p><img loading=\"lazy\" decoding=\"async\" class=\"alignnone size-full wp-image-194\" src=\"\/wp-content\/uploads\/2016\/04\/dora.gif\" alt=\"dora\" width=\"248\" height=\"62\" \/><\/p>\n<p><strong>A H C D E F# G A<\/strong><\/p>\n<p>Nicht alle dieser Tonleitern sind in der Magic Flute enthalten, aber das ist auch nicht notwendig. F\u00fcr A Dorisch z.B. kann man sie Tonleiter 7 w\u00e4hlen, die alle richtigen T\u00f6ne enth\u00e4lt:<\/p>\n<p><strong>Tonleiter 7 G-Dur<\/strong><br \/>\nC4 D4 E4 F#4 G4 A4 H4 C5 D5 E5 F#5 G5 A5 H5 C6<\/p>\n<h3>Mike Fabish &#8222;play along&#8220;<\/h3>\n<script type=\"text\/javascript\">AudioPlayer.setup(\"https:\/\/mybreathmymusic.com\/wp-content\/plugins\/simple-audio-player\/player\/player.swf\", { width: 290 });<\/script><p id=\"audioplayer_5187\"><audio controls><source src=\"\/wp-content\/uploads\/2016\/05\/mike_fabish-playalong.mp3\" type=\"audio\/mpeg\"><\/audio><\/p><p><script type=\"text\/javascript\">AudioPlayer.embed(\"audioplayer_5187\", {soundFile: \"\/wp-content\/uploads\/2016\/05\/mike_fabish-playalong.mp3\",  titles: \"My Breath My Music\", autostart: \"no\", loop: \"no\", animation: \"yes\", remaining: \"yes\", noinfo: \"no\", initialvolume: \"70\", buffer: \"5\", encode: \"no\", checkpolicy: \"no\", rtl: \"no\", width: \"100%\", transparentpagebg: \"no\", bg: \"E5E5E5\", leftbg: \"CCCCCC\", lefticon: \"333333\", voltrack: \"F2F2F2\", volslider: \"666666\", rightbg: \"B4B4B4\", rightbghover: \"999999\", righticon: \"333333\", righticonhover: \"FFFFFF\", loader: \"009900\", track: \"FFFFFF\", tracker: \"DDDDDD\", border: \"CCCCCC\", skip: \"666666\", text: \"333333\"});<\/script><\/p>\n<hr \/>\n<h2>Workshop Magic Flute<\/h2>\n<p>1. <a href=\"\/de\/improviseren-op-de-magic-flute\">Improvisation auf der Magic Flute<\/a><br \/>\n2. <a href=\"\/de\/toon-keuze-en-toon-gebruik\">Wahl der richtigen Tonleiter und Umgang mit Noten<\/a><br \/>\n3.\u00a0<a href=\"\/de\/liedjes-spelen-voor-beginners\">Wie spiele ich ein Lied? Eine Anleitung f\u00fcr Anf\u00e4nger<\/a><br \/>\n4.\u00a0<a href=\"\/de\/de-kracht-van-de-pentatonische-toonladder\">Die Macht der pentatonischen Tonleiter<\/a><br \/>\n5.\u00a0<a href=\"\/de\/verander-uw-computer-in-een-magic-flute-geluidsmodule\">Verwandeln Sie Ihren Computer in ein Soundmodul f\u00fcr die Magic Flute<\/a><br \/>\n6.\u00a0<a href=\"\/de\/pimp-je-schakelaar\">&#8222;Pimp your Switch&#8220;<\/a><br \/>\n7.\u00a0<a href=\"\/de\/werken-met-de-ipad-in-combinatie-met-de-magic-flute\">Die Magic Flute Im Zusammenspiel mit dem iPad<\/a><\/p>","protected":false},"excerpt":{"rendered":"<p>Eine Privatstunde mit dem Jazzexperten Eric Bolvin Was Sie gleich sehen werden, ist das Video eines Experten auf dem Gebiet der improvisierten Musik: Eric Bolvin ist ein sehr bekannter Jazztrompeter. Wir haben die Erlaubnis bekommen, seine Videos mit Anleitungen hier zu verwenden. Diese geh\u00f6ren zu den hilfreichsten, die ich kenne. In seinem Workshop verwendet Eric [&hellip;]<\/p>\n","protected":false},"author":7,"featured_media":0,"parent":0,"menu_order":0,"comment_status":"closed","ping_status":"closed","template":"","meta":{"_exactmetrics_skip_tracking":false,"_exactmetrics_sitenote_active":false,"_exactmetrics_sitenote_note":"","_exactmetrics_sitenote_category":0,"footnotes":""},"categories":[],"tags":[],"class_list":["post-326","page","type-page","status-publish","hentry"],"yoast_head":"<!-- This site is optimized with the Yoast SEO plugin v26.5 - https:\/\/yoast.com\/wordpress\/plugins\/seo\/ -->\n<title>Wahl der richtigen Tonleiter und Umgang mit Noten | My Breath My Music<\/title>\n<meta name=\"robots\" content=\"index, follow, max-snippet:-1, max-image-preview:large, max-video-preview:-1\" \/>\n<link rel=\"canonical\" href=\"https:\/\/mybreathmymusic.com\/de\/toon-keuze-en-toon-gebruik\" \/>\n<meta property=\"og:locale\" content=\"de_DE\" \/>\n<meta property=\"og:type\" content=\"article\" \/>\n<meta property=\"og:title\" content=\"Wahl der richtigen Tonleiter und Umgang mit Noten | My Breath My Music\" \/>\n<meta property=\"og:description\" content=\"Eine Privatstunde mit dem Jazzexperten Eric Bolvin Was Sie gleich sehen werden, ist das Video eines Experten auf dem Gebiet der improvisierten Musik: Eric Bolvin ist ein sehr bekannter Jazztrompeter. Wir haben die Erlaubnis bekommen, seine Videos mit Anleitungen hier zu verwenden. Diese geh\u00f6ren zu den hilfreichsten, die ich kenne. In seinem Workshop verwendet Eric [&hellip;]\" \/>\n<meta property=\"og:url\" content=\"https:\/\/mybreathmymusic.com\/en\/toon-keuze-en-toon-gebruik\" \/>\n<meta property=\"og:site_name\" content=\"My Breath My Music\" \/>\n<meta property=\"article:publisher\" content=\"https:\/\/www.facebook.com\/MyBreathMyMusic\/\" \/>\n<meta property=\"article:modified_time\" content=\"2021-03-29T19:53:29+00:00\" \/>\n<meta property=\"og:image\" content=\"https:\/\/mybreathmymusic.com\/wp-content\/uploads\/2016\/04\/grondtoon.gif\" \/>\n<meta name=\"twitter:card\" content=\"summary_large_image\" \/>\n<meta name=\"twitter:label1\" content=\"Gesch\u00e4tzte Lesezeit\" \/>\n\t<meta name=\"twitter:data1\" content=\"5\u00a0Minuten\" \/>\n<script type=\"application\/ld+json\" class=\"yoast-schema-graph\">{\"@context\":\"https:\/\/schema.org\",\"@graph\":[{\"@type\":\"WebPage\",\"@id\":\"https:\/\/mybreathmymusic.com\/en\/toon-keuze-en-toon-gebruik\",\"url\":\"https:\/\/mybreathmymusic.com\/en\/toon-keuze-en-toon-gebruik\",\"name\":\"Wahl der richtigen Tonleiter und Umgang mit Noten | My Breath My Music\",\"isPartOf\":{\"@id\":\"https:\/\/mybreathmymusic.com\/en\/#website\"},\"datePublished\":\"2016-05-23T13:05:27+00:00\",\"dateModified\":\"2021-03-29T19:53:29+00:00\",\"breadcrumb\":{\"@id\":\"https:\/\/mybreathmymusic.com\/en\/toon-keuze-en-toon-gebruik#breadcrumb\"},\"inLanguage\":\"de\",\"potentialAction\":[{\"@type\":\"ReadAction\",\"target\":[\"https:\/\/mybreathmymusic.com\/en\/toon-keuze-en-toon-gebruik\"]}]},{\"@type\":\"BreadcrumbList\",\"@id\":\"https:\/\/mybreathmymusic.com\/en\/toon-keuze-en-toon-gebruik#breadcrumb\",\"itemListElement\":[{\"@type\":\"ListItem\",\"position\":1,\"name\":\"Home\",\"item\":\"https:\/\/mybreathmymusic.com\/\"},{\"@type\":\"ListItem\",\"position\":2,\"name\":\"Choice of notes and note usage\"}]},{\"@type\":\"WebSite\",\"@id\":\"https:\/\/mybreathmymusic.com\/en\/#website\",\"url\":\"https:\/\/mybreathmymusic.com\/en\/\",\"name\":\"My Breath My Music -*- Stichting\",\"description\":\"Muziekinstrumenten voor kinderen met een beperking\",\"publisher\":{\"@id\":\"https:\/\/mybreathmymusic.com\/en\/#organization\"},\"potentialAction\":[{\"@type\":\"SearchAction\",\"target\":{\"@type\":\"EntryPoint\",\"urlTemplate\":\"https:\/\/mybreathmymusic.com\/en\/?s={search_term_string}\"},\"query-input\":{\"@type\":\"PropertyValueSpecification\",\"valueRequired\":true,\"valueName\":\"search_term_string\"}}],\"inLanguage\":\"de\"},{\"@type\":\"Organization\",\"@id\":\"https:\/\/mybreathmymusic.com\/en\/#organization\",\"name\":\"Stichting My Breath My Music\",\"url\":\"https:\/\/mybreathmymusic.com\/en\/\",\"logo\":{\"@type\":\"ImageObject\",\"inLanguage\":\"de\",\"@id\":\"https:\/\/mybreathmymusic.com\/en\/#\/schema\/logo\/image\/\",\"url\":\"https:\/\/mybreathmymusic.com\/wp-content\/uploads\/2016\/04\/logo_mbmm.gif\",\"contentUrl\":\"https:\/\/mybreathmymusic.com\/wp-content\/uploads\/2016\/04\/logo_mbmm.gif\",\"width\":250,\"height\":84,\"caption\":\"Stichting My Breath My Music\"},\"image\":{\"@id\":\"https:\/\/mybreathmymusic.com\/en\/#\/schema\/logo\/image\/\"},\"sameAs\":[\"https:\/\/www.facebook.com\/MyBreathMyMusic\/\"]}]}<\/script>\n<!-- \/ Yoast SEO plugin. -->","yoast_head_json":{"title":"Wahl der richtigen Tonleiter und Umgang mit Noten | My Breath My Music","robots":{"index":"index","follow":"follow","max-snippet":"max-snippet:-1","max-image-preview":"max-image-preview:large","max-video-preview":"max-video-preview:-1"},"canonical":"https:\/\/mybreathmymusic.com\/de\/toon-keuze-en-toon-gebruik","og_locale":"de_DE","og_type":"article","og_title":"Wahl der richtigen Tonleiter und Umgang mit Noten | My Breath My Music","og_description":"Eine Privatstunde mit dem Jazzexperten Eric Bolvin Was Sie gleich sehen werden, ist das Video eines Experten auf dem Gebiet der improvisierten Musik: Eric Bolvin ist ein sehr bekannter Jazztrompeter. Wir haben die Erlaubnis bekommen, seine Videos mit Anleitungen hier zu verwenden. Diese geh\u00f6ren zu den hilfreichsten, die ich kenne. In seinem Workshop verwendet Eric [&hellip;]","og_url":"https:\/\/mybreathmymusic.com\/en\/toon-keuze-en-toon-gebruik","og_site_name":"My Breath My Music","article_publisher":"https:\/\/www.facebook.com\/MyBreathMyMusic\/","article_modified_time":"2021-03-29T19:53:29+00:00","og_image":[{"url":"https:\/\/mybreathmymusic.com\/wp-content\/uploads\/2016\/04\/grondtoon.gif","type":"","width":"","height":""}],"twitter_card":"summary_large_image","twitter_misc":{"Gesch\u00e4tzte Lesezeit":"5\u00a0Minuten"},"schema":{"@context":"https:\/\/schema.org","@graph":[{"@type":"WebPage","@id":"https:\/\/mybreathmymusic.com\/en\/toon-keuze-en-toon-gebruik","url":"https:\/\/mybreathmymusic.com\/en\/toon-keuze-en-toon-gebruik","name":"Wahl der richtigen Tonleiter und Umgang mit Noten | My Breath My Music","isPartOf":{"@id":"https:\/\/mybreathmymusic.com\/en\/#website"},"datePublished":"2016-05-23T13:05:27+00:00","dateModified":"2021-03-29T19:53:29+00:00","breadcrumb":{"@id":"https:\/\/mybreathmymusic.com\/en\/toon-keuze-en-toon-gebruik#breadcrumb"},"inLanguage":"de","potentialAction":[{"@type":"ReadAction","target":["https:\/\/mybreathmymusic.com\/en\/toon-keuze-en-toon-gebruik"]}]},{"@type":"BreadcrumbList","@id":"https:\/\/mybreathmymusic.com\/en\/toon-keuze-en-toon-gebruik#breadcrumb","itemListElement":[{"@type":"ListItem","position":1,"name":"Home","item":"https:\/\/mybreathmymusic.com\/"},{"@type":"ListItem","position":2,"name":"Choice of notes and note usage"}]},{"@type":"WebSite","@id":"https:\/\/mybreathmymusic.com\/en\/#website","url":"https:\/\/mybreathmymusic.com\/en\/","name":"My Breath My Music -*- Stichting","description":"Muziekinstrumenten voor kinderen met een beperking","publisher":{"@id":"https:\/\/mybreathmymusic.com\/en\/#organization"},"potentialAction":[{"@type":"SearchAction","target":{"@type":"EntryPoint","urlTemplate":"https:\/\/mybreathmymusic.com\/en\/?s={search_term_string}"},"query-input":{"@type":"PropertyValueSpecification","valueRequired":true,"valueName":"search_term_string"}}],"inLanguage":"de"},{"@type":"Organization","@id":"https:\/\/mybreathmymusic.com\/en\/#organization","name":"Stichting My Breath My Music","url":"https:\/\/mybreathmymusic.com\/en\/","logo":{"@type":"ImageObject","inLanguage":"de","@id":"https:\/\/mybreathmymusic.com\/en\/#\/schema\/logo\/image\/","url":"https:\/\/mybreathmymusic.com\/wp-content\/uploads\/2016\/04\/logo_mbmm.gif","contentUrl":"https:\/\/mybreathmymusic.com\/wp-content\/uploads\/2016\/04\/logo_mbmm.gif","width":250,"height":84,"caption":"Stichting My Breath My Music"},"image":{"@id":"https:\/\/mybreathmymusic.com\/en\/#\/schema\/logo\/image\/"},"sameAs":["https:\/\/www.facebook.com\/MyBreathMyMusic\/"]}]}},"_links":{"self":[{"href":"https:\/\/mybreathmymusic.com\/de\/wp-json\/wp\/v2\/pages\/326","targetHints":{"allow":["GET"]}}],"collection":[{"href":"https:\/\/mybreathmymusic.com\/de\/wp-json\/wp\/v2\/pages"}],"about":[{"href":"https:\/\/mybreathmymusic.com\/de\/wp-json\/wp\/v2\/types\/page"}],"author":[{"embeddable":true,"href":"https:\/\/mybreathmymusic.com\/de\/wp-json\/wp\/v2\/users\/7"}],"replies":[{"embeddable":true,"href":"https:\/\/mybreathmymusic.com\/de\/wp-json\/wp\/v2\/comments?post=326"}],"version-history":[{"count":0,"href":"https:\/\/mybreathmymusic.com\/de\/wp-json\/wp\/v2\/pages\/326\/revisions"}],"wp:attachment":[{"href":"https:\/\/mybreathmymusic.com\/de\/wp-json\/wp\/v2\/media?parent=326"}],"wp:term":[{"taxonomy":"category","embeddable":true,"href":"https:\/\/mybreathmymusic.com\/de\/wp-json\/wp\/v2\/categories?post=326"},{"taxonomy":"post_tag","embeddable":true,"href":"https:\/\/mybreathmymusic.com\/de\/wp-json\/wp\/v2\/tags?post=326"}],"curies":[{"name":"wp","href":"https:\/\/api.w.org\/{rel}","templated":true}]}}