{"id":325,"date":"2016-05-23T14:05:34","date_gmt":"2016-05-23T12:05:34","guid":{"rendered":"http:\/\/mybreathmymusic.com\/?page_id=325"},"modified":"2021-06-30T09:22:46","modified_gmt":"2021-06-30T07:22:46","slug":"improviseren-op-de-magic-flute","status":"publish","type":"page","link":"https:\/\/mybreathmymusic.com\/de\/improviseren-op-de-magic-flute","title":{"rendered":"Improvisation auf der Magic Flute"},"content":{"rendered":"<p><strong>F\u00fcr wen ist dieser Workshop gedacht?<\/strong><br \/>\nDer Workshop ist f\u00fcr Sch\u00fcler und Lehrer gedacht, f\u00fcr Anf\u00e4nger sowie fortgeschrittene Spieler.<\/p>\n<p>Es ist sehr einfach, auf der Magic Flute zu improvisieren, da in das Instrument schon so viele verschiedene Tonleitern integriert sind.<\/p>\n<p><strong>Eine Tonleiter ist eine feste Abfolge von Noten, z.B. C D E F G A H C<\/strong><\/p>\n<p><img decoding=\"async\" class=\"alignnone wp-image-186\" src=\"\/wp-content\/uploads\/2016\/04\/cmaj.gif\" alt=\"cmaj\" width=\"600\" height=\"91.27\" \/><\/p>\n<p>Das ist die C-Dur-Tonleiter. C ist der <strong>Grundton<\/strong> dieser Tonleiter, die auch als ionische Tonleiter bezeichnet wird. Es gibt viele verschiedene Tonleitern und alle klingen unterschiedlich.<\/p>\n<h3>Probieren Sie verschiedene Tonleitern auf der Magic Flute aus<\/h3>\n<p>Das Gute an Tonleitern ist, dass sie alle unterschiedlich klingen. Die eine mag traurig klingen, die n\u00e4chste fr\u00f6hlich, eine andere wieder mystisch oder harmonisch.<\/p>\n<p>Es gibt viel Theorie bez\u00fcglich Tonleitern, aber wir werden uns damit nicht weiter aufhalten. Die Magic Flute ist perfekt ausgestattet f\u00fcr &#8222;Learning by Doing&#8220;. Au\u00dferdem gibt es im Internet bereits viele Seite zur Theorie der Improvisation, f\u00fcr Mentoren und Tutoren kann ich diese Seite empfehlen<a href=\"http:\/\/www.improvise.nl\/\" target=\"_blank\" rel=\"noopener noreferrer\">http:\/\/www.improvise.nl\/<\/a><\/p>\n<h3>Improvisation auf einem einzelnen Akkord<\/h3>\n<p style=\"padding-left: 30px;\">1. W\u00e4hlen Sie die &#8222;Blues 1&#8220;-Tonleiter auf der Magic Flute<\/p>\n<p style=\"padding-left: 30px;\">2. W\u00e4hlen Sie Fl\u00f6te oder Panfl\u00f6te<\/p>\n<p style=\"padding-left: 30px;\">3. Spielen Sie mit diesem Track oder <a href=\"\/mp3\/hot_summer.mp3\">laden Sie sich die MP3-Datei runter<\/a><\/p>\n<script type=\"text\/javascript\">AudioPlayer.setup(\"https:\/\/mybreathmymusic.com\/wp-content\/plugins\/simple-audio-player\/player\/player.swf\", { width: 290 });<\/script><p id=\"audioplayer_3483\"><audio controls><source src=\"\/wp-content\/uploads\/2016\/05\/hot_summer.mp3\" type=\"audio\/mpeg\"><\/audio><\/p><p><script type=\"text\/javascript\">AudioPlayer.embed(\"audioplayer_3483\", {soundFile: \"\/wp-content\/uploads\/2016\/05\/hot_summer.mp3\",  titles: \"My Breath My Music\", autostart: \"no\", loop: \"no\", animation: \"yes\", remaining: \"yes\", noinfo: \"no\", initialvolume: \"70\", buffer: \"5\", encode: \"no\", checkpolicy: \"no\", rtl: \"no\", width: \"100%\", transparentpagebg: \"no\", bg: \"E5E5E5\", leftbg: \"CCCCCC\", lefticon: \"333333\", voltrack: \"F2F2F2\", volslider: \"666666\", rightbg: \"B4B4B4\", rightbghover: \"999999\", righticon: \"333333\", righticonhover: \"FFFFFF\", loader: \"009900\", track: \"FFFFFF\", tracker: \"DDDDDD\", border: \"CCCCCC\", skip: \"666666\", text: \"333333\"});<\/script><\/p>\n<p>Sie k\u00f6nnen die Noten <strong>legato<\/strong> spielen. Das hei\u00dft, dass Sie die Noten weich und verbunden spielen, mehrere Noten mit einem Atemzug. Sie k\u00f6nnen die Noten auch <strong>non-legato spielen<\/strong>, das hei\u00dft jede Note sollte einzeln angesto\u00dfen werden. Das ist eine wichtige Technik. Man sollte nicht immer alle Noten einer Tonleiter nacheinander spielen. Probieren Sie, Noten zu \u00fcberspringen, z.B. ein E nach einem A zu spielen. Eine andere M\u00f6glichkeit der Variation ist es, Noten leise oder laut zu spielen. Am Ende der Seite finden Sie ein Video, in dem Karen die hier beschriebenen Techniken zeigt.<\/p>\n<p style=\"padding-left: 30px;\">1. W\u00e4hlen Sie die &#8222;Blues 1&#8220;-Tonleiter auf der Magic Flute<\/p>\n<p style=\"padding-left: 30px;\">2. W\u00e4hlen Sie ein typisches Blues-Instrument wie Mundharmonika, Saxophon oder Gitarre<\/p>\n<p style=\"padding-left: 30px;\">3. Spielen Sie mit diesem Track oder <a href=\"\/mp3\/roys_blues-playalong.mp3\">laden Sie sich die MP3-Datei runter<\/a><\/p>\n<script type=\"text\/javascript\">AudioPlayer.setup(\"https:\/\/mybreathmymusic.com\/wp-content\/plugins\/simple-audio-player\/player\/player.swf\", { width: 290 });<\/script><p id=\"audioplayer_6365\"><audio controls><source src=\"\/wp-content\/uploads\/2016\/05\/roys_blues-playalong.mp3\" type=\"audio\/mpeg\"><\/audio><\/p><p><script type=\"text\/javascript\">AudioPlayer.embed(\"audioplayer_6365\", {soundFile: \"\/wp-content\/uploads\/2016\/05\/roys_blues-playalong.mp3\",  titles: \"My Breath My Music\", autostart: \"no\", loop: \"no\", animation: \"yes\", remaining: \"yes\", noinfo: \"no\", initialvolume: \"70\", buffer: \"5\", encode: \"no\", checkpolicy: \"no\", rtl: \"no\", width: \"100%\", transparentpagebg: \"no\", bg: \"E5E5E5\", leftbg: \"CCCCCC\", lefticon: \"333333\", voltrack: \"F2F2F2\", volslider: \"666666\", rightbg: \"B4B4B4\", rightbghover: \"999999\", righticon: \"333333\", righticonhover: \"FFFFFF\", loader: \"009900\", track: \"FFFFFF\", tracker: \"DDDDDD\", border: \"CCCCCC\", skip: \"666666\", text: \"333333\"});<\/script><\/p>\n<p>K\u00f6nnen Sie das Thema mitspielen (Es gibt drei Noten, D, C und A)? K\u00f6nnen Sie das Thema variieren? Wenn Sie sich das Thema ganz genau anh\u00f6ren, merken Sie vielleicht, dass es vor dem D ein zus\u00e4tzliches A gibt. K\u00f6nnen Sie es h\u00f6ren und spielen?<\/p>\n<h3>Was Sie noch wissen sollten<\/h3>\n<p>Ein Akkord ist eine Gruppe von drei oder mehr Noten, die gleichzeitig erklingen. Ein Pianist und ein Gitarrist spielen normalerweise Akkorde. Aber verschiedene Instrumente k\u00f6nnen zusammen auch einen Akkord spielen (z.B. drei Bl\u00e4ser). Gibt es irgendwelche Songs, die nur einen Akkord haben? Nat\u00fcrlich, hier nur einige Beispiele von Songs, die nur einen Akkord verwenden:<\/p>\n<p style=\"padding-left: 30px;\">\u2022 Electric avenue \u2022 Eddy Grant<\/p>\n<p style=\"padding-left: 30px;\">\u2022 Exodus \u2022 Bob Marley<\/p>\n<p style=\"padding-left: 30px;\">\u2022 On The Road Again \u2022 Canned Heat<\/p>\n<p style=\"padding-left: 30px;\">\u2022 Showbiz kids \u2022 Steely Dan<\/p>\n<p style=\"padding-left: 30px;\">\u2022 Bad to the Bone \u2022 George Thorogood<\/p>\n<p style=\"padding-left: 30px;\">\u2022 Bullet the blue sky \u2022 U2<\/p>\n<p style=\"padding-left: 30px;\">\u2022 Chain of fools \u2022 Aretha Franklin<\/p>\n<p style=\"padding-left: 30px;\">\u2022 We will rock you \u2022 Queen<\/p>\n<p style=\"padding-left: 30px;\">\u2022 Hey, Bo Diddley \u2022 Bo Diddley<\/p>\n<p style=\"padding-left: 30px;\">\u2022 Lime in the coconut \u2022 Harry Nilson<\/p>\n<p>In vielen Songs ist es der &#8222;Groove&#8220;, der den Song richtig aufleben l\u00e4sst, das rhythmische Zusammenspiel zwischen Bass, Schlagzeug und Keyboard, das einen nicht mehr ruhig l\u00e4sst. Hip Hop, Trance, Ambient und viele andere Stile moderner Musik basieren auf nur einem Akkord. Aber auch im Rock, &#8222;grooven&#8220; die Musiker oft nur zu einem einzelnen Akkord.<\/p>\n<p><strong>Dieses Video zeigt legato und non-legato:<\/strong><\/p>\n<p><iframe loading=\"lazy\" title=\"The Magic Flute - slurred and tongued\" width=\"500\" height=\"375\" src=\"https:\/\/www.youtube.com\/embed\/Dnq4MXO4wOY?feature=oembed\" frameborder=\"0\" allow=\"accelerometer; autoplay; clipboard-write; encrypted-media; gyroscope; picture-in-picture; web-share\" referrerpolicy=\"strict-origin-when-cross-origin\" allowfullscreen><\/iframe><\/p>\n<hr \/>\n<h2>Workshop Magic Flute<\/h2>\n<p>1. <a href=\"\/de\/improviseren-op-de-magic-flute\">Improvisation auf der Magic Flute<\/a><br \/>\n2. <a href=\"\/de\/toon-keuze-en-toon-gebruik\">Wahl der richtigen Tonleiter und Umgang mit Noten<\/a><br \/>\n3.\u00a0<a href=\"\/de\/liedjes-spelen-voor-beginners\">Wie spiele ich ein Lied? Eine Anleitung f\u00fcr Anf\u00e4nger<\/a><br \/>\n4.\u00a0<a href=\"\/de\/de-kracht-van-de-pentatonische-toonladder\">Die Macht der pentatonischen Tonleiter<\/a><br \/>\n5.\u00a0<a href=\"\/de\/verander-uw-computer-in-een-magic-flute-geluidsmodule\">Verwandeln Sie Ihren Computer in ein Soundmodul f\u00fcr die Magic Flute<\/a><br \/>\n6.\u00a0<a href=\"\/de\/pimp-je-schakelaar\">&#8222;Pimp your Switch&#8220;<\/a><br \/>\n7.\u00a0<a href=\"\/de\/werken-met-de-ipad-in-combinatie-met-de-magic-flute\">Die Magic Flute Im Zusammenspiel mit dem iPad<\/a><\/p>","protected":false},"excerpt":{"rendered":"<p>F\u00fcr wen ist dieser Workshop gedacht? Der Workshop ist f\u00fcr Sch\u00fcler und Lehrer gedacht, f\u00fcr Anf\u00e4nger sowie fortgeschrittene Spieler. Es ist sehr einfach, auf der Magic Flute zu improvisieren, da in das Instrument schon so viele verschiedene Tonleitern integriert sind. Eine Tonleiter ist eine feste Abfolge von Noten, z.B. C D E F G A [&hellip;]<\/p>\n","protected":false},"author":7,"featured_media":0,"parent":0,"menu_order":0,"comment_status":"closed","ping_status":"closed","template":"","meta":{"_exactmetrics_skip_tracking":false,"_exactmetrics_sitenote_active":false,"_exactmetrics_sitenote_note":"","_exactmetrics_sitenote_category":0,"footnotes":""},"categories":[],"tags":[],"class_list":["post-325","page","type-page","status-publish","hentry"],"yoast_head":"<!-- This site is optimized with the Yoast SEO plugin v26.5 - https:\/\/yoast.com\/wordpress\/plugins\/seo\/ -->\n<title>Improvisation auf der Magic Flute | My Breath My Music<\/title>\n<meta name=\"robots\" content=\"index, follow, max-snippet:-1, max-image-preview:large, max-video-preview:-1\" \/>\n<link rel=\"canonical\" href=\"https:\/\/mybreathmymusic.com\/de\/improviseren-op-de-magic-flute\" \/>\n<meta property=\"og:locale\" content=\"de_DE\" \/>\n<meta property=\"og:type\" content=\"article\" \/>\n<meta property=\"og:title\" content=\"Improvisation auf der Magic Flute | My Breath My Music\" \/>\n<meta property=\"og:description\" content=\"F\u00fcr wen ist dieser Workshop gedacht? Der Workshop ist f\u00fcr Sch\u00fcler und Lehrer gedacht, f\u00fcr Anf\u00e4nger sowie fortgeschrittene Spieler. Es ist sehr einfach, auf der Magic Flute zu improvisieren, da in das Instrument schon so viele verschiedene Tonleitern integriert sind. Eine Tonleiter ist eine feste Abfolge von Noten, z.B. C D E F G A [&hellip;]\" \/>\n<meta property=\"og:url\" content=\"https:\/\/mybreathmymusic.com\/en\/improviseren-op-de-magic-flute\" \/>\n<meta property=\"og:site_name\" content=\"My Breath My Music\" \/>\n<meta property=\"article:publisher\" content=\"https:\/\/www.facebook.com\/MyBreathMyMusic\/\" \/>\n<meta property=\"article:modified_time\" content=\"2021-06-30T07:22:46+00:00\" \/>\n<meta property=\"og:image\" content=\"https:\/\/mybreathmymusic.com\/wp-content\/uploads\/2016\/04\/cmaj-300x46.gif\" \/>\n<meta name=\"twitter:card\" content=\"summary_large_image\" \/>\n<meta name=\"twitter:label1\" content=\"Gesch\u00e4tzte Lesezeit\" \/>\n\t<meta name=\"twitter:data1\" content=\"4\u00a0Minuten\" \/>\n<script type=\"application\/ld+json\" class=\"yoast-schema-graph\">{\"@context\":\"https:\/\/schema.org\",\"@graph\":[{\"@type\":\"WebPage\",\"@id\":\"https:\/\/mybreathmymusic.com\/en\/improviseren-op-de-magic-flute\",\"url\":\"https:\/\/mybreathmymusic.com\/en\/improviseren-op-de-magic-flute\",\"name\":\"Improvisation auf der Magic Flute | My Breath My Music\",\"isPartOf\":{\"@id\":\"https:\/\/mybreathmymusic.com\/en\/#website\"},\"datePublished\":\"2016-05-23T12:05:34+00:00\",\"dateModified\":\"2021-06-30T07:22:46+00:00\",\"breadcrumb\":{\"@id\":\"https:\/\/mybreathmymusic.com\/en\/improviseren-op-de-magic-flute#breadcrumb\"},\"inLanguage\":\"de\",\"potentialAction\":[{\"@type\":\"ReadAction\",\"target\":[\"https:\/\/mybreathmymusic.com\/en\/improviseren-op-de-magic-flute\"]}]},{\"@type\":\"BreadcrumbList\",\"@id\":\"https:\/\/mybreathmymusic.com\/en\/improviseren-op-de-magic-flute#breadcrumb\",\"itemListElement\":[{\"@type\":\"ListItem\",\"position\":1,\"name\":\"Home\",\"item\":\"https:\/\/mybreathmymusic.com\/\"},{\"@type\":\"ListItem\",\"position\":2,\"name\":\"Improvisation on the Magic Flute\"}]},{\"@type\":\"WebSite\",\"@id\":\"https:\/\/mybreathmymusic.com\/en\/#website\",\"url\":\"https:\/\/mybreathmymusic.com\/en\/\",\"name\":\"My Breath My Music -*- Stichting\",\"description\":\"Muziekinstrumenten voor kinderen met een beperking\",\"publisher\":{\"@id\":\"https:\/\/mybreathmymusic.com\/en\/#organization\"},\"potentialAction\":[{\"@type\":\"SearchAction\",\"target\":{\"@type\":\"EntryPoint\",\"urlTemplate\":\"https:\/\/mybreathmymusic.com\/en\/?s={search_term_string}\"},\"query-input\":{\"@type\":\"PropertyValueSpecification\",\"valueRequired\":true,\"valueName\":\"search_term_string\"}}],\"inLanguage\":\"de\"},{\"@type\":\"Organization\",\"@id\":\"https:\/\/mybreathmymusic.com\/en\/#organization\",\"name\":\"Stichting My Breath My Music\",\"url\":\"https:\/\/mybreathmymusic.com\/en\/\",\"logo\":{\"@type\":\"ImageObject\",\"inLanguage\":\"de\",\"@id\":\"https:\/\/mybreathmymusic.com\/en\/#\/schema\/logo\/image\/\",\"url\":\"https:\/\/mybreathmymusic.com\/wp-content\/uploads\/2016\/04\/logo_mbmm.gif\",\"contentUrl\":\"https:\/\/mybreathmymusic.com\/wp-content\/uploads\/2016\/04\/logo_mbmm.gif\",\"width\":250,\"height\":84,\"caption\":\"Stichting My Breath My Music\"},\"image\":{\"@id\":\"https:\/\/mybreathmymusic.com\/en\/#\/schema\/logo\/image\/\"},\"sameAs\":[\"https:\/\/www.facebook.com\/MyBreathMyMusic\/\"]}]}<\/script>\n<!-- \/ Yoast SEO plugin. -->","yoast_head_json":{"title":"Improvisation auf der Magic Flute | My Breath My Music","robots":{"index":"index","follow":"follow","max-snippet":"max-snippet:-1","max-image-preview":"max-image-preview:large","max-video-preview":"max-video-preview:-1"},"canonical":"https:\/\/mybreathmymusic.com\/de\/improviseren-op-de-magic-flute","og_locale":"de_DE","og_type":"article","og_title":"Improvisation auf der Magic Flute | My Breath My Music","og_description":"F\u00fcr wen ist dieser Workshop gedacht? Der Workshop ist f\u00fcr Sch\u00fcler und Lehrer gedacht, f\u00fcr Anf\u00e4nger sowie fortgeschrittene Spieler. Es ist sehr einfach, auf der Magic Flute zu improvisieren, da in das Instrument schon so viele verschiedene Tonleitern integriert sind. Eine Tonleiter ist eine feste Abfolge von Noten, z.B. C D E F G A [&hellip;]","og_url":"https:\/\/mybreathmymusic.com\/en\/improviseren-op-de-magic-flute","og_site_name":"My Breath My Music","article_publisher":"https:\/\/www.facebook.com\/MyBreathMyMusic\/","article_modified_time":"2021-06-30T07:22:46+00:00","og_image":[{"url":"https:\/\/mybreathmymusic.com\/wp-content\/uploads\/2016\/04\/cmaj-300x46.gif","type":"","width":"","height":""}],"twitter_card":"summary_large_image","twitter_misc":{"Gesch\u00e4tzte Lesezeit":"4\u00a0Minuten"},"schema":{"@context":"https:\/\/schema.org","@graph":[{"@type":"WebPage","@id":"https:\/\/mybreathmymusic.com\/en\/improviseren-op-de-magic-flute","url":"https:\/\/mybreathmymusic.com\/en\/improviseren-op-de-magic-flute","name":"Improvisation auf der Magic Flute | My Breath My Music","isPartOf":{"@id":"https:\/\/mybreathmymusic.com\/en\/#website"},"datePublished":"2016-05-23T12:05:34+00:00","dateModified":"2021-06-30T07:22:46+00:00","breadcrumb":{"@id":"https:\/\/mybreathmymusic.com\/en\/improviseren-op-de-magic-flute#breadcrumb"},"inLanguage":"de","potentialAction":[{"@type":"ReadAction","target":["https:\/\/mybreathmymusic.com\/en\/improviseren-op-de-magic-flute"]}]},{"@type":"BreadcrumbList","@id":"https:\/\/mybreathmymusic.com\/en\/improviseren-op-de-magic-flute#breadcrumb","itemListElement":[{"@type":"ListItem","position":1,"name":"Home","item":"https:\/\/mybreathmymusic.com\/"},{"@type":"ListItem","position":2,"name":"Improvisation on the Magic Flute"}]},{"@type":"WebSite","@id":"https:\/\/mybreathmymusic.com\/en\/#website","url":"https:\/\/mybreathmymusic.com\/en\/","name":"My Breath My Music -*- Stichting","description":"Muziekinstrumenten voor kinderen met een beperking","publisher":{"@id":"https:\/\/mybreathmymusic.com\/en\/#organization"},"potentialAction":[{"@type":"SearchAction","target":{"@type":"EntryPoint","urlTemplate":"https:\/\/mybreathmymusic.com\/en\/?s={search_term_string}"},"query-input":{"@type":"PropertyValueSpecification","valueRequired":true,"valueName":"search_term_string"}}],"inLanguage":"de"},{"@type":"Organization","@id":"https:\/\/mybreathmymusic.com\/en\/#organization","name":"Stichting My Breath My Music","url":"https:\/\/mybreathmymusic.com\/en\/","logo":{"@type":"ImageObject","inLanguage":"de","@id":"https:\/\/mybreathmymusic.com\/en\/#\/schema\/logo\/image\/","url":"https:\/\/mybreathmymusic.com\/wp-content\/uploads\/2016\/04\/logo_mbmm.gif","contentUrl":"https:\/\/mybreathmymusic.com\/wp-content\/uploads\/2016\/04\/logo_mbmm.gif","width":250,"height":84,"caption":"Stichting My Breath My Music"},"image":{"@id":"https:\/\/mybreathmymusic.com\/en\/#\/schema\/logo\/image\/"},"sameAs":["https:\/\/www.facebook.com\/MyBreathMyMusic\/"]}]}},"_links":{"self":[{"href":"https:\/\/mybreathmymusic.com\/de\/wp-json\/wp\/v2\/pages\/325","targetHints":{"allow":["GET"]}}],"collection":[{"href":"https:\/\/mybreathmymusic.com\/de\/wp-json\/wp\/v2\/pages"}],"about":[{"href":"https:\/\/mybreathmymusic.com\/de\/wp-json\/wp\/v2\/types\/page"}],"author":[{"embeddable":true,"href":"https:\/\/mybreathmymusic.com\/de\/wp-json\/wp\/v2\/users\/7"}],"replies":[{"embeddable":true,"href":"https:\/\/mybreathmymusic.com\/de\/wp-json\/wp\/v2\/comments?post=325"}],"version-history":[{"count":2,"href":"https:\/\/mybreathmymusic.com\/de\/wp-json\/wp\/v2\/pages\/325\/revisions"}],"predecessor-version":[{"id":1347,"href":"https:\/\/mybreathmymusic.com\/de\/wp-json\/wp\/v2\/pages\/325\/revisions\/1347"}],"wp:attachment":[{"href":"https:\/\/mybreathmymusic.com\/de\/wp-json\/wp\/v2\/media?parent=325"}],"wp:term":[{"taxonomy":"category","embeddable":true,"href":"https:\/\/mybreathmymusic.com\/de\/wp-json\/wp\/v2\/categories?post=325"},{"taxonomy":"post_tag","embeddable":true,"href":"https:\/\/mybreathmymusic.com\/de\/wp-json\/wp\/v2\/tags?post=325"}],"curies":[{"name":"wp","href":"https:\/\/api.w.org\/{rel}","templated":true}]}}