{"id":310,"date":"2016-05-23T10:22:21","date_gmt":"2016-05-23T08:22:21","guid":{"rendered":"http:\/\/mybreathmymusic.com\/?page_id=310"},"modified":"2023-03-10T20:48:24","modified_gmt":"2023-03-10T19:48:24","slug":"schakelaars","status":"publish","type":"page","link":"https:\/\/mybreathmymusic.com\/de\/schakelaars","title":{"rendered":"Musizieren mit Schaltern"},"content":{"rendered":"<p>\u2018Unsere kostenlose Software f\u00fcr Windows hei\u00dft \u201eMy Switch Music\u201c und man kann sie hier runterladen: <a href=\"https:\/\/mybreathmymusic.com\/wp-content\/uploads\/2023\/03\/SetupMySwitchMusic1077.exe\">Setup MySwitchMusic.exe<\/a><\/p>\n<p><iframe loading=\"lazy\" title=\"My Switch Music - Making music with switches\" width=\"500\" height=\"281\" src=\"https:\/\/www.youtube.com\/embed\/JvAYflUsTPg?feature=oembed\" frameborder=\"0\" allow=\"accelerometer; autoplay; clipboard-write; encrypted-media; gyroscope; picture-in-picture; web-share\" referrerpolicy=\"strict-origin-when-cross-origin\" allowfullscreen><\/iframe><\/p>\n<p><img loading=\"lazy\" decoding=\"async\" class=\"wp-image-704 size-medium alignleft\" src=\"\/wp-content\/uploads\/2016\/05\/schermafdruk-my-switch-music-270x300.png\" alt=\"\" width=\"270\" height=\"300\" srcset=\"https:\/\/mybreathmymusic.com\/wp-content\/uploads\/2016\/05\/schermafdruk-my-switch-music-270x300.png 270w, https:\/\/mybreathmymusic.com\/wp-content\/uploads\/2016\/05\/schermafdruk-my-switch-music-768x852.png 768w, https:\/\/mybreathmymusic.com\/wp-content\/uploads\/2016\/05\/schermafdruk-my-switch-music.png 805w\" sizes=\"auto, (max-width: 270px) 100vw, 270px\" \/><\/p>\n<p><span lang=\"en\">Es ist ein sehr benutzerfreundliches Programm. Das Layout ist klar und verst\u00e4ndlich. Die 8 Pads haben einen optimalen Kontrast f\u00fcr Benutzer mit einer Sehbehinderung. <\/span><\/p>\n<p>Die Verwendungsprinzip ist sehr simpel. Externe Schalter ersetzen bestimmte Tasten auf der Computertastatur. Man kann das Programm auch ohne externe Schalter ausprobieren. Dazu kann man die Tasten 1 2 3 und 0 auf der Computertastatur verwenden.<\/p>\n<p><span lang=\"en\">Um Schalter an den Computer anzuschlie\u00dfen wird ein entsprechendes USB Interface ben\u00f6tigt. <\/span><\/p>\n<p><span lang=\"en\">Auf dem Bild unten links ist ein Xbox Adaptive Game Controller (Microsoft 90\u20ac) zu sehen. Und auf dem rechten Bild ein USB Interface zum Anschluss von Tasten von ATEC ($ 69,95\u00a0 <a href=\"http:\/\/www.atengineering.us\">www.atengineering.us<\/a>)<br \/>\n<\/span><\/p>\n<p><img loading=\"lazy\" decoding=\"async\" class=\"wp-image-703 alignnone\" src=\"\/wp-content\/uploads\/2016\/05\/8b1ec6b4-dda3-440f-9b3f-c478c44e44fc-1024x347.jpg\" alt=\"\" width=\"623\" height=\"208\" \/><\/p>\n<h6>* <span lang=\"en\">Die Musiksoftware wurde speziell f\u00fcr unsere Stiftung entwickelt von <span class=\"il\">Tobias<\/span> Kozlowski und Ruud van der Wel.<\/span><\/h6>\n<h2>Es gibt verschiedene Arten von Schaltern.<\/h2>\n<p>Diese Schalter erm\u00f6glichen Menschen mit stark eingeschr\u00e4nkter Beweglichkeit die Bedienung ihrer Computer, elektrischer Rollst\u00fchle oder anderer Ger\u00e4te. Wir verwenden solche Schalter, um Musik zu machen.<\/p>\n<p>Der Zugang zum Musizieren mit Schaltern ist sehr leicht. Unabh\u00e4ngig vom Grad der Behinderung gibt es immer einen Schalter, der genau richtig f\u00fcr die jeweiligen Anforderungen ist.<\/p>\n<p><img loading=\"lazy\" decoding=\"async\" class=\"alignnone size-full wp-image-132\" src=\"\/wp-content\/uploads\/2016\/04\/schakelaars1.jpg\" alt=\"schakelaars1\" width=\"600\" height=\"118\" srcset=\"https:\/\/mybreathmymusic.com\/wp-content\/uploads\/2016\/04\/schakelaars1.jpg 600w, https:\/\/mybreathmymusic.com\/wp-content\/uploads\/2016\/04\/schakelaars1-300x59.jpg 300w\" sizes=\"auto, (max-width: 600px) 100vw, 600px\" \/><\/p>\n<h2 class=\"western\">Musikalische Improvisation mit Schaltern<\/h2>\n<p>Improvisation bietet die M\u00f6glichkeit, seine eigene Musik zu erschaffen, hier und jetzt, ohne viel dar\u00fcber nachdenken zu m\u00fcssen. Es ist eine wunderbare Art, sich selber auszudr\u00fccken. Kinder k\u00f6nnen mit der Improvisation schon im fr\u00fchen Alter beginnen. Sie f\u00f6rdert ihre mentale Entwicklung. Jemand, der gut Musik improvisiert, kann dies oft auch im t\u00e4glichen Leben.<\/p>\n<p>Man kann bis zu 4 Schalter anschlie\u00dfen. Es muss aber nicht so sein. Man kann auch mit nur 1 Schalter arbeiten.<\/p>\n<ul>\n<li>ein Schalter um einen Schritt in der Tonleiter nach oben zu gehen<\/li>\n<li>ein Schalter um einen Schritt in der Tonleiter nach unten zu gehen<\/li>\n<li>ein Schalter um die letzte Note zu wiederholen<\/li>\n<li>ein (Intervall-)Schalter\u00a0 um einen oder mehrere Tonebells zu \u00fcberspringen, wenn die n\u00e4chste Note gespielt wird.<\/li>\n<\/ul>\n<h2>Das Men\u00fc<\/h2>\n<p><img loading=\"lazy\" decoding=\"async\" class=\"alignleft wp-image-707 \" src=\"\/wp-content\/uploads\/2016\/05\/menu-My-Switch-Music.png\" alt=\"\" width=\"629\" height=\"51\" srcset=\"https:\/\/mybreathmymusic.com\/wp-content\/uploads\/2016\/05\/menu-My-Switch-Music.png 654w, https:\/\/mybreathmymusic.com\/wp-content\/uploads\/2016\/05\/menu-My-Switch-Music-300x24.png 300w\" sizes=\"auto, (max-width: 629px) 100vw, 629px\" \/><\/p>\n<h2><\/h2>\n<ul>\n<li>W\u00e4hle den Ausgang aus<\/li>\n<li>Transponiere das Instrument in die richtige Tonart<\/li>\n<li>Transponier das Instrument eine Oktave rauf oder runter<\/li>\n<li>Lege fest, wie lange der Klang ausklingt<\/li>\n<li>Erstelle und speichere Deine eigenen Toleitern<\/li>\n<li>W\u00e4hle eine Tonleiter aus<\/li>\n<li>W\u00e4hle Dein Instrument<\/li>\n<\/ul>\n<h2>Perfekter Klang mit gesampleten Sounds und einem virtuellen MIDI Kabel<\/h2>\n<p><span lang=\"en\">In dem unten gezeigten Video improvisiert Cedric ein Musikst\u00fcck mit 4 Schaltern. The sound that you hear is that of a sampled trumpet.<\/span><\/p>\n<h2><iframe loading=\"lazy\" src=\"\/\/www.youtube.com\/embed\/oWhRiwL66q4\" width=\"560\" height=\"314\" allowfullscreen=\"allowfullscreen\" data-mce-fragment=\"1\"><\/iframe><\/h2>\n<p><span lang=\"en\">Man kann mit MySwitchMusic andere Musiksoftware steuern. F\u00fcr das Einstellen ben\u00f6tigt man ein wenig Erfahrung mit dem Computer. Man ben\u00f6tigt ein virtuelles MIDI Kabel und ein Musikprogramm.<br \/>\n<\/span><span lang=\"en\">In dem Beispiel verwende ich <\/span><a href=\"http:\/\/www.nerds.de\/en\/loopbe1.html\">LoopBe1 (gratis)<\/a> und den kostenlosen Kontakt Player von <a href=\"https:\/\/www.native-instruments.com\">Native instruments.<\/a><\/p>\n<p><img loading=\"lazy\" decoding=\"async\" class=\"wp-image-706 size-full alignleft\" src=\"\/wp-content\/uploads\/2016\/05\/midicable.png\" alt=\"\" width=\"286\" height=\"221\" \/><\/p>\n<p>Nach der Installation erscheint LoopBe im Out Menu. Neben dem Kontakt Player ben\u00f6tigt man die kostenlose Sound Library von der Homepage von Native Instruments.<\/p>\n<p><span lang=\"en\">Bei einem Sampler handelt es sich um ein Musik Instrument, das Kl\u00e4nge erzeugt, indem es digitalisierte Soundfragmente abspielt. Das klingt dann wie das echte Instrument. Sch\u00f6ne Kl\u00e4nge ergeben sch\u00f6ne Musik.<\/span><\/p>\n<p><span lang=\"en\">Im Sample Player findest Du den MIDI Tab unter Optionen. W\u00e4hle LoopBe1 und verbinde es mit Port A. Lade danach ein Instrument in den Player und w\u00e4hle ebenfalls Port A. <\/span><\/p>\n<p><img loading=\"lazy\" decoding=\"async\" class=\"alignleft wp-image-708\" src=\"\/wp-content\/uploads\/2016\/05\/loop-B.png\" alt=\"\" width=\"600\" height=\"227\" srcset=\"https:\/\/mybreathmymusic.com\/wp-content\/uploads\/2016\/05\/loop-B.png 654w, https:\/\/mybreathmymusic.com\/wp-content\/uploads\/2016\/05\/loop-B-300x113.png 300w\" sizes=\"auto, (max-width: 600px) 100vw, 600px\" \/><\/p>\n<p>&nbsp;<\/p>\n<p>&nbsp;<\/p>\n<p>&nbsp;<\/p>\n<p>&nbsp;<\/p>\n<p>&nbsp;<\/p>\n<p>&nbsp;<\/p>\n<p>&nbsp;<\/p>\n<p>Ruud &amp; Tobias &#8211; Augustus 2018<\/p>","protected":false},"excerpt":{"rendered":"<p>\u2018Unsere kostenlose Software f\u00fcr Windows hei\u00dft \u201eMy Switch Music\u201c und man kann sie hier runterladen: Setup MySwitchMusic.exe Es ist ein sehr benutzerfreundliches Programm. Das Layout ist klar und verst\u00e4ndlich. Die 8 Pads haben einen optimalen Kontrast f\u00fcr Benutzer mit einer Sehbehinderung. Die Verwendungsprinzip ist sehr simpel. Externe Schalter ersetzen bestimmte Tasten auf der Computertastatur. Man [&hellip;]<\/p>\n","protected":false},"author":7,"featured_media":0,"parent":0,"menu_order":0,"comment_status":"closed","ping_status":"closed","template":"","meta":{"_exactmetrics_skip_tracking":false,"_exactmetrics_sitenote_active":false,"_exactmetrics_sitenote_note":"","_exactmetrics_sitenote_category":0,"footnotes":""},"categories":[],"tags":[],"class_list":["post-310","page","type-page","status-publish","hentry"],"yoast_head":"<!-- This site is optimized with the Yoast SEO plugin v26.5 - https:\/\/yoast.com\/wordpress\/plugins\/seo\/ -->\n<title>Musizieren mit Schaltern | My Breath My Music<\/title>\n<meta name=\"robots\" content=\"index, follow, max-snippet:-1, max-image-preview:large, max-video-preview:-1\" \/>\n<link rel=\"canonical\" href=\"https:\/\/mybreathmymusic.com\/de\/schakelaars\" \/>\n<meta property=\"og:locale\" content=\"de_DE\" \/>\n<meta property=\"og:type\" content=\"article\" \/>\n<meta property=\"og:title\" content=\"Musizieren mit Schaltern | My Breath My Music\" \/>\n<meta property=\"og:description\" content=\"\u2018Unsere kostenlose Software f\u00fcr Windows hei\u00dft \u201eMy Switch Music\u201c und man kann sie hier runterladen: Setup MySwitchMusic.exe Es ist ein sehr benutzerfreundliches Programm. Das Layout ist klar und verst\u00e4ndlich. Die 8 Pads haben einen optimalen Kontrast f\u00fcr Benutzer mit einer Sehbehinderung. Die Verwendungsprinzip ist sehr simpel. Externe Schalter ersetzen bestimmte Tasten auf der Computertastatur. Man [&hellip;]\" \/>\n<meta property=\"og:url\" content=\"https:\/\/mybreathmymusic.com\/schakelaars\" \/>\n<meta property=\"og:site_name\" content=\"My Breath My Music\" \/>\n<meta property=\"article:publisher\" content=\"https:\/\/www.facebook.com\/MyBreathMyMusic\/\" \/>\n<meta property=\"article:modified_time\" content=\"2023-03-10T19:48:24+00:00\" \/>\n<meta property=\"og:image\" content=\"https:\/\/mybreathmymusic.com\/wp-content\/uploads\/2021\/07\/settings.jpg\" \/>\n<meta name=\"twitter:card\" content=\"summary_large_image\" \/>\n<meta name=\"twitter:label1\" content=\"Gesch\u00e4tzte Lesezeit\" \/>\n\t<meta name=\"twitter:data1\" content=\"5\u00a0Minuten\" \/>\n<script type=\"application\/ld+json\" class=\"yoast-schema-graph\">{\"@context\":\"https:\/\/schema.org\",\"@graph\":[{\"@type\":\"WebPage\",\"@id\":\"https:\/\/mybreathmymusic.com\/schakelaars\",\"url\":\"https:\/\/mybreathmymusic.com\/schakelaars\",\"name\":\"Musizieren mit Schaltern | My Breath My Music\",\"isPartOf\":{\"@id\":\"https:\/\/mybreathmymusic.com\/en\/#website\"},\"primaryImageOfPage\":{\"@id\":\"https:\/\/mybreathmymusic.com\/schakelaars#primaryimage\"},\"image\":{\"@id\":\"https:\/\/mybreathmymusic.com\/schakelaars#primaryimage\"},\"thumbnailUrl\":\"https:\/\/mybreathmymusic.com\/wp-content\/uploads\/2021\/07\/settings.jpg\",\"datePublished\":\"2016-05-23T08:22:21+00:00\",\"dateModified\":\"2023-03-10T19:48:24+00:00\",\"breadcrumb\":{\"@id\":\"https:\/\/mybreathmymusic.com\/schakelaars#breadcrumb\"},\"inLanguage\":\"de\",\"potentialAction\":[{\"@type\":\"ReadAction\",\"target\":[\"https:\/\/mybreathmymusic.com\/schakelaars\"]}]},{\"@type\":\"ImageObject\",\"inLanguage\":\"de\",\"@id\":\"https:\/\/mybreathmymusic.com\/schakelaars#primaryimage\",\"url\":\"https:\/\/mybreathmymusic.com\/wp-content\/uploads\/2021\/07\/settings.jpg\",\"contentUrl\":\"https:\/\/mybreathmymusic.com\/wp-content\/uploads\/2021\/07\/settings.jpg\"},{\"@type\":\"BreadcrumbList\",\"@id\":\"https:\/\/mybreathmymusic.com\/schakelaars#breadcrumb\",\"itemListElement\":[{\"@type\":\"ListItem\",\"position\":1,\"name\":\"Home\",\"item\":\"https:\/\/mybreathmymusic.com\/\"},{\"@type\":\"ListItem\",\"position\":2,\"name\":\"Muziek maken met schakelaars.\"}]},{\"@type\":\"WebSite\",\"@id\":\"https:\/\/mybreathmymusic.com\/en\/#website\",\"url\":\"https:\/\/mybreathmymusic.com\/en\/\",\"name\":\"My Breath My Music -*- Stichting\",\"description\":\"Muziekinstrumenten voor kinderen met een beperking\",\"publisher\":{\"@id\":\"https:\/\/mybreathmymusic.com\/en\/#organization\"},\"potentialAction\":[{\"@type\":\"SearchAction\",\"target\":{\"@type\":\"EntryPoint\",\"urlTemplate\":\"https:\/\/mybreathmymusic.com\/en\/?s={search_term_string}\"},\"query-input\":{\"@type\":\"PropertyValueSpecification\",\"valueRequired\":true,\"valueName\":\"search_term_string\"}}],\"inLanguage\":\"de\"},{\"@type\":\"Organization\",\"@id\":\"https:\/\/mybreathmymusic.com\/en\/#organization\",\"name\":\"Stichting My Breath My Music\",\"url\":\"https:\/\/mybreathmymusic.com\/en\/\",\"logo\":{\"@type\":\"ImageObject\",\"inLanguage\":\"de\",\"@id\":\"https:\/\/mybreathmymusic.com\/en\/#\/schema\/logo\/image\/\",\"url\":\"https:\/\/mybreathmymusic.com\/wp-content\/uploads\/2016\/04\/logo_mbmm.gif\",\"contentUrl\":\"https:\/\/mybreathmymusic.com\/wp-content\/uploads\/2016\/04\/logo_mbmm.gif\",\"width\":250,\"height\":84,\"caption\":\"Stichting My Breath My Music\"},\"image\":{\"@id\":\"https:\/\/mybreathmymusic.com\/en\/#\/schema\/logo\/image\/\"},\"sameAs\":[\"https:\/\/www.facebook.com\/MyBreathMyMusic\/\"]}]}<\/script>\n<!-- \/ Yoast SEO plugin. -->","yoast_head_json":{"title":"Musizieren mit Schaltern | My Breath My Music","robots":{"index":"index","follow":"follow","max-snippet":"max-snippet:-1","max-image-preview":"max-image-preview:large","max-video-preview":"max-video-preview:-1"},"canonical":"https:\/\/mybreathmymusic.com\/de\/schakelaars","og_locale":"de_DE","og_type":"article","og_title":"Musizieren mit Schaltern | My Breath My Music","og_description":"\u2018Unsere kostenlose Software f\u00fcr Windows hei\u00dft \u201eMy Switch Music\u201c und man kann sie hier runterladen: Setup MySwitchMusic.exe Es ist ein sehr benutzerfreundliches Programm. Das Layout ist klar und verst\u00e4ndlich. Die 8 Pads haben einen optimalen Kontrast f\u00fcr Benutzer mit einer Sehbehinderung. Die Verwendungsprinzip ist sehr simpel. Externe Schalter ersetzen bestimmte Tasten auf der Computertastatur. Man [&hellip;]","og_url":"https:\/\/mybreathmymusic.com\/schakelaars","og_site_name":"My Breath My Music","article_publisher":"https:\/\/www.facebook.com\/MyBreathMyMusic\/","article_modified_time":"2023-03-10T19:48:24+00:00","og_image":[{"url":"https:\/\/mybreathmymusic.com\/wp-content\/uploads\/2021\/07\/settings.jpg","type":"","width":"","height":""}],"twitter_card":"summary_large_image","twitter_misc":{"Gesch\u00e4tzte Lesezeit":"5\u00a0Minuten"},"schema":{"@context":"https:\/\/schema.org","@graph":[{"@type":"WebPage","@id":"https:\/\/mybreathmymusic.com\/schakelaars","url":"https:\/\/mybreathmymusic.com\/schakelaars","name":"Musizieren mit Schaltern | My Breath My Music","isPartOf":{"@id":"https:\/\/mybreathmymusic.com\/en\/#website"},"primaryImageOfPage":{"@id":"https:\/\/mybreathmymusic.com\/schakelaars#primaryimage"},"image":{"@id":"https:\/\/mybreathmymusic.com\/schakelaars#primaryimage"},"thumbnailUrl":"https:\/\/mybreathmymusic.com\/wp-content\/uploads\/2021\/07\/settings.jpg","datePublished":"2016-05-23T08:22:21+00:00","dateModified":"2023-03-10T19:48:24+00:00","breadcrumb":{"@id":"https:\/\/mybreathmymusic.com\/schakelaars#breadcrumb"},"inLanguage":"de","potentialAction":[{"@type":"ReadAction","target":["https:\/\/mybreathmymusic.com\/schakelaars"]}]},{"@type":"ImageObject","inLanguage":"de","@id":"https:\/\/mybreathmymusic.com\/schakelaars#primaryimage","url":"https:\/\/mybreathmymusic.com\/wp-content\/uploads\/2021\/07\/settings.jpg","contentUrl":"https:\/\/mybreathmymusic.com\/wp-content\/uploads\/2021\/07\/settings.jpg"},{"@type":"BreadcrumbList","@id":"https:\/\/mybreathmymusic.com\/schakelaars#breadcrumb","itemListElement":[{"@type":"ListItem","position":1,"name":"Home","item":"https:\/\/mybreathmymusic.com\/"},{"@type":"ListItem","position":2,"name":"Muziek maken met schakelaars."}]},{"@type":"WebSite","@id":"https:\/\/mybreathmymusic.com\/en\/#website","url":"https:\/\/mybreathmymusic.com\/en\/","name":"My Breath My Music -*- Stichting","description":"Muziekinstrumenten voor kinderen met een beperking","publisher":{"@id":"https:\/\/mybreathmymusic.com\/en\/#organization"},"potentialAction":[{"@type":"SearchAction","target":{"@type":"EntryPoint","urlTemplate":"https:\/\/mybreathmymusic.com\/en\/?s={search_term_string}"},"query-input":{"@type":"PropertyValueSpecification","valueRequired":true,"valueName":"search_term_string"}}],"inLanguage":"de"},{"@type":"Organization","@id":"https:\/\/mybreathmymusic.com\/en\/#organization","name":"Stichting My Breath My Music","url":"https:\/\/mybreathmymusic.com\/en\/","logo":{"@type":"ImageObject","inLanguage":"de","@id":"https:\/\/mybreathmymusic.com\/en\/#\/schema\/logo\/image\/","url":"https:\/\/mybreathmymusic.com\/wp-content\/uploads\/2016\/04\/logo_mbmm.gif","contentUrl":"https:\/\/mybreathmymusic.com\/wp-content\/uploads\/2016\/04\/logo_mbmm.gif","width":250,"height":84,"caption":"Stichting My Breath My Music"},"image":{"@id":"https:\/\/mybreathmymusic.com\/en\/#\/schema\/logo\/image\/"},"sameAs":["https:\/\/www.facebook.com\/MyBreathMyMusic\/"]}]}},"_links":{"self":[{"href":"https:\/\/mybreathmymusic.com\/de\/wp-json\/wp\/v2\/pages\/310","targetHints":{"allow":["GET"]}}],"collection":[{"href":"https:\/\/mybreathmymusic.com\/de\/wp-json\/wp\/v2\/pages"}],"about":[{"href":"https:\/\/mybreathmymusic.com\/de\/wp-json\/wp\/v2\/types\/page"}],"author":[{"embeddable":true,"href":"https:\/\/mybreathmymusic.com\/de\/wp-json\/wp\/v2\/users\/7"}],"replies":[{"embeddable":true,"href":"https:\/\/mybreathmymusic.com\/de\/wp-json\/wp\/v2\/comments?post=310"}],"version-history":[{"count":19,"href":"https:\/\/mybreathmymusic.com\/de\/wp-json\/wp\/v2\/pages\/310\/revisions"}],"predecessor-version":[{"id":1967,"href":"https:\/\/mybreathmymusic.com\/de\/wp-json\/wp\/v2\/pages\/310\/revisions\/1967"}],"wp:attachment":[{"href":"https:\/\/mybreathmymusic.com\/de\/wp-json\/wp\/v2\/media?parent=310"}],"wp:term":[{"taxonomy":"category","embeddable":true,"href":"https:\/\/mybreathmymusic.com\/de\/wp-json\/wp\/v2\/categories?post=310"},{"taxonomy":"post_tag","embeddable":true,"href":"https:\/\/mybreathmymusic.com\/de\/wp-json\/wp\/v2\/tags?post=310"}],"curies":[{"name":"wp","href":"https:\/\/api.w.org\/{rel}","templated":true}]}}