{"id":309,"date":"2016-05-23T10:22:00","date_gmt":"2016-05-23T08:22:00","guid":{"rendered":"http:\/\/mybreathmymusic.com\/?page_id=309"},"modified":"2026-02-16T15:55:13","modified_gmt":"2026-02-16T14:55:13","slug":"magic-flute","status":"publish","type":"page","link":"https:\/\/mybreathmymusic.com\/de\/magic-flute","title":{"rendered":"Die Magic Flute &#8211; der Stand Ihres Kopfes bestimmt die Tonh\u00f6he"},"content":{"rendered":"<p><iframe loading=\"lazy\" src=\"\/\/www.youtube.com\/embed\/tICPTmz1gfo\" width=\"560\" height=\"314\" allowfullscreen=\"allowfullscreen\"><\/iframe><\/p>\n<p>Die Magic Flute ist ein pr\u00e4chtiges und leicht zu bespielendes Instrument. Man kann sie ohne H\u00e4nde spielen und braucht nur ein kleines bisschen Lungenvolumen. Die Tonh\u00f6he dieser elektronischen Fl\u00f6te wird bestimmt durch den Kopf nach oben oder unten zu bewegen. Es funktioniert wie eine Art Wippe. Ein Gyroskop in der Mitte der &#8222;Wippe&#8220; setzt die Kopfbewegungen um in elektrische Signale. Die Magic Flute ist ein &#8222;stand-alone&#8220; Instrument. Unter &#8222;stand-alone&#8220; verstehen wir die Ger\u00e4te die ganz selbstst\u00e4ndig k\u00f6nnen arbeiten; einfach anschalten und spielen. Hierdurch ist die Magic Flute ein besonders benutzerfreundliches Instrument.<br \/>\nSie k\u00f6nnen das Instrument bei AudioRhoon kaufen info@audiorhoon.nl  <a href=\"https:\/\/mybreathmymusic.com\/wp-content\/uploads\/2022\/06\/pricelist-Magic-Flute-GroovTube-Quintet-2022-april.pdf\" target=\"_blank\" rel=\"noopener\">Pricelist<\/a><\/p>\n<p>Man kann auf ihr Lieder spielen oder einfach improvisieren. Aus Erfahrungen im Alltag l\u00e4sst sich schlie\u00dfen, dass die Magic Flute schon ab fr\u00fchester Kindheit gespielt werden kann. Au\u00dferdem ist die Magic Flute geeignet f\u00fcr Menschen mit einem niedrigen kognitiven Niveau.<\/p>\n<p>Es k\u00f6nnen n\u00e4mlich verschiedene Tonleitern abgerufen werden. Ohne jegliche Erfahrung mit Musik kann der Benutzer in k\u00fcrzester Zeit pr\u00e4chtige Musik machen. Dies macht die Magic Flute einzigartig und brauchbar f\u00fcr verschiedene Therapieformen.<\/p>\n<p>Aber das ist nicht alles. Es ist auch m\u00f6glich das Spielen von Melodien zu erlernen. Allerdings sind nicht alle Lieder einfach zu erlernen. Auf der Internetseite finden Sie einen sich immer gr\u00f6\u00dfer werdende Auswahl von Blattmusik die Sie gratis downloaden k\u00f6nnen.<\/p>\n<h2>Die Magic Flute ist vollst\u00e4ndig durch den Benutzer selbst bedienbar<\/h2>\n<p>Die Magic Flute besteht aus seiner Fl\u00f6te und einem Kontrollger\u00e4t mit Display. Die Fl\u00f6te ist gleichzeitig die Bedienung des Ger\u00e4tes. Der Musikant kann also selbst einen anderen Sound ausw\u00e4hlen oder die Benutzereinstellung \u00e4ndern nach eigenen W\u00fcnschen. Dies geht nat\u00fcrlich auch ohne Arme benutzen zu m\u00fcssen.<\/p>\n<p>Die interne Soundkarte beinhaltet 128 verschiedene Instrumente. Hierdurch k\u00f6nnen Sie eine breite Skala von Instrumenten produzieren: Fl\u00f6te, Trompete, Saxofon, und sogar kreischende Gitarren. Aber es gibt noch mehr. Das Instrument kann \u00fcber ein MIDI-kabel an andere elektrische Ger\u00e4uschbrunnen angeschlossen werden, wie zum Beispiel Keyboard, Synthesizer oder Musikcomputer.<\/p>\n<p>Die Magic Flute ist urspr\u00fcnglich entwickelt als angepasstes Musikinstrument f\u00fcr Menschen mit wenig oder keiner M\u00f6glichkeit die Arme zu bewegen. Das Ziel ist es Menschen, mit verschiedenen Handicaps zu erm\u00f6glichen elektronische Musik zu machen in h\u00f6chst m\u00f6glicher Qualit\u00e4t. Au\u00dferdem ist es eine neue Art Atem\u00fcbungen aus zu f\u00fchren. Mit der Magic Flute werden die Atem\u00fcbungen nie langweilig und dass gleichzeitig Musik ert\u00f6nt ist eine sch\u00f6ne Belohnung.<\/p>\n<h2>Die Magic Flute ist f\u00fcr und durch uns entwickelt<\/h2>\n<p>Die Magic Flute ist entstanden aus dem Programm &#8222;My breath My music&#8220; Wir haben mit Hilfe aus Amerika und Irland dieses einzigartige Instrument entwickelt. Das Instrument ist entworfen durch die Initiative von David Whalen (New York) und Ruud van der Wel (Gr\u00fcnder der Stiftung My Breath My Music). David hat nach einem Skiunfall eine Querschnittsl\u00e4hmung (C4) erlitten. In seiner Freizeit spielt er Mundharmonika und musiziert mit Hilfe des Computers. \u00dcber die Internetseite von My Breath My Music kam er in Kontakt mit Ruud. David ist sehr Creatief und so entstand die Idee eine &#8222;slide-flute&#8220; zu benutzen. Dies ist eine akustische Fl\u00f6te bei der man die Tonh\u00f6he variiert in dem man ein Regler (slide) verschiebt. Durch das Fixieren des Reglers konnte David die Tonh\u00f6he beeinflussen in dem er seinen Kopf bewegte.<\/p>\n<p>Richtig einfach war das bespielen diese Instruments nicht. Ziemlich schnell entstand der Plan eine elektronische Version der slide-flute bauen zu lassen. Nachdem alle Pl\u00e4ne gut dokumentiert waren wurden Universit\u00e4ten aus Amerika, England und den Niederlanden angeschrieben mit der Frage nach Hilfe bei diesem Projekt. Ein Student von einer technischen Universit\u00e4t in Amerika hat diese Pl\u00e4ne in seiner Diplomarbeit ausgearbeitet. Leider war das Ergebnis nicht zufriedenstellend.<\/p>\n<p>In dieser Zeit begann Brian Dillon aus Irland eine Rolle zu spielen. Brian und Ruud sind einander auf einem Kongress in Arnheim begegnet. Brian hat eine Firma (&#8222;Unique Perspectives&#8220;) in Kilkenny in Irland. Er ist spezialisiert auf Entw\u00fcrfe im elektronischen Gebiet. Er entwickelt die verschiedensten Produkte f\u00fcr Menschen mit Handicap. So machte er zum Beispiel das Telefon zug\u00e4nglicher mit seinem &#8222;click to phone&#8220;, entwarf er verschiedene Rollstuhlbedienungen und er hat mit gro\u00dfem Erfolg ein Musikapparat auf den Markt gebracht der mit Schaltern betrieben wird (Quintet).<\/p>\n<p>\u00dcber E-mail entstand eine sehr fruchtbare Zusammenarbeit zwischen Brian, David und Ruud. Nach weniger als einem Jahr war der Prototyp der Magic Flute fertig.<\/p>\n<p><img loading=\"lazy\" decoding=\"async\" class=\"alignnone size-full wp-image-103\" src=\"\/wp-content\/uploads\/2016\/04\/mf_brianruud.jpg\" alt=\"mf_brian+ruud\" width=\"600\" height=\"450\" srcset=\"https:\/\/mybreathmymusic.com\/wp-content\/uploads\/2016\/04\/mf_brianruud.jpg 600w, https:\/\/mybreathmymusic.com\/wp-content\/uploads\/2016\/04\/mf_brianruud-300x225.jpg 300w\" sizes=\"auto, (max-width: 600px) 100vw, 600px\" \/><\/p>\n<p>Der Prototyp der Magic Flute ist durch ein paar Benutzer intensiv getestet. So konnten noch ein viele Verbesserungen vorgenommen werden. Auf diesem Weg ist die Fl\u00f6te auch die Bedienung geworden. Eines externen Kontrollger\u00e4tes. Dieses Ger\u00e4t ist vollst\u00e4ndig bedienbar durch saugen und blasen. Auf dem Display ist zu sehen welche Note gerade gespielt wird. Au\u00dferdem hat sich entschieden eine Soundkarte einzubauen. Hierdurch braucht man nur ein Paar Computerlautsprecher um die Magic Flute benutzen zu k\u00f6nnen.<\/p>","protected":false},"excerpt":{"rendered":"<p>Die Magic Flute ist ein pr\u00e4chtiges und leicht zu bespielendes Instrument. Man kann sie ohne H\u00e4nde spielen und braucht nur ein kleines bisschen Lungenvolumen. Die Tonh\u00f6he dieser elektronischen Fl\u00f6te wird bestimmt durch den Kopf nach oben oder unten zu bewegen. Es funktioniert wie eine Art Wippe. Ein Gyroskop in der Mitte der &#8222;Wippe&#8220; setzt die [&hellip;]<\/p>\n","protected":false},"author":7,"featured_media":0,"parent":0,"menu_order":0,"comment_status":"closed","ping_status":"closed","template":"","meta":{"_exactmetrics_skip_tracking":false,"_exactmetrics_sitenote_active":false,"_exactmetrics_sitenote_note":"","_exactmetrics_sitenote_category":0,"footnotes":""},"categories":[],"tags":[],"class_list":["post-309","page","type-page","status-publish","hentry"],"yoast_head":"<!-- This site is optimized with the Yoast SEO plugin v26.5 - https:\/\/yoast.com\/wordpress\/plugins\/seo\/ -->\n<title>Die Magic Flute - der Stand Ihres Kopfes bestimmt die Tonh\u00f6he | My Breath My Music<\/title>\n<meta name=\"robots\" content=\"index, follow, max-snippet:-1, max-image-preview:large, max-video-preview:-1\" \/>\n<link rel=\"canonical\" href=\"https:\/\/mybreathmymusic.com\/de\/magic-flute\" \/>\n<meta property=\"og:locale\" content=\"de_DE\" \/>\n<meta property=\"og:type\" content=\"article\" \/>\n<meta property=\"og:title\" content=\"Die Magic Flute - der Stand Ihres Kopfes bestimmt die Tonh\u00f6he | My Breath My Music\" \/>\n<meta property=\"og:description\" content=\"Die Magic Flute ist ein pr\u00e4chtiges und leicht zu bespielendes Instrument. Man kann sie ohne H\u00e4nde spielen und braucht nur ein kleines bisschen Lungenvolumen. Die Tonh\u00f6he dieser elektronischen Fl\u00f6te wird bestimmt durch den Kopf nach oben oder unten zu bewegen. Es funktioniert wie eine Art Wippe. Ein Gyroskop in der Mitte der &#8222;Wippe&#8220; setzt die [&hellip;]\" \/>\n<meta property=\"og:url\" content=\"https:\/\/mybreathmymusic.com\/magic-flute\" \/>\n<meta property=\"og:site_name\" content=\"My Breath My Music\" \/>\n<meta property=\"article:publisher\" content=\"https:\/\/www.facebook.com\/MyBreathMyMusic\/\" \/>\n<meta property=\"article:modified_time\" content=\"2026-02-16T14:55:13+00:00\" \/>\n<meta name=\"twitter:card\" content=\"summary_large_image\" \/>\n<meta name=\"twitter:label1\" content=\"Gesch\u00e4tzte Lesezeit\" \/>\n\t<meta name=\"twitter:data1\" content=\"5\u00a0Minuten\" \/>\n<script type=\"application\/ld+json\" class=\"yoast-schema-graph\">{\"@context\":\"https:\/\/schema.org\",\"@graph\":[{\"@type\":\"WebPage\",\"@id\":\"https:\/\/mybreathmymusic.com\/magic-flute\",\"url\":\"https:\/\/mybreathmymusic.com\/magic-flute\",\"name\":\"Die Magic Flute - der Stand Ihres Kopfes bestimmt die Tonh\u00f6he | My Breath My Music\",\"isPartOf\":{\"@id\":\"https:\/\/mybreathmymusic.com\/en\/#website\"},\"datePublished\":\"2016-05-23T08:22:00+00:00\",\"dateModified\":\"2026-02-16T14:55:13+00:00\",\"breadcrumb\":{\"@id\":\"https:\/\/mybreathmymusic.com\/magic-flute#breadcrumb\"},\"inLanguage\":\"de\",\"potentialAction\":[{\"@type\":\"ReadAction\",\"target\":[\"https:\/\/mybreathmymusic.com\/magic-flute\"]}]},{\"@type\":\"BreadcrumbList\",\"@id\":\"https:\/\/mybreathmymusic.com\/magic-flute#breadcrumb\",\"itemListElement\":[{\"@type\":\"ListItem\",\"position\":1,\"name\":\"Home\",\"item\":\"https:\/\/mybreathmymusic.com\/\"},{\"@type\":\"ListItem\",\"position\":2,\"name\":\"De Magic Flute &#8211; de stand van uw hoofd bepaalt de toonhoogte\"}]},{\"@type\":\"WebSite\",\"@id\":\"https:\/\/mybreathmymusic.com\/en\/#website\",\"url\":\"https:\/\/mybreathmymusic.com\/en\/\",\"name\":\"My Breath My Music -*- Stichting\",\"description\":\"Muziekinstrumenten voor kinderen met een beperking\",\"publisher\":{\"@id\":\"https:\/\/mybreathmymusic.com\/en\/#organization\"},\"potentialAction\":[{\"@type\":\"SearchAction\",\"target\":{\"@type\":\"EntryPoint\",\"urlTemplate\":\"https:\/\/mybreathmymusic.com\/en\/?s={search_term_string}\"},\"query-input\":{\"@type\":\"PropertyValueSpecification\",\"valueRequired\":true,\"valueName\":\"search_term_string\"}}],\"inLanguage\":\"de\"},{\"@type\":\"Organization\",\"@id\":\"https:\/\/mybreathmymusic.com\/en\/#organization\",\"name\":\"Stichting My Breath My Music\",\"url\":\"https:\/\/mybreathmymusic.com\/en\/\",\"logo\":{\"@type\":\"ImageObject\",\"inLanguage\":\"de\",\"@id\":\"https:\/\/mybreathmymusic.com\/en\/#\/schema\/logo\/image\/\",\"url\":\"https:\/\/mybreathmymusic.com\/wp-content\/uploads\/2016\/04\/logo_mbmm.gif\",\"contentUrl\":\"https:\/\/mybreathmymusic.com\/wp-content\/uploads\/2016\/04\/logo_mbmm.gif\",\"width\":250,\"height\":84,\"caption\":\"Stichting My Breath My Music\"},\"image\":{\"@id\":\"https:\/\/mybreathmymusic.com\/en\/#\/schema\/logo\/image\/\"},\"sameAs\":[\"https:\/\/www.facebook.com\/MyBreathMyMusic\/\"]}]}<\/script>\n<!-- \/ Yoast SEO plugin. -->","yoast_head_json":{"title":"Die Magic Flute - der Stand Ihres Kopfes bestimmt die Tonh\u00f6he | My Breath My Music","robots":{"index":"index","follow":"follow","max-snippet":"max-snippet:-1","max-image-preview":"max-image-preview:large","max-video-preview":"max-video-preview:-1"},"canonical":"https:\/\/mybreathmymusic.com\/de\/magic-flute","og_locale":"de_DE","og_type":"article","og_title":"Die Magic Flute - der Stand Ihres Kopfes bestimmt die Tonh\u00f6he | My Breath My Music","og_description":"Die Magic Flute ist ein pr\u00e4chtiges und leicht zu bespielendes Instrument. Man kann sie ohne H\u00e4nde spielen und braucht nur ein kleines bisschen Lungenvolumen. Die Tonh\u00f6he dieser elektronischen Fl\u00f6te wird bestimmt durch den Kopf nach oben oder unten zu bewegen. Es funktioniert wie eine Art Wippe. Ein Gyroskop in der Mitte der &#8222;Wippe&#8220; setzt die [&hellip;]","og_url":"https:\/\/mybreathmymusic.com\/magic-flute","og_site_name":"My Breath My Music","article_publisher":"https:\/\/www.facebook.com\/MyBreathMyMusic\/","article_modified_time":"2026-02-16T14:55:13+00:00","twitter_card":"summary_large_image","twitter_misc":{"Gesch\u00e4tzte Lesezeit":"5\u00a0Minuten"},"schema":{"@context":"https:\/\/schema.org","@graph":[{"@type":"WebPage","@id":"https:\/\/mybreathmymusic.com\/magic-flute","url":"https:\/\/mybreathmymusic.com\/magic-flute","name":"Die Magic Flute - der Stand Ihres Kopfes bestimmt die Tonh\u00f6he | My Breath My Music","isPartOf":{"@id":"https:\/\/mybreathmymusic.com\/en\/#website"},"datePublished":"2016-05-23T08:22:00+00:00","dateModified":"2026-02-16T14:55:13+00:00","breadcrumb":{"@id":"https:\/\/mybreathmymusic.com\/magic-flute#breadcrumb"},"inLanguage":"de","potentialAction":[{"@type":"ReadAction","target":["https:\/\/mybreathmymusic.com\/magic-flute"]}]},{"@type":"BreadcrumbList","@id":"https:\/\/mybreathmymusic.com\/magic-flute#breadcrumb","itemListElement":[{"@type":"ListItem","position":1,"name":"Home","item":"https:\/\/mybreathmymusic.com\/"},{"@type":"ListItem","position":2,"name":"De Magic Flute &#8211; de stand van uw hoofd bepaalt de toonhoogte"}]},{"@type":"WebSite","@id":"https:\/\/mybreathmymusic.com\/en\/#website","url":"https:\/\/mybreathmymusic.com\/en\/","name":"My Breath My Music -*- Stichting","description":"Muziekinstrumenten voor kinderen met een beperking","publisher":{"@id":"https:\/\/mybreathmymusic.com\/en\/#organization"},"potentialAction":[{"@type":"SearchAction","target":{"@type":"EntryPoint","urlTemplate":"https:\/\/mybreathmymusic.com\/en\/?s={search_term_string}"},"query-input":{"@type":"PropertyValueSpecification","valueRequired":true,"valueName":"search_term_string"}}],"inLanguage":"de"},{"@type":"Organization","@id":"https:\/\/mybreathmymusic.com\/en\/#organization","name":"Stichting My Breath My Music","url":"https:\/\/mybreathmymusic.com\/en\/","logo":{"@type":"ImageObject","inLanguage":"de","@id":"https:\/\/mybreathmymusic.com\/en\/#\/schema\/logo\/image\/","url":"https:\/\/mybreathmymusic.com\/wp-content\/uploads\/2016\/04\/logo_mbmm.gif","contentUrl":"https:\/\/mybreathmymusic.com\/wp-content\/uploads\/2016\/04\/logo_mbmm.gif","width":250,"height":84,"caption":"Stichting My Breath My Music"},"image":{"@id":"https:\/\/mybreathmymusic.com\/en\/#\/schema\/logo\/image\/"},"sameAs":["https:\/\/www.facebook.com\/MyBreathMyMusic\/"]}]}},"_links":{"self":[{"href":"https:\/\/mybreathmymusic.com\/de\/wp-json\/wp\/v2\/pages\/309","targetHints":{"allow":["GET"]}}],"collection":[{"href":"https:\/\/mybreathmymusic.com\/de\/wp-json\/wp\/v2\/pages"}],"about":[{"href":"https:\/\/mybreathmymusic.com\/de\/wp-json\/wp\/v2\/types\/page"}],"author":[{"embeddable":true,"href":"https:\/\/mybreathmymusic.com\/de\/wp-json\/wp\/v2\/users\/7"}],"replies":[{"embeddable":true,"href":"https:\/\/mybreathmymusic.com\/de\/wp-json\/wp\/v2\/comments?post=309"}],"version-history":[{"count":7,"href":"https:\/\/mybreathmymusic.com\/de\/wp-json\/wp\/v2\/pages\/309\/revisions"}],"predecessor-version":[{"id":2955,"href":"https:\/\/mybreathmymusic.com\/de\/wp-json\/wp\/v2\/pages\/309\/revisions\/2955"}],"wp:attachment":[{"href":"https:\/\/mybreathmymusic.com\/de\/wp-json\/wp\/v2\/media?parent=309"}],"wp:term":[{"taxonomy":"category","embeddable":true,"href":"https:\/\/mybreathmymusic.com\/de\/wp-json\/wp\/v2\/categories?post=309"},{"taxonomy":"post_tag","embeddable":true,"href":"https:\/\/mybreathmymusic.com\/de\/wp-json\/wp\/v2\/tags?post=309"}],"curies":[{"name":"wp","href":"https:\/\/api.w.org\/{rel}","templated":true}]}}