{"id":308,"date":"2016-05-23T10:21:37","date_gmt":"2016-05-23T08:21:37","guid":{"rendered":"http:\/\/mybreathmymusic.com\/?page_id=308"},"modified":"2021-03-28T22:33:45","modified_gmt":"2021-03-28T20:33:45","slug":"yamaha-wx11","status":"publish","type":"page","link":"https:\/\/mybreathmymusic.com\/de\/yamaha-wx11","title":{"rendered":"Das Yamaha WX11 &#038; das VL70m Soundmodul"},"content":{"rendered":"<p>Yamaha ist einer der wenigen Hersteller, der die Entwicklung von MIDI Windcontroller stetig fortgesetzt hat. Im Jahre 1989 kam das WX7 auf den Markt und vier Jahre sp\u00e4ter das WX11.<\/p>\n<p>Alex Hanssen, Musiktherapeut am Rehabilitationszentrum Groot Klimmendaal in Arnheim (Niederlande) setze das Yamaha WX11 erstmals zu therapeutischen Zwecken ein. 1999 erschien das Nachfolgemodell WX5. Es hat sich gezeigt, dass beide Modelle f\u00fcr Menschen mit Behinderung gut geeignet sind. Nach langj\u00e4hriger Erfahrung mit beiden Modellen k\u00f6nnen wir feststellen, dass es einen gro\u00dfen Unterschied zwischen ihnen gibt. Eine Vielzahl unserer Musiker mit Behinderung kann nur eine Hand benutzen. Auf dem WX11 schafft man damit nur vier T\u00f6ne aus der C-Dur-Skala, auf dem WX5 jedoch l\u00e4sst die gesamte G-Dur-Tonleiter im Bereich von einer Oktave mit nur einer Hand greifen! Dies erm\u00f6glicht in diesem Fall viel gr\u00f6\u00dfere musikalische Freiheiten. Auf unseren Download-Seiten finden sie eine stetig wachsende Sammlung von Noten f\u00fcr Windcontroller.<\/p>\n<p><img loading=\"lazy\" decoding=\"async\" class=\"alignnone size-full wp-image-157\" src=\"\/wp-content\/uploads\/2016\/04\/wx11.jpg\" alt=\"wx11\" width=\"600\" height=\"399\" srcset=\"https:\/\/mybreathmymusic.com\/wp-content\/uploads\/2016\/04\/wx11.jpg 600w, https:\/\/mybreathmymusic.com\/wp-content\/uploads\/2016\/04\/wx11-300x200.jpg 300w\" sizes=\"auto, (max-width: 600px) 100vw, 600px\" \/><\/p>\n<p>Das WX11 ist ideal f\u00fcr Teilnehmer, die genug St\u00e4rke aufbringen, um beide Arme zu benutzen. Oft ist es auch gar nicht n\u00f6tig, das Instrument auf einen Mikrofonst\u00e4nder zu montieren, wie es bei Spielern \u00fcblich ist, die einen Arm verwenden. Denn das Instrument l\u00e4sst sich leicht mit einem Halsgurt oder zwischen den Beinen gehalten fixieren.<\/p>\n<p>Ein weiterer Vorteil des WX11 ist sein ergonomisches Design &#8211; das Instrument ist kurz hinter dem Mundst\u00fcck nach hinten gebogen, was dabei hilft, es nah am K\u00f6rper zu halten. Leider wurde diese Ergonomie beim WX5 nicht fortgef\u00fchrt. Jedoch l\u00e4sst sich das WX5 mit einigen Tricks in allen F\u00e4llen sehr bequem spielen.<\/p>\n<p>Sowohl das WX11 als auch das WX5 funktionieren am besten wenn man sie mit einem der von Yamaha speziell f\u00fcr die WX-Familie entwickelten Soundmodule verbindet. Die Instrumente selber ben\u00f6tigen dann keine externe Stromzufuhr mehr.<\/p>\n<p>Was uns zu dem Hauptunterschied zwischen diesen beiden Instrumenten bringt: das WX5 hat einen MIDI-Ausgang, das WX11 hingegen nicht. Falls man das WX11 an einen Synthesizer anschlie\u00dfen will, der nicht von Yamaha f\u00fcr die WX-Familie stammt, ben\u00f6tigt man noch eine spezielle MIDI-Verbindungsbox. Zwei sind momentan verf\u00fcgbar: das Yamaha BT7 und das WW-Bat der US-Firma Wind Works Design. Die Soundmodule, die am besten zum WX11 und WX5 passen sind das WT11 und das VL70m. Das WT11 kam zuerst auf dem Markt, bis es vom Yamaha-Flaggschiff VL70m abgel\u00f6st wurde.<\/p>\n<p><img loading=\"lazy\" decoding=\"async\" class=\"alignnone size-full wp-image-158\" src=\"\/wp-content\/uploads\/2016\/04\/wx11vl70.jpg\" alt=\"wx11+vl70\" width=\"600\" height=\"600\" srcset=\"https:\/\/mybreathmymusic.com\/wp-content\/uploads\/2016\/04\/wx11vl70.jpg 600w, https:\/\/mybreathmymusic.com\/wp-content\/uploads\/2016\/04\/wx11vl70-150x150.jpg 150w, https:\/\/mybreathmymusic.com\/wp-content\/uploads\/2016\/04\/wx11vl70-300x300.jpg 300w, https:\/\/mybreathmymusic.com\/wp-content\/uploads\/2016\/04\/wx11vl70-144x144.jpg 144w\" sizes=\"auto, (max-width: 600px) 100vw, 600px\" \/><\/p>\n<p>Im VL70m kommt eine sehr spezielle Technik der Klangerzeugung zum Einsatz, das Physical Modeling. Beim Vorg\u00e4ngermodell Yamaha VL1 wurde diese Technologie erstmals verwendet. Das Yamaha VL70m Soundmodul ist sozusagen der kleine Bruder dieses Synthesizers. Beim Physical Modeling versucht man, die Physik von echten Instrumenten so realistisch wie m\u00f6glich nachzuahmen. Der Sound selber wird nicht simuliert (wie z.B. bei einem Wavetable Synthesizer), aber die Interaktionen zwischen einzelnen Elementen eines Instrumenten und z.B. auch der Luftstrom durch das Instrument werden mit mathematischen Modellen simuliert. Der Vorteil des Physical Modeling besteht darin, dass viele Faktoren beeinflusst werden k\u00f6nnen, die zusammen den Ton ausmachen. Ein Beispiel daf\u00fcr ist eine Fl\u00f6te: Die Reinheit des Tons h\u00e4ngt davon ab, wie stark man anbl\u00e4st. Bl\u00e4st man sanft an, wird die Fl\u00f6te auch einen sanften Pfeifton erzeugen. Anblasen in normaler St\u00e4rke ergibt den gewohnten Fl\u00f6tenton und bl\u00e4st man sehr hart an, erzeugt dies einen Ton mit mehr Luftger\u00e4uschen und Obert\u00f6nen. Der MIDI Windcontroller \u00fcbertr\u00e4gt Breath Control-Signale (cc#2), abh\u00e4ngig davon, wie stark man anbl\u00e4st. Viele Male pro Sekunde wird der Anblasdruck wieder neu in diese Daten \u00fcbersetzt, die Werte zwischen 1 und 127 annehmen k\u00f6nnen. Sanftes Anblasen bedeutet dabei einen niedrigen Wert. Je st\u00e4rker man anbl\u00e4st, desto gr\u00f6\u00dfer wird der Wert.<\/p>\n<p><img loading=\"lazy\" decoding=\"async\" class=\"alignnone size-full wp-image-41\" src=\"\/wp-content\/uploads\/2016\/04\/bt7.jpg\" alt=\"bt7\" width=\"600\" height=\"200\" srcset=\"https:\/\/mybreathmymusic.com\/wp-content\/uploads\/2016\/04\/bt7.jpg 600w, https:\/\/mybreathmymusic.com\/wp-content\/uploads\/2016\/04\/bt7-300x100.jpg 300w\" sizes=\"auto, (max-width: 600px) 100vw, 600px\" \/><\/p>\n<p>Das VL70m h\u00f6rt st\u00e4ndig auf diese Signale, die vom WX5 oder WX11 \u00fcbermittelt werden. Selbst innerhalb einer einzigen Note k\u00f6nnen sich diese Werte ver\u00e4ndern. Man denke dabei an ein Lautst\u00e4rkepedal oder ein Gaspedal im Auto, aber anstatt des Fu\u00dfes verwendet man seinen Atem, um die Intensit\u00e4t des Tones zu beeinflussen. Beim Physical Modeling ver\u00e4ndert sich jedoch nicht nur die Lautst\u00e4rke (wie im Beispiel mit der Fl\u00f6te beschrieben), sondern der ganze Klange des Tones (wie der Klang eines Automotors, wenn man auf das Gaspedal tritt).<\/p>","protected":false},"excerpt":{"rendered":"<p>Yamaha ist einer der wenigen Hersteller, der die Entwicklung von MIDI Windcontroller stetig fortgesetzt hat. Im Jahre 1989 kam das WX7 auf den Markt und vier Jahre sp\u00e4ter das WX11. Alex Hanssen, Musiktherapeut am Rehabilitationszentrum Groot Klimmendaal in Arnheim (Niederlande) setze das Yamaha WX11 erstmals zu therapeutischen Zwecken ein. 1999 erschien das Nachfolgemodell WX5. Es [&hellip;]<\/p>\n","protected":false},"author":7,"featured_media":0,"parent":0,"menu_order":0,"comment_status":"closed","ping_status":"closed","template":"","meta":{"_exactmetrics_skip_tracking":false,"_exactmetrics_sitenote_active":false,"_exactmetrics_sitenote_note":"","_exactmetrics_sitenote_category":0,"footnotes":""},"categories":[],"tags":[],"class_list":["post-308","page","type-page","status-publish","hentry"],"yoast_head":"<!-- This site is optimized with the Yoast SEO plugin v26.5 - https:\/\/yoast.com\/wordpress\/plugins\/seo\/ -->\n<title>Das Yamaha WX11 &amp; das VL70m Soundmodul | My Breath My Music<\/title>\n<meta name=\"robots\" content=\"index, follow, max-snippet:-1, max-image-preview:large, max-video-preview:-1\" \/>\n<link rel=\"canonical\" href=\"https:\/\/mybreathmymusic.com\/de\/yamaha-wx11\" \/>\n<meta property=\"og:locale\" content=\"de_DE\" \/>\n<meta property=\"og:type\" content=\"article\" \/>\n<meta property=\"og:title\" content=\"Das Yamaha WX11 &amp; das VL70m Soundmodul | My Breath My Music\" \/>\n<meta property=\"og:description\" content=\"Yamaha ist einer der wenigen Hersteller, der die Entwicklung von MIDI Windcontroller stetig fortgesetzt hat. Im Jahre 1989 kam das WX7 auf den Markt und vier Jahre sp\u00e4ter das WX11. Alex Hanssen, Musiktherapeut am Rehabilitationszentrum Groot Klimmendaal in Arnheim (Niederlande) setze das Yamaha WX11 erstmals zu therapeutischen Zwecken ein. 1999 erschien das Nachfolgemodell WX5. Es [&hellip;]\" \/>\n<meta property=\"og:url\" content=\"https:\/\/mybreathmymusic.com\/en\/yamaha-wx11\" \/>\n<meta property=\"og:site_name\" content=\"My Breath My Music\" \/>\n<meta property=\"article:publisher\" content=\"https:\/\/www.facebook.com\/MyBreathMyMusic\/\" \/>\n<meta property=\"article:modified_time\" content=\"2021-03-28T20:33:45+00:00\" \/>\n<meta property=\"og:image\" content=\"https:\/\/mybreathmymusic.com\/wp-content\/uploads\/2016\/04\/wx11.jpg\" \/>\n<meta name=\"twitter:card\" content=\"summary_large_image\" \/>\n<meta name=\"twitter:label1\" content=\"Gesch\u00e4tzte Lesezeit\" \/>\n\t<meta name=\"twitter:data1\" content=\"10\u00a0Minuten\" \/>\n<script type=\"application\/ld+json\" class=\"yoast-schema-graph\">{\"@context\":\"https:\/\/schema.org\",\"@graph\":[{\"@type\":\"WebPage\",\"@id\":\"https:\/\/mybreathmymusic.com\/en\/yamaha-wx11\",\"url\":\"https:\/\/mybreathmymusic.com\/en\/yamaha-wx11\",\"name\":\"Das Yamaha WX11 & das VL70m Soundmodul | My Breath My Music\",\"isPartOf\":{\"@id\":\"https:\/\/mybreathmymusic.com\/en\/#website\"},\"datePublished\":\"2016-05-23T08:21:37+00:00\",\"dateModified\":\"2021-03-28T20:33:45+00:00\",\"breadcrumb\":{\"@id\":\"https:\/\/mybreathmymusic.com\/en\/yamaha-wx11#breadcrumb\"},\"inLanguage\":\"de\",\"potentialAction\":[{\"@type\":\"ReadAction\",\"target\":[\"https:\/\/mybreathmymusic.com\/en\/yamaha-wx11\"]}]},{\"@type\":\"BreadcrumbList\",\"@id\":\"https:\/\/mybreathmymusic.com\/en\/yamaha-wx11#breadcrumb\",\"itemListElement\":[{\"@type\":\"ListItem\",\"position\":1,\"name\":\"Home\",\"item\":\"https:\/\/mybreathmymusic.com\/\"},{\"@type\":\"ListItem\",\"position\":2,\"name\":\"The Yamaha WX11 &#038; the VL70m Sound Module\"}]},{\"@type\":\"WebSite\",\"@id\":\"https:\/\/mybreathmymusic.com\/en\/#website\",\"url\":\"https:\/\/mybreathmymusic.com\/en\/\",\"name\":\"My Breath My Music -*- Stichting\",\"description\":\"Muziekinstrumenten voor kinderen met een beperking\",\"publisher\":{\"@id\":\"https:\/\/mybreathmymusic.com\/en\/#organization\"},\"potentialAction\":[{\"@type\":\"SearchAction\",\"target\":{\"@type\":\"EntryPoint\",\"urlTemplate\":\"https:\/\/mybreathmymusic.com\/en\/?s={search_term_string}\"},\"query-input\":{\"@type\":\"PropertyValueSpecification\",\"valueRequired\":true,\"valueName\":\"search_term_string\"}}],\"inLanguage\":\"de\"},{\"@type\":\"Organization\",\"@id\":\"https:\/\/mybreathmymusic.com\/en\/#organization\",\"name\":\"Stichting My Breath My Music\",\"url\":\"https:\/\/mybreathmymusic.com\/en\/\",\"logo\":{\"@type\":\"ImageObject\",\"inLanguage\":\"de\",\"@id\":\"https:\/\/mybreathmymusic.com\/en\/#\/schema\/logo\/image\/\",\"url\":\"https:\/\/mybreathmymusic.com\/wp-content\/uploads\/2016\/04\/logo_mbmm.gif\",\"contentUrl\":\"https:\/\/mybreathmymusic.com\/wp-content\/uploads\/2016\/04\/logo_mbmm.gif\",\"width\":250,\"height\":84,\"caption\":\"Stichting My Breath My Music\"},\"image\":{\"@id\":\"https:\/\/mybreathmymusic.com\/en\/#\/schema\/logo\/image\/\"},\"sameAs\":[\"https:\/\/www.facebook.com\/MyBreathMyMusic\/\"]}]}<\/script>\n<!-- \/ Yoast SEO plugin. -->","yoast_head_json":{"title":"Das Yamaha WX11 & das VL70m Soundmodul | My Breath My Music","robots":{"index":"index","follow":"follow","max-snippet":"max-snippet:-1","max-image-preview":"max-image-preview:large","max-video-preview":"max-video-preview:-1"},"canonical":"https:\/\/mybreathmymusic.com\/de\/yamaha-wx11","og_locale":"de_DE","og_type":"article","og_title":"Das Yamaha WX11 & das VL70m Soundmodul | My Breath My Music","og_description":"Yamaha ist einer der wenigen Hersteller, der die Entwicklung von MIDI Windcontroller stetig fortgesetzt hat. Im Jahre 1989 kam das WX7 auf den Markt und vier Jahre sp\u00e4ter das WX11. Alex Hanssen, Musiktherapeut am Rehabilitationszentrum Groot Klimmendaal in Arnheim (Niederlande) setze das Yamaha WX11 erstmals zu therapeutischen Zwecken ein. 1999 erschien das Nachfolgemodell WX5. Es [&hellip;]","og_url":"https:\/\/mybreathmymusic.com\/en\/yamaha-wx11","og_site_name":"My Breath My Music","article_publisher":"https:\/\/www.facebook.com\/MyBreathMyMusic\/","article_modified_time":"2021-03-28T20:33:45+00:00","og_image":[{"url":"https:\/\/mybreathmymusic.com\/wp-content\/uploads\/2016\/04\/wx11.jpg","type":"","width":"","height":""}],"twitter_card":"summary_large_image","twitter_misc":{"Gesch\u00e4tzte Lesezeit":"10\u00a0Minuten"},"schema":{"@context":"https:\/\/schema.org","@graph":[{"@type":"WebPage","@id":"https:\/\/mybreathmymusic.com\/en\/yamaha-wx11","url":"https:\/\/mybreathmymusic.com\/en\/yamaha-wx11","name":"Das Yamaha WX11 & das VL70m Soundmodul | My Breath My Music","isPartOf":{"@id":"https:\/\/mybreathmymusic.com\/en\/#website"},"datePublished":"2016-05-23T08:21:37+00:00","dateModified":"2021-03-28T20:33:45+00:00","breadcrumb":{"@id":"https:\/\/mybreathmymusic.com\/en\/yamaha-wx11#breadcrumb"},"inLanguage":"de","potentialAction":[{"@type":"ReadAction","target":["https:\/\/mybreathmymusic.com\/en\/yamaha-wx11"]}]},{"@type":"BreadcrumbList","@id":"https:\/\/mybreathmymusic.com\/en\/yamaha-wx11#breadcrumb","itemListElement":[{"@type":"ListItem","position":1,"name":"Home","item":"https:\/\/mybreathmymusic.com\/"},{"@type":"ListItem","position":2,"name":"The Yamaha WX11 &#038; the VL70m Sound Module"}]},{"@type":"WebSite","@id":"https:\/\/mybreathmymusic.com\/en\/#website","url":"https:\/\/mybreathmymusic.com\/en\/","name":"My Breath My Music -*- Stichting","description":"Muziekinstrumenten voor kinderen met een beperking","publisher":{"@id":"https:\/\/mybreathmymusic.com\/en\/#organization"},"potentialAction":[{"@type":"SearchAction","target":{"@type":"EntryPoint","urlTemplate":"https:\/\/mybreathmymusic.com\/en\/?s={search_term_string}"},"query-input":{"@type":"PropertyValueSpecification","valueRequired":true,"valueName":"search_term_string"}}],"inLanguage":"de"},{"@type":"Organization","@id":"https:\/\/mybreathmymusic.com\/en\/#organization","name":"Stichting My Breath My Music","url":"https:\/\/mybreathmymusic.com\/en\/","logo":{"@type":"ImageObject","inLanguage":"de","@id":"https:\/\/mybreathmymusic.com\/en\/#\/schema\/logo\/image\/","url":"https:\/\/mybreathmymusic.com\/wp-content\/uploads\/2016\/04\/logo_mbmm.gif","contentUrl":"https:\/\/mybreathmymusic.com\/wp-content\/uploads\/2016\/04\/logo_mbmm.gif","width":250,"height":84,"caption":"Stichting My Breath My Music"},"image":{"@id":"https:\/\/mybreathmymusic.com\/en\/#\/schema\/logo\/image\/"},"sameAs":["https:\/\/www.facebook.com\/MyBreathMyMusic\/"]}]}},"_links":{"self":[{"href":"https:\/\/mybreathmymusic.com\/de\/wp-json\/wp\/v2\/pages\/308","targetHints":{"allow":["GET"]}}],"collection":[{"href":"https:\/\/mybreathmymusic.com\/de\/wp-json\/wp\/v2\/pages"}],"about":[{"href":"https:\/\/mybreathmymusic.com\/de\/wp-json\/wp\/v2\/types\/page"}],"author":[{"embeddable":true,"href":"https:\/\/mybreathmymusic.com\/de\/wp-json\/wp\/v2\/users\/7"}],"replies":[{"embeddable":true,"href":"https:\/\/mybreathmymusic.com\/de\/wp-json\/wp\/v2\/comments?post=308"}],"version-history":[{"count":1,"href":"https:\/\/mybreathmymusic.com\/de\/wp-json\/wp\/v2\/pages\/308\/revisions"}],"predecessor-version":[{"id":1084,"href":"https:\/\/mybreathmymusic.com\/de\/wp-json\/wp\/v2\/pages\/308\/revisions\/1084"}],"wp:attachment":[{"href":"https:\/\/mybreathmymusic.com\/de\/wp-json\/wp\/v2\/media?parent=308"}],"wp:term":[{"taxonomy":"category","embeddable":true,"href":"https:\/\/mybreathmymusic.com\/de\/wp-json\/wp\/v2\/categories?post=308"},{"taxonomy":"post_tag","embeddable":true,"href":"https:\/\/mybreathmymusic.com\/de\/wp-json\/wp\/v2\/tags?post=308"}],"curies":[{"name":"wp","href":"https:\/\/api.w.org\/{rel}","templated":true}]}}