{"id":307,"date":"2016-05-23T10:21:07","date_gmt":"2016-05-23T08:21:07","guid":{"rendered":"http:\/\/mybreathmymusic.com\/?page_id=307"},"modified":"2021-03-28T22:35:42","modified_gmt":"2021-03-28T20:35:42","slug":"yamaha-wx5","status":"publish","type":"page","link":"https:\/\/mybreathmymusic.com\/de\/yamaha-wx5","title":{"rendered":"De Yamaha WX5"},"content":{"rendered":"<p>Wir benutzen elektronische Blasinstrumente. Diese lassen sich n\u00e4mlich sehr leicht spielen. Dank der wunderbaren Technik des Instruments bekommt man maximalen Sound bei sehr geringem Aufwand! Man ben\u00f6tigt nur sehr wenig Lungenvolumen. Wenn man genug Kraft zum Sprechen hat, kann man auch eines unserer Instrumente spielen.<\/p>\n<p>Wir haben entdeckt, dass der Yamaha WX5 sehr einfach an eine einh\u00e4ndige Spielweise angepasst werden kann. Somit kann eine gro\u00dfe Gruppe mit verschiedensten Handicaps das Instrument spielen.<\/p>\n<p><img loading=\"lazy\" decoding=\"async\" class=\"alignleft  wp-image-553\" src=\"\/wp-content\/uploads\/2016\/05\/001bMy-Breath-My-Music-concert-2016-\u00a9Roland-Wichser-86-001.jpg\" alt=\"001bmy-breath-my-music-concert-2016-roland-wichser-86-001\" width=\"619\" height=\"410\" srcset=\"https:\/\/mybreathmymusic.com\/wp-content\/uploads\/2016\/05\/001bMy-Breath-My-Music-concert-2016-\u00a9Roland-Wichser-86-001.jpg 800w, https:\/\/mybreathmymusic.com\/wp-content\/uploads\/2016\/05\/001bMy-Breath-My-Music-concert-2016-\u00a9Roland-Wichser-86-001-300x199.jpg 300w, https:\/\/mybreathmymusic.com\/wp-content\/uploads\/2016\/05\/001bMy-Breath-My-Music-concert-2016-\u00a9Roland-Wichser-86-001-768x509.jpg 768w\" sizes=\"auto, (max-width: 619px) 100vw, 619px\" \/><\/p>\n<p>Der Yamaha WX5 ist ein MIDI-Blasinstrument. Der Yamaha WX5 wird auch\u00a0Wind Controller genannt. Die Griffweise ist mit der der Fl\u00f6te, Klarinette oder des Saxofons vergleichbar. Genau wie Keyboard-MIDI-Controller senden Wind Controller MIDI-Noteninformationen auf elektronischem Weg an externe Klangerzeuger. Diese Tongeneratoren k\u00f6nnen wiederum eine gro\u00dfe Vielzahl Kl\u00e4nge produzieren. Im Gegensatz zu einem Tasten-Controller\u00a0ist\u00a0der Wind Controller\u00a0monophon, d.h. es k\u00f6nnen nicht mehrere Noten gleichzeitig gespielt werden. Einschr\u00e4nkungen bei den Arten von Kl\u00e4ngen liegen ausschlie\u00dflich bei den externen Klanggeneratoren, nicht beim WX5 selbst. Ein WX5 kann klingen wie ein Melodieinstrument, z.B. wie ein Blasinstrument, Saiteninstrument, Percussion, Keyboard, Gitarre oder rein elektronisch. Au\u00dferdem kann man oft auch Kl\u00e4nge kombinieren.<\/p>\n<p>Der WX5 Wind Controller simuliert ein Blasinstrument in der Art und Weise wie es mit Klappen gespielt wird, wie es auf den Blasdruck und sogar auf den Lippendruck reagiert und weil das Mundst\u00fcck vergleichbar mit dem eines Saxofons oder einer Klarinette ist. Die Blas- und Lippendruckinformation wird in MIDI-Daten umgesetzt. Diese werden von einem externen Soundmodul interpretiert. Normalerweise wird der Blasdruck als Lautst\u00e4rke und der Lippendruck als Pitch Bend oder Vibrato interpretiert. Hierdurch ist es m\u00f6glich, dass der Spieler eine sehr realistische Phrasierung zu Geh\u00f6r bringt. Der WX5 hat ein 16-Tasten-Layout, das mit einem normalen Saxofon vergleichbar ist. Er hat auch einen eingebauten MIDI-Ausgang, einen speziellen Anschluss und ein Kabel f\u00fcr die direkte Verbindung zu Yamaha Tongeneratoren mit entsprechendem Eingang, einen Drucksensor mit hoher Aufl\u00f6sung und ein daumenbet\u00e4tigtes Pitch-Bend-Rad. Yamaha empfiehlt dieses Ger\u00e4t zusammen mit demYamaha VL70-m Virtual Acoustic Tone Generator zu benutzen.<\/p>\n<p>Der Yamaha WX5 ist noch zu kaufen, aber leider nicht mehr in Europa. Unsere Stiftung besitzt eine gro\u00dfe Zahl dieser Instrumente. Kindern mit schweren Handicaps werden diese Ger\u00e4te ausgeliehen. Einige Rehabilitationszentren im In- und Ausland haben \u00fcber unsere Stiftung einen WX5 gekauft. Wollen Sie mehr dar\u00fcber wissen? Schicken Sie eine E-Mail!<\/p>\n<p><img loading=\"lazy\" decoding=\"async\" class=\"alignleft  wp-image-554\" src=\"\/wp-content\/uploads\/2016\/05\/007bPAULBoerderij-10-001.jpg\" alt=\"007bpaulboerderij-10-001\" width=\"619\" height=\"375\" srcset=\"https:\/\/mybreathmymusic.com\/wp-content\/uploads\/2016\/05\/007bPAULBoerderij-10-001.jpg 800w, https:\/\/mybreathmymusic.com\/wp-content\/uploads\/2016\/05\/007bPAULBoerderij-10-001-300x182.jpg 300w, https:\/\/mybreathmymusic.com\/wp-content\/uploads\/2016\/05\/007bPAULBoerderij-10-001-768x466.jpg 768w\" sizes=\"auto, (max-width: 619px) 100vw, 619px\" \/><\/p>","protected":false},"excerpt":{"rendered":"<p>Wir benutzen elektronische Blasinstrumente. Diese lassen sich n\u00e4mlich sehr leicht spielen. Dank der wunderbaren Technik des Instruments bekommt man maximalen Sound bei sehr geringem Aufwand! Man ben\u00f6tigt nur sehr wenig Lungenvolumen. Wenn man genug Kraft zum Sprechen hat, kann man auch eines unserer Instrumente spielen. Wir haben entdeckt, dass der Yamaha WX5 sehr einfach an [&hellip;]<\/p>\n","protected":false},"author":7,"featured_media":0,"parent":0,"menu_order":0,"comment_status":"closed","ping_status":"closed","template":"","meta":{"_exactmetrics_skip_tracking":false,"_exactmetrics_sitenote_active":false,"_exactmetrics_sitenote_note":"","_exactmetrics_sitenote_category":0,"footnotes":""},"categories":[],"tags":[],"class_list":["post-307","page","type-page","status-publish","hentry"],"yoast_head":"<!-- This site is optimized with the Yoast SEO plugin v26.5 - https:\/\/yoast.com\/wordpress\/plugins\/seo\/ -->\n<title>De Yamaha WX5 | My Breath My Music<\/title>\n<meta name=\"robots\" content=\"index, follow, max-snippet:-1, max-image-preview:large, max-video-preview:-1\" \/>\n<link rel=\"canonical\" href=\"https:\/\/mybreathmymusic.com\/de\/yamaha-wx5\" \/>\n<meta property=\"og:locale\" content=\"de_DE\" \/>\n<meta property=\"og:type\" content=\"article\" \/>\n<meta property=\"og:title\" content=\"De Yamaha WX5 | My Breath My Music\" \/>\n<meta property=\"og:description\" content=\"Wir benutzen elektronische Blasinstrumente. Diese lassen sich n\u00e4mlich sehr leicht spielen. Dank der wunderbaren Technik des Instruments bekommt man maximalen Sound bei sehr geringem Aufwand! Man ben\u00f6tigt nur sehr wenig Lungenvolumen. Wenn man genug Kraft zum Sprechen hat, kann man auch eines unserer Instrumente spielen. Wir haben entdeckt, dass der Yamaha WX5 sehr einfach an [&hellip;]\" \/>\n<meta property=\"og:url\" content=\"https:\/\/mybreathmymusic.com\/yamaha-wx5\" \/>\n<meta property=\"og:site_name\" content=\"My Breath My Music\" \/>\n<meta property=\"article:publisher\" content=\"https:\/\/www.facebook.com\/MyBreathMyMusic\/\" \/>\n<meta property=\"article:modified_time\" content=\"2021-03-28T20:35:42+00:00\" \/>\n<meta property=\"og:image\" content=\"https:\/\/mybreathmymusic.com\/wp-content\/uploads\/2016\/05\/001bMy-Breath-My-Music-concert-2016-\u00a9Roland-Wichser-86-001.jpg\" \/>\n<meta name=\"twitter:card\" content=\"summary_large_image\" \/>\n<meta name=\"twitter:label1\" content=\"Gesch\u00e4tzte Lesezeit\" \/>\n\t<meta name=\"twitter:data1\" content=\"6\u00a0Minuten\" \/>\n<script type=\"application\/ld+json\" class=\"yoast-schema-graph\">{\"@context\":\"https:\/\/schema.org\",\"@graph\":[{\"@type\":\"WebPage\",\"@id\":\"https:\/\/mybreathmymusic.com\/yamaha-wx5\",\"url\":\"https:\/\/mybreathmymusic.com\/yamaha-wx5\",\"name\":\"De Yamaha WX5 | My Breath My Music\",\"isPartOf\":{\"@id\":\"https:\/\/mybreathmymusic.com\/en\/#website\"},\"datePublished\":\"2016-05-23T08:21:07+00:00\",\"dateModified\":\"2021-03-28T20:35:42+00:00\",\"breadcrumb\":{\"@id\":\"https:\/\/mybreathmymusic.com\/yamaha-wx5#breadcrumb\"},\"inLanguage\":\"de\",\"potentialAction\":[{\"@type\":\"ReadAction\",\"target\":[\"https:\/\/mybreathmymusic.com\/yamaha-wx5\"]}]},{\"@type\":\"BreadcrumbList\",\"@id\":\"https:\/\/mybreathmymusic.com\/yamaha-wx5#breadcrumb\",\"itemListElement\":[{\"@type\":\"ListItem\",\"position\":1,\"name\":\"Home\",\"item\":\"https:\/\/mybreathmymusic.com\/\"},{\"@type\":\"ListItem\",\"position\":2,\"name\":\"De Yamaha WX5\"}]},{\"@type\":\"WebSite\",\"@id\":\"https:\/\/mybreathmymusic.com\/en\/#website\",\"url\":\"https:\/\/mybreathmymusic.com\/en\/\",\"name\":\"My Breath My Music -*- Stichting\",\"description\":\"Muziekinstrumenten voor kinderen met een beperking\",\"publisher\":{\"@id\":\"https:\/\/mybreathmymusic.com\/en\/#organization\"},\"potentialAction\":[{\"@type\":\"SearchAction\",\"target\":{\"@type\":\"EntryPoint\",\"urlTemplate\":\"https:\/\/mybreathmymusic.com\/en\/?s={search_term_string}\"},\"query-input\":{\"@type\":\"PropertyValueSpecification\",\"valueRequired\":true,\"valueName\":\"search_term_string\"}}],\"inLanguage\":\"de\"},{\"@type\":\"Organization\",\"@id\":\"https:\/\/mybreathmymusic.com\/en\/#organization\",\"name\":\"Stichting My Breath My Music\",\"url\":\"https:\/\/mybreathmymusic.com\/en\/\",\"logo\":{\"@type\":\"ImageObject\",\"inLanguage\":\"de\",\"@id\":\"https:\/\/mybreathmymusic.com\/en\/#\/schema\/logo\/image\/\",\"url\":\"https:\/\/mybreathmymusic.com\/wp-content\/uploads\/2016\/04\/logo_mbmm.gif\",\"contentUrl\":\"https:\/\/mybreathmymusic.com\/wp-content\/uploads\/2016\/04\/logo_mbmm.gif\",\"width\":250,\"height\":84,\"caption\":\"Stichting My Breath My Music\"},\"image\":{\"@id\":\"https:\/\/mybreathmymusic.com\/en\/#\/schema\/logo\/image\/\"},\"sameAs\":[\"https:\/\/www.facebook.com\/MyBreathMyMusic\/\"]}]}<\/script>\n<!-- \/ Yoast SEO plugin. -->","yoast_head_json":{"title":"De Yamaha WX5 | My Breath My Music","robots":{"index":"index","follow":"follow","max-snippet":"max-snippet:-1","max-image-preview":"max-image-preview:large","max-video-preview":"max-video-preview:-1"},"canonical":"https:\/\/mybreathmymusic.com\/de\/yamaha-wx5","og_locale":"de_DE","og_type":"article","og_title":"De Yamaha WX5 | My Breath My Music","og_description":"Wir benutzen elektronische Blasinstrumente. Diese lassen sich n\u00e4mlich sehr leicht spielen. Dank der wunderbaren Technik des Instruments bekommt man maximalen Sound bei sehr geringem Aufwand! Man ben\u00f6tigt nur sehr wenig Lungenvolumen. Wenn man genug Kraft zum Sprechen hat, kann man auch eines unserer Instrumente spielen. Wir haben entdeckt, dass der Yamaha WX5 sehr einfach an [&hellip;]","og_url":"https:\/\/mybreathmymusic.com\/yamaha-wx5","og_site_name":"My Breath My Music","article_publisher":"https:\/\/www.facebook.com\/MyBreathMyMusic\/","article_modified_time":"2021-03-28T20:35:42+00:00","og_image":[{"url":"https:\/\/mybreathmymusic.com\/wp-content\/uploads\/2016\/05\/001bMy-Breath-My-Music-concert-2016-\u00a9Roland-Wichser-86-001.jpg","type":"","width":"","height":""}],"twitter_card":"summary_large_image","twitter_misc":{"Gesch\u00e4tzte Lesezeit":"6\u00a0Minuten"},"schema":{"@context":"https:\/\/schema.org","@graph":[{"@type":"WebPage","@id":"https:\/\/mybreathmymusic.com\/yamaha-wx5","url":"https:\/\/mybreathmymusic.com\/yamaha-wx5","name":"De Yamaha WX5 | My Breath My Music","isPartOf":{"@id":"https:\/\/mybreathmymusic.com\/en\/#website"},"datePublished":"2016-05-23T08:21:07+00:00","dateModified":"2021-03-28T20:35:42+00:00","breadcrumb":{"@id":"https:\/\/mybreathmymusic.com\/yamaha-wx5#breadcrumb"},"inLanguage":"de","potentialAction":[{"@type":"ReadAction","target":["https:\/\/mybreathmymusic.com\/yamaha-wx5"]}]},{"@type":"BreadcrumbList","@id":"https:\/\/mybreathmymusic.com\/yamaha-wx5#breadcrumb","itemListElement":[{"@type":"ListItem","position":1,"name":"Home","item":"https:\/\/mybreathmymusic.com\/"},{"@type":"ListItem","position":2,"name":"De Yamaha WX5"}]},{"@type":"WebSite","@id":"https:\/\/mybreathmymusic.com\/en\/#website","url":"https:\/\/mybreathmymusic.com\/en\/","name":"My Breath My Music -*- Stichting","description":"Muziekinstrumenten voor kinderen met een beperking","publisher":{"@id":"https:\/\/mybreathmymusic.com\/en\/#organization"},"potentialAction":[{"@type":"SearchAction","target":{"@type":"EntryPoint","urlTemplate":"https:\/\/mybreathmymusic.com\/en\/?s={search_term_string}"},"query-input":{"@type":"PropertyValueSpecification","valueRequired":true,"valueName":"search_term_string"}}],"inLanguage":"de"},{"@type":"Organization","@id":"https:\/\/mybreathmymusic.com\/en\/#organization","name":"Stichting My Breath My Music","url":"https:\/\/mybreathmymusic.com\/en\/","logo":{"@type":"ImageObject","inLanguage":"de","@id":"https:\/\/mybreathmymusic.com\/en\/#\/schema\/logo\/image\/","url":"https:\/\/mybreathmymusic.com\/wp-content\/uploads\/2016\/04\/logo_mbmm.gif","contentUrl":"https:\/\/mybreathmymusic.com\/wp-content\/uploads\/2016\/04\/logo_mbmm.gif","width":250,"height":84,"caption":"Stichting My Breath My Music"},"image":{"@id":"https:\/\/mybreathmymusic.com\/en\/#\/schema\/logo\/image\/"},"sameAs":["https:\/\/www.facebook.com\/MyBreathMyMusic\/"]}]}},"_links":{"self":[{"href":"https:\/\/mybreathmymusic.com\/de\/wp-json\/wp\/v2\/pages\/307","targetHints":{"allow":["GET"]}}],"collection":[{"href":"https:\/\/mybreathmymusic.com\/de\/wp-json\/wp\/v2\/pages"}],"about":[{"href":"https:\/\/mybreathmymusic.com\/de\/wp-json\/wp\/v2\/types\/page"}],"author":[{"embeddable":true,"href":"https:\/\/mybreathmymusic.com\/de\/wp-json\/wp\/v2\/users\/7"}],"replies":[{"embeddable":true,"href":"https:\/\/mybreathmymusic.com\/de\/wp-json\/wp\/v2\/comments?post=307"}],"version-history":[{"count":0,"href":"https:\/\/mybreathmymusic.com\/de\/wp-json\/wp\/v2\/pages\/307\/revisions"}],"wp:attachment":[{"href":"https:\/\/mybreathmymusic.com\/de\/wp-json\/wp\/v2\/media?parent=307"}],"wp:term":[{"taxonomy":"category","embeddable":true,"href":"https:\/\/mybreathmymusic.com\/de\/wp-json\/wp\/v2\/categories?post=307"},{"taxonomy":"post_tag","embeddable":true,"href":"https:\/\/mybreathmymusic.com\/de\/wp-json\/wp\/v2\/tags?post=307"}],"curies":[{"name":"wp","href":"https:\/\/api.w.org\/{rel}","templated":true}]}}