{"id":283,"date":"2016-05-23T10:11:13","date_gmt":"2016-05-23T08:11:13","guid":{"rendered":"http:\/\/mybreathmymusic.com\/?page_id=283"},"modified":"2021-03-28T22:46:26","modified_gmt":"2021-03-28T20:46:26","slug":"glenn-2","status":"publish","type":"page","link":"https:\/\/mybreathmymusic.com\/de\/glenn-2","title":{"rendered":"Glenn und siene Magic Flute"},"content":{"rendered":"<p><\/p>\n<h2>Glenn war der Erste der auf die Magic Flute spielte<\/h2>\n<p><img loading=\"lazy\" decoding=\"async\" class=\"alignnone size-full wp-image-65\" src=\"\/wp-content\/uploads\/2016\/04\/glenn.jpg\" alt=\"glenn\" width=\"600\" height=\"903\" srcset=\"https:\/\/mybreathmymusic.com\/wp-content\/uploads\/2016\/04\/glenn.jpg 600w, https:\/\/mybreathmymusic.com\/wp-content\/uploads\/2016\/04\/glenn-199x300.jpg 199w\" sizes=\"auto, (max-width: 600px) 100vw, 600px\" \/><\/p>\n<p><i>Foto: Wim Kluvers<\/i><\/p>\n<p>Am Mittwoch den 15 Augustus 2006 gebe ich Glenn im Rehabilitationszentrum Rijndam Schwimmunterricht. Gestern habe ich den Prototyp der Magic Flute bekommen. Ein Instrument das ich zusammen mit zwei Freunden entwickelt habe.<\/p>\n<p>Ich frage ihn: &#8222;Glenn, kannst Du mir vielleicht helfen?&#8220; &#8222;Womit Ruud?&#8220;, fragt Glenn. &#8222;Na ja, ich habe etwas das Du ausprobieren k\u00f6nntest, aber ich verrate nicht was es ist.&#8220;<\/p>\n<p>Das findet Glenn spannend und zusammen mit seiner Mutter gehen wir zum Musikraum. Die letzten Monate habe ich Glenn&#8217;s Mutter \u00fcber unsere Pl\u00e4ne unterrichtet: ein Musikinstrument zu entwickeln, das man auch ohne Arme bespielen kann. Ein spannender Moment f\u00fcr mich und Glenn&#8217;s Mutter. Wird die Magic Flute unseren Erwartungen entsprechen? Ist es die M\u00fche Wert gewesen? Was dann passierte habe ich gl\u00fccklicherweise auf Video festgehalten.<\/p>\n<p>Glenn spielt das Lied von den &#8218;zwei entf\u00fchrten Kamelen&#8216;. Dieser Ausschnitt dauert circa sieben Minuten und ist 9 MB gro\u00df.<\/p>\n<p><iframe loading=\"lazy\" title=\"Glenn plays The Magic Flute ( the kidnapped Camels)\" width=\"500\" height=\"375\" src=\"https:\/\/www.youtube.com\/embed\/WPgsS4UNKeM?feature=oembed\" frameborder=\"0\" allow=\"accelerometer; autoplay; clipboard-write; encrypted-media; gyroscope; picture-in-picture; web-share\" referrerpolicy=\"strict-origin-when-cross-origin\" allowfullscreen><\/iframe><\/p>\n<h2>Unsere Ohren vom Kopf&#8230;<\/h2>\n<p>Aufgrund dieser Erfahrung hat Glenn&#8217;s Mutter diesen Text geschrieben:<\/p>\n<p>Unser Sohn Glenn ist mit einer k\u00f6rperlichen Abweichung geboren. Er ist geboren ohne Arme, die H\u00e4nde an seinen Schultern. Au\u00dferdem sind seine Beine beeintr\u00e4chtigt, wodurch er nicht laufen kann. Im ersten Jahr war er auch noch sehr krank. Es ist ein kleines Wunder das er sich da so gut durchgek\u00e4mpft hat.<\/p>\n<p>Das erste Jahr machten wir uns gro\u00dfe Sorgen. Wie sollte es sp\u00e4ter nur weitergehen mit diesem Knaben?<\/p>\n<p>Er \u00fcberraschte alle durch sich zu einem frechen Jungen zu entwickeln der immer gute Laune hat. Wo wir Probleme sehen, sieht er sie nicht. So etwas wie &#8218;das geht nicht&#8216; gibt es f\u00fcr ihn nicht. Er zeigt uns immer wieder dass er es kann, auf seine eigene Art, meistens mit seinen F\u00fcssen.<\/p>\n<p>Wir waren schnell \u00fcberzeugt das wir mit ihm dieselben Dinge tun werden die man normalerweise auch mit Kindern tut. Wir gingen in die Offensive und nahmen ihn \u00fcberall mit hin was wir auch taten und tun. Auch zu Hause bedeutet das, dass er die gleichen Regeln befolgen muss die auch f\u00fcr unseren \u00e4ltesten Sohn gelten: also auch den Tisch decken und aufr\u00e4umen usw.<\/p>\n<p>So haben wir Glenn zum Bespiel auch mit zum Strand genommen damit er im Sand spielen konnte. Aber der Junge war so unternehmungslustig im Wasser, das schwimmen kein \u00fcberfl\u00fcssiger Luxus schien. Auf diesem Wege kam Glenn zu Ruud, der voller Enthusiasmus mit dem Schwimmunterricht begann. Auch hierbei war schnell deutlich das es f\u00fcr Glenn &#8217;nein&#8216; und &#8218;das geht nicht&#8216; und &#8218;das kann ich nicht&#8216; nicht existieren. Glenn lernte das Wasser schnell kennen und seinen Lehrer auch.<\/p>\n<p><iframe loading=\"lazy\" title=\"Glenn at the Anton Kersjes festival\" width=\"500\" height=\"375\" src=\"https:\/\/www.youtube.com\/embed\/W_SIUHeYw2I?feature=oembed\" frameborder=\"0\" allow=\"accelerometer; autoplay; clipboard-write; encrypted-media; gyroscope; picture-in-picture; web-share\" referrerpolicy=\"strict-origin-when-cross-origin\" allowfullscreen><\/iframe><\/p>\n<p>Ruud erz\u00e4hlte regelm\u00e4\u00dfig \u00fcber das Musikinstrument das er entwickelte: die Magic Flute. Interessiert und neugierig folgten wir den Entwicklungen und fieberten mit ihm mit. W\u00e4hrend der Ferien hatten wir etwas Zeit \u00fcbrig und da fragte Ruud ob Glenn Musik machen m\u00f6chte. Glenn, der neugierig geworden war (und ich \u00fcbrigens auch) fand es cool. Wir gingen nach oben und konnten endlich einen Blick werfen auf das Instrument an dem Ruud so lang gearbeitet hat. Nachdem alles installiert war konnte Musik gemacht werden! Glenn atmete ein gab den ersten Ton zum Besten. Noch nie habe ich diese Mischung aus \u00fcberrascht, verwundert und erstaunt sein gleichzeitig gesehen. Glenn war sehr \u00fcberrascht, ich aber auch! Ich lie\u00df den Tr\u00e4nen freien Lauf weil dieser Augenblick so intensiv war! Glenn zeigte das Musik machen, durch den immensen Einsatz von Ruud, m\u00f6glich geworden ist. Es ist eigentlich kaum in Worte zu fassen welche Emotionen das freimacht.<\/p>\n<p>Glenn war enthusiastisch w\u00e4hrend des Spielens und an seinen Augen konnte man sehen, dass er Melodien und T\u00f6ne suchte. Sein Fu\u00df tickte auf seinem Rollstuhl im Takt der Musik und die Konzentration die er an den Tag legte hatte ich zuvor noch nicht bei ihm gesehen. F\u00fcr Glenn brauchte es nie auf zu h\u00f6ren. Er nannte seine erste eigene Musik das Lied von den &#8222;zwei entf\u00fchrten Kamelen&#8220;. Der ganze Tag stand Kopf bei uns zu Hause weil dieser Moment so \u00fcberw\u00e4ltigend war!<\/p>\n<p>Ruud hatte gl\u00fccklicherweise eine Eingebung und hat die Kamera mitlaufen lassen. Hier\u00fcber bin ich noch immer sehr froh, weil ich so auch der Familie und Freunden zeigen konnte wie Glenn&#8217;s erstes Kennen lernen mit dem bespielen von einem Instrument verlaufen ist und wie sehr er hiervon genossen hat. Die Reaktionen waren herzerw\u00e4rmend sch\u00f6n und alle waren verwundert das es ein Musikinstrument gibt das es ihm (und dieser Gruppe Menschen) erm\u00f6glicht Musik zu machen.<\/p>\n<p>Jetzt wartet Glenn auf seine erste Musikstunde. Er und wir k\u00f6nnen es nicht erwarten bis dieser Moment endlich anbricht! Inzwischen kommen wir aus dem Staunen nicht mehr raus, weil seit dem ersten Kennen lernen mit der Musik singt Glenn ohne Unterlass (und das nicht gerade leise) und werden Pinsel, Bleistifte, L\u00f6ffel, Plastikflaschen in ein richtiges Orchester verwandelt!<\/p>\n<p>Als Elternteil tut es so gut zu sehen, dass dies m\u00f6glich ist. Auch wenn Glenn denkt das alles m\u00f6glich ist, wir wissen das es realistisch gesehen auch unm\u00f6gliche Sachen gibt. Gl\u00fccklicherweise geh\u00f6rt Musik machen nicht dazu und hierf\u00fcr sind wir Ruud sehr dankbar. Er hat sich grenzenlos, voller Hingabe und ohne irgendeinen Eigennutz eingesetzt und eine T\u00fcr aufgesto\u00dfen, die ansonsten wahrscheinlich nur schwer zu \u00f6ffnen gewesen w\u00e4re. Wir k\u00f6nnen nur froh sein mit einem Jungen der mit einem enormen Durchsetzungsverm\u00f6gen uns inzwischen die Ohren vom Kopf trommelt, singt und demn\u00e4chst auch fl\u00f6tet!<\/p>\n<p>Cinska Arkema<br \/>\nSam Nugteren<br \/>\n(Eltern)<\/p>","protected":false},"excerpt":{"rendered":"<p>Glenn war der Erste der auf die Magic Flute spielte Foto: Wim Kluvers Am Mittwoch den 15 Augustus 2006 gebe ich Glenn im Rehabilitationszentrum Rijndam Schwimmunterricht. Gestern habe ich den Prototyp der Magic Flute bekommen. Ein Instrument das ich zusammen mit zwei Freunden entwickelt habe. Ich frage ihn: &#8222;Glenn, kannst Du mir vielleicht helfen?&#8220; &#8222;Womit [&hellip;]<\/p>\n","protected":false},"author":7,"featured_media":0,"parent":0,"menu_order":0,"comment_status":"closed","ping_status":"closed","template":"","meta":{"_exactmetrics_skip_tracking":false,"_exactmetrics_sitenote_active":false,"_exactmetrics_sitenote_note":"","_exactmetrics_sitenote_category":0,"footnotes":""},"categories":[],"tags":[],"class_list":["post-283","page","type-page","status-publish","hentry"],"yoast_head":"<!-- This site is optimized with the Yoast SEO plugin v26.5 - https:\/\/yoast.com\/wordpress\/plugins\/seo\/ -->\n<title>Glenn und siene Magic Flute | My Breath My Music<\/title>\n<meta name=\"robots\" content=\"index, follow, max-snippet:-1, max-image-preview:large, max-video-preview:-1\" \/>\n<link rel=\"canonical\" href=\"https:\/\/mybreathmymusic.com\/de\/glenn-2\" \/>\n<meta property=\"og:locale\" content=\"de_DE\" \/>\n<meta property=\"og:type\" content=\"article\" \/>\n<meta property=\"og:title\" content=\"Glenn und siene Magic Flute | My Breath My Music\" \/>\n<meta property=\"og:description\" content=\"Glenn war der Erste der auf die Magic Flute spielte Foto: Wim Kluvers Am Mittwoch den 15 Augustus 2006 gebe ich Glenn im Rehabilitationszentrum Rijndam Schwimmunterricht. Gestern habe ich den Prototyp der Magic Flute bekommen. Ein Instrument das ich zusammen mit zwei Freunden entwickelt habe. Ich frage ihn: &#8222;Glenn, kannst Du mir vielleicht helfen?&#8220; &#8222;Womit [&hellip;]\" \/>\n<meta property=\"og:url\" content=\"https:\/\/mybreathmymusic.com\/de\/glenn-2\" \/>\n<meta property=\"og:site_name\" content=\"My Breath My Music\" \/>\n<meta property=\"article:publisher\" content=\"https:\/\/www.facebook.com\/MyBreathMyMusic\/\" \/>\n<meta property=\"article:modified_time\" content=\"2021-03-28T20:46:26+00:00\" \/>\n<meta property=\"og:image\" content=\"https:\/\/mybreathmymusic.com\/wp-content\/uploads\/2016\/04\/glenn.jpg\" \/>\n<meta name=\"twitter:card\" content=\"summary_large_image\" \/>\n<meta name=\"twitter:label1\" content=\"Gesch\u00e4tzte Lesezeit\" \/>\n\t<meta name=\"twitter:data1\" content=\"15\u00a0Minuten\" \/>\n<script type=\"application\/ld+json\" class=\"yoast-schema-graph\">{\"@context\":\"https:\/\/schema.org\",\"@graph\":[{\"@type\":\"WebPage\",\"@id\":\"https:\/\/mybreathmymusic.com\/de\/glenn-2\",\"url\":\"https:\/\/mybreathmymusic.com\/de\/glenn-2\",\"name\":\"Glenn und siene Magic Flute | My Breath My Music\",\"isPartOf\":{\"@id\":\"https:\/\/mybreathmymusic.com\/en\/#website\"},\"datePublished\":\"2016-05-23T08:11:13+00:00\",\"dateModified\":\"2021-03-28T20:46:26+00:00\",\"breadcrumb\":{\"@id\":\"https:\/\/mybreathmymusic.com\/de\/glenn-2#breadcrumb\"},\"inLanguage\":\"de\",\"potentialAction\":[{\"@type\":\"ReadAction\",\"target\":[\"https:\/\/mybreathmymusic.com\/de\/glenn-2\"]}]},{\"@type\":\"BreadcrumbList\",\"@id\":\"https:\/\/mybreathmymusic.com\/de\/glenn-2#breadcrumb\",\"itemListElement\":[{\"@type\":\"ListItem\",\"position\":1,\"name\":\"Home\",\"item\":\"https:\/\/mybreathmymusic.com\/\"},{\"@type\":\"ListItem\",\"position\":2,\"name\":\"Glenn und siene Magic Flute\"}]},{\"@type\":\"WebSite\",\"@id\":\"https:\/\/mybreathmymusic.com\/en\/#website\",\"url\":\"https:\/\/mybreathmymusic.com\/en\/\",\"name\":\"My Breath My Music -*- Stichting\",\"description\":\"Muziekinstrumenten voor kinderen met een beperking\",\"publisher\":{\"@id\":\"https:\/\/mybreathmymusic.com\/en\/#organization\"},\"potentialAction\":[{\"@type\":\"SearchAction\",\"target\":{\"@type\":\"EntryPoint\",\"urlTemplate\":\"https:\/\/mybreathmymusic.com\/en\/?s={search_term_string}\"},\"query-input\":{\"@type\":\"PropertyValueSpecification\",\"valueRequired\":true,\"valueName\":\"search_term_string\"}}],\"inLanguage\":\"de\"},{\"@type\":\"Organization\",\"@id\":\"https:\/\/mybreathmymusic.com\/en\/#organization\",\"name\":\"Stichting My Breath My Music\",\"url\":\"https:\/\/mybreathmymusic.com\/en\/\",\"logo\":{\"@type\":\"ImageObject\",\"inLanguage\":\"de\",\"@id\":\"https:\/\/mybreathmymusic.com\/en\/#\/schema\/logo\/image\/\",\"url\":\"https:\/\/mybreathmymusic.com\/wp-content\/uploads\/2016\/04\/logo_mbmm.gif\",\"contentUrl\":\"https:\/\/mybreathmymusic.com\/wp-content\/uploads\/2016\/04\/logo_mbmm.gif\",\"width\":250,\"height\":84,\"caption\":\"Stichting My Breath My Music\"},\"image\":{\"@id\":\"https:\/\/mybreathmymusic.com\/en\/#\/schema\/logo\/image\/\"},\"sameAs\":[\"https:\/\/www.facebook.com\/MyBreathMyMusic\/\"]}]}<\/script>\n<!-- \/ Yoast SEO plugin. -->","yoast_head_json":{"title":"Glenn und siene Magic Flute | My Breath My Music","robots":{"index":"index","follow":"follow","max-snippet":"max-snippet:-1","max-image-preview":"max-image-preview:large","max-video-preview":"max-video-preview:-1"},"canonical":"https:\/\/mybreathmymusic.com\/de\/glenn-2","og_locale":"de_DE","og_type":"article","og_title":"Glenn und siene Magic Flute | My Breath My Music","og_description":"Glenn war der Erste der auf die Magic Flute spielte Foto: Wim Kluvers Am Mittwoch den 15 Augustus 2006 gebe ich Glenn im Rehabilitationszentrum Rijndam Schwimmunterricht. Gestern habe ich den Prototyp der Magic Flute bekommen. Ein Instrument das ich zusammen mit zwei Freunden entwickelt habe. Ich frage ihn: &#8222;Glenn, kannst Du mir vielleicht helfen?&#8220; &#8222;Womit [&hellip;]","og_url":"https:\/\/mybreathmymusic.com\/de\/glenn-2","og_site_name":"My Breath My Music","article_publisher":"https:\/\/www.facebook.com\/MyBreathMyMusic\/","article_modified_time":"2021-03-28T20:46:26+00:00","og_image":[{"url":"https:\/\/mybreathmymusic.com\/wp-content\/uploads\/2016\/04\/glenn.jpg","type":"","width":"","height":""}],"twitter_card":"summary_large_image","twitter_misc":{"Gesch\u00e4tzte Lesezeit":"15\u00a0Minuten"},"schema":{"@context":"https:\/\/schema.org","@graph":[{"@type":"WebPage","@id":"https:\/\/mybreathmymusic.com\/de\/glenn-2","url":"https:\/\/mybreathmymusic.com\/de\/glenn-2","name":"Glenn und siene Magic Flute | My Breath My Music","isPartOf":{"@id":"https:\/\/mybreathmymusic.com\/en\/#website"},"datePublished":"2016-05-23T08:11:13+00:00","dateModified":"2021-03-28T20:46:26+00:00","breadcrumb":{"@id":"https:\/\/mybreathmymusic.com\/de\/glenn-2#breadcrumb"},"inLanguage":"de","potentialAction":[{"@type":"ReadAction","target":["https:\/\/mybreathmymusic.com\/de\/glenn-2"]}]},{"@type":"BreadcrumbList","@id":"https:\/\/mybreathmymusic.com\/de\/glenn-2#breadcrumb","itemListElement":[{"@type":"ListItem","position":1,"name":"Home","item":"https:\/\/mybreathmymusic.com\/"},{"@type":"ListItem","position":2,"name":"Glenn und siene Magic Flute"}]},{"@type":"WebSite","@id":"https:\/\/mybreathmymusic.com\/en\/#website","url":"https:\/\/mybreathmymusic.com\/en\/","name":"My Breath My Music -*- Stichting","description":"Muziekinstrumenten voor kinderen met een beperking","publisher":{"@id":"https:\/\/mybreathmymusic.com\/en\/#organization"},"potentialAction":[{"@type":"SearchAction","target":{"@type":"EntryPoint","urlTemplate":"https:\/\/mybreathmymusic.com\/en\/?s={search_term_string}"},"query-input":{"@type":"PropertyValueSpecification","valueRequired":true,"valueName":"search_term_string"}}],"inLanguage":"de"},{"@type":"Organization","@id":"https:\/\/mybreathmymusic.com\/en\/#organization","name":"Stichting My Breath My Music","url":"https:\/\/mybreathmymusic.com\/en\/","logo":{"@type":"ImageObject","inLanguage":"de","@id":"https:\/\/mybreathmymusic.com\/en\/#\/schema\/logo\/image\/","url":"https:\/\/mybreathmymusic.com\/wp-content\/uploads\/2016\/04\/logo_mbmm.gif","contentUrl":"https:\/\/mybreathmymusic.com\/wp-content\/uploads\/2016\/04\/logo_mbmm.gif","width":250,"height":84,"caption":"Stichting My Breath My Music"},"image":{"@id":"https:\/\/mybreathmymusic.com\/en\/#\/schema\/logo\/image\/"},"sameAs":["https:\/\/www.facebook.com\/MyBreathMyMusic\/"]}]}},"_links":{"self":[{"href":"https:\/\/mybreathmymusic.com\/de\/wp-json\/wp\/v2\/pages\/283","targetHints":{"allow":["GET"]}}],"collection":[{"href":"https:\/\/mybreathmymusic.com\/de\/wp-json\/wp\/v2\/pages"}],"about":[{"href":"https:\/\/mybreathmymusic.com\/de\/wp-json\/wp\/v2\/types\/page"}],"author":[{"embeddable":true,"href":"https:\/\/mybreathmymusic.com\/de\/wp-json\/wp\/v2\/users\/7"}],"replies":[{"embeddable":true,"href":"https:\/\/mybreathmymusic.com\/de\/wp-json\/wp\/v2\/comments?post=283"}],"version-history":[{"count":0,"href":"https:\/\/mybreathmymusic.com\/de\/wp-json\/wp\/v2\/pages\/283\/revisions"}],"wp:attachment":[{"href":"https:\/\/mybreathmymusic.com\/de\/wp-json\/wp\/v2\/media?parent=283"}],"wp:term":[{"taxonomy":"category","embeddable":true,"href":"https:\/\/mybreathmymusic.com\/de\/wp-json\/wp\/v2\/categories?post=283"},{"taxonomy":"post_tag","embeddable":true,"href":"https:\/\/mybreathmymusic.com\/de\/wp-json\/wp\/v2\/tags?post=283"}],"curies":[{"name":"wp","href":"https:\/\/api.w.org\/{rel}","templated":true}]}}