{"id":276,"date":"2016-05-23T10:07:16","date_gmt":"2016-05-23T08:07:16","guid":{"rendered":"http:\/\/mybreathmymusic.com\/?page_id=276"},"modified":"2025-04-18T11:12:32","modified_gmt":"2025-04-18T09:12:32","slug":"magic-flute-workshops","status":"publish","type":"page","link":"https:\/\/mybreathmymusic.com\/de\/magic-flute-workshops","title":{"rendered":"Workshop Magic Flute"},"content":{"rendered":"<p>1. <a href=\"\/de\/improviseren-op-de-magic-flute\">Improvisation auf der Magic Flute<\/a><br \/>\n2. <a href=\"\/de\/toon-keuze-en-toon-gebruik\">Wahl der richtigen Tonleiter und Umgang mit Noten<\/a><br \/>\n3.\u00a0<a href=\"\/de\/liedjes-spelen-voor-beginners\">Wie spiele ich ein Lied? Eine Anleitung f\u00fcr Anf\u00e4nger<\/a><br \/>\n4.\u00a0<a href=\"\/de\/de-kracht-van-de-pentatonische-toonladder\">Die Macht der pentatonischen Tonleiter<\/a><br \/>\n5.\u00a0<a href=\"\/de\/verander-uw-computer-in-een-magic-flute-geluidsmodule\">Verwandeln Sie Ihren Computer in ein Soundmodul f\u00fcr die Magic Flute<\/a><br \/>\n6.\u00a0<a href=\"\/de\/pimp-je-schakelaar\">&#8222;Pimp your Switch&#8220;<\/a><br \/>\n7.\u00a0<a href=\"\/de\/werken-met-de-ipad-in-combinatie-met-de-magic-flute\">Die Magic Flute Im Zusammenspiel mit dem iPad<\/a><\/p>\n<p>&nbsp;<\/p>\n<h2>Noten f\u00fcr die Magic Flute<\/h2>\n<p>F\u00fcr die Magic Flute verwenden wir gew\u00f6hnliche Notenschrift. Die ist nur logisch, da auf dem Display der Magic-Flute auch ein Notensystem zur Verwendung kommt.<\/p>\n<p><img loading=\"lazy\" decoding=\"async\" class=\"alignnone size-full wp-image-55\" src=\"\/wp-content\/uploads\/2016\/04\/display2.jpg\" alt=\"display2\" width=\"600\" height=\"800\" srcset=\"https:\/\/mybreathmymusic.com\/wp-content\/uploads\/2016\/04\/display2.jpg 600w, https:\/\/mybreathmymusic.com\/wp-content\/uploads\/2016\/04\/display2-225x300.jpg 225w\" sizes=\"auto, (max-width: 600px) 100vw, 600px\" \/><\/p>\n<p><img loading=\"lazy\" decoding=\"async\" class=\"alignnone size-full wp-image-112\" src=\"\/wp-content\/uploads\/2016\/04\/notenbalk.jpg\" alt=\"notenbalk\" width=\"600\" height=\"377\" srcset=\"https:\/\/mybreathmymusic.com\/wp-content\/uploads\/2016\/04\/notenbalk.jpg 600w, https:\/\/mybreathmymusic.com\/wp-content\/uploads\/2016\/04\/notenbalk-300x189.jpg 300w\" sizes=\"auto, (max-width: 600px) 100vw, 600px\" \/><\/p>\n<p><img loading=\"lazy\" decoding=\"async\" class=\"alignnone size-full wp-image-147\" src=\"\/wp-content\/uploads\/2016\/04\/toonladder.jpg\" alt=\"toonladder\" width=\"600\" height=\"395\" srcset=\"https:\/\/mybreathmymusic.com\/wp-content\/uploads\/2016\/04\/toonladder.jpg 600w, https:\/\/mybreathmymusic.com\/wp-content\/uploads\/2016\/04\/toonladder-300x198.jpg 300w\" sizes=\"auto, (max-width: 600px) 100vw, 600px\" \/><\/p>\n<p>Neben Noten finden Sie auf der Download-Seite auch MP3s und Midi-Dateien zum Mitspielen. Das macht Spa\u00df und so lernt man auch noch im Takt zu spielen. Nat\u00fcrlich ist es noch besser falls Sie einen Lehrer in ihrer Umgebung finden k\u00f6nnen.<\/p>\n<h2>Improvisation<\/h2>\n<p>Improvisation ist eine M\u00f6glichkeit, seine eigene Musik zu schaffen und dies ohne Vorbereitung ohne viel nach zu denken. Es ist eine unglaubliche Art und Weise sich auszudr\u00fccken. Wenn man die richtige Tonleiter auf der Magic mit den Play-Along-St\u00fccken f\u00fcr die Improvisation verwendet, kann man sofort Musik machen, die sehr h\u00f6renswert ist.<\/p>\n<p>Man kann bereits fr\u00fch damit anfangen: Unsere j\u00fcngsten Musiker sind gerade mal vier Jahre alt. Improvisieren wirkt sich positiv f\u00fcr die gesitige Entwicklung aus. Jemand, der Musik gut improvisiert, kann dies oft auch im t\u00e4glichen Leben.<\/p>\n<p>Auch Benutzer mit einer geistigen Behinderung k\u00f6nnen ohne Probleme improvisieren. Auf unserer Download-Seite finden Sie ein paar professionelle Play-Along-St\u00fccke. Diese sind speziell fur &#8222;My Breath My Music&#8220; komponiert worden. Bei diesen Tracks finden Sie Informationen \u00fcber die Tonleiter die Sie am besten benutzen k\u00f6nnen. Musizieren war noch nie so einfach!<\/p>","protected":false},"excerpt":{"rendered":"<p>1. Improvisation auf der Magic Flute 2. Wahl der richtigen Tonleiter und Umgang mit Noten 3.\u00a0Wie spiele ich ein Lied? Eine Anleitung f\u00fcr Anf\u00e4nger 4.\u00a0Die Macht der pentatonischen Tonleiter 5.\u00a0Verwandeln Sie Ihren Computer in ein Soundmodul f\u00fcr die Magic Flute 6.\u00a0&#8222;Pimp your Switch&#8220; 7.\u00a0Die Magic Flute Im Zusammenspiel mit dem iPad &nbsp; Noten f\u00fcr die [&hellip;]<\/p>\n","protected":false},"author":7,"featured_media":0,"parent":0,"menu_order":0,"comment_status":"closed","ping_status":"closed","template":"","meta":{"_exactmetrics_skip_tracking":false,"_exactmetrics_sitenote_active":false,"_exactmetrics_sitenote_note":"","_exactmetrics_sitenote_category":0,"footnotes":""},"categories":[],"tags":[],"class_list":["post-276","page","type-page","status-publish","hentry"],"yoast_head":"<!-- This site is optimized with the Yoast SEO plugin v26.5 - https:\/\/yoast.com\/wordpress\/plugins\/seo\/ -->\n<title>Workshop Magic Flute | My Breath My Music<\/title>\n<meta name=\"description\" content=\"Ter ondersteuning van zowel muzikanten als begeleiders vindt u op onze website gratis Magic Flute workshops, met begeleidingstracks! Leren improviseren? Of juist liedjes leren spelen? Dat kunt u allemaal bij ons! Inclusief bladmuziek voor de Magic Flute en aangepaste muzieknotatie voor de Yamaha WX5.\" \/>\n<meta name=\"robots\" content=\"index, follow, max-snippet:-1, max-image-preview:large, max-video-preview:-1\" \/>\n<link rel=\"canonical\" href=\"https:\/\/mybreathmymusic.com\/de\/magic-flute-workshops\" \/>\n<meta property=\"og:locale\" content=\"de_DE\" \/>\n<meta property=\"og:type\" content=\"article\" \/>\n<meta property=\"og:title\" content=\"Workshop Magic Flute | My Breath My Music\" \/>\n<meta property=\"og:description\" content=\"Ter ondersteuning van zowel muzikanten als begeleiders vindt u op onze website gratis Magic Flute workshops, met begeleidingstracks! Leren improviseren? Of juist liedjes leren spelen? Dat kunt u allemaal bij ons! Inclusief bladmuziek voor de Magic Flute en aangepaste muzieknotatie voor de Yamaha WX5.\" \/>\n<meta property=\"og:url\" content=\"https:\/\/mybreathmymusic.com\/magic-flute-workshops\" \/>\n<meta property=\"og:site_name\" content=\"My Breath My Music\" \/>\n<meta property=\"article:publisher\" content=\"https:\/\/www.facebook.com\/MyBreathMyMusic\/\" \/>\n<meta property=\"article:modified_time\" content=\"2025-04-18T09:12:32+00:00\" \/>\n<meta name=\"twitter:card\" content=\"summary_large_image\" \/>\n<meta name=\"twitter:label1\" content=\"Gesch\u00e4tzte Lesezeit\" \/>\n\t<meta name=\"twitter:data1\" content=\"1\u00a0Minute\" \/>\n<script type=\"application\/ld+json\" class=\"yoast-schema-graph\">{\"@context\":\"https:\/\/schema.org\",\"@graph\":[{\"@type\":\"WebPage\",\"@id\":\"https:\/\/mybreathmymusic.com\/magic-flute-workshops\",\"url\":\"https:\/\/mybreathmymusic.com\/magic-flute-workshops\",\"name\":\"Workshop Magic Flute | My Breath My Music\",\"isPartOf\":{\"@id\":\"https:\/\/mybreathmymusic.com\/en\/#website\"},\"datePublished\":\"2016-05-23T08:07:16+00:00\",\"dateModified\":\"2025-04-18T09:12:32+00:00\",\"description\":\"Ter ondersteuning van zowel muzikanten als begeleiders vindt u op onze website gratis Magic Flute workshops, met begeleidingstracks! Leren improviseren? Of juist liedjes leren spelen? Dat kunt u allemaal bij ons! Inclusief bladmuziek voor de Magic Flute en aangepaste muzieknotatie voor de Yamaha WX5.\",\"breadcrumb\":{\"@id\":\"https:\/\/mybreathmymusic.com\/magic-flute-workshops#breadcrumb\"},\"inLanguage\":\"de\",\"potentialAction\":[{\"@type\":\"ReadAction\",\"target\":[\"https:\/\/mybreathmymusic.com\/magic-flute-workshops\"]}]},{\"@type\":\"BreadcrumbList\",\"@id\":\"https:\/\/mybreathmymusic.com\/magic-flute-workshops#breadcrumb\",\"itemListElement\":[{\"@type\":\"ListItem\",\"position\":1,\"name\":\"Home\",\"item\":\"https:\/\/mybreathmymusic.com\/\"},{\"@type\":\"ListItem\",\"position\":2,\"name\":\"Magic Flute Workshops\"}]},{\"@type\":\"WebSite\",\"@id\":\"https:\/\/mybreathmymusic.com\/en\/#website\",\"url\":\"https:\/\/mybreathmymusic.com\/en\/\",\"name\":\"My Breath My Music -*- Stichting\",\"description\":\"Muziekinstrumenten voor kinderen met een beperking\",\"publisher\":{\"@id\":\"https:\/\/mybreathmymusic.com\/en\/#organization\"},\"potentialAction\":[{\"@type\":\"SearchAction\",\"target\":{\"@type\":\"EntryPoint\",\"urlTemplate\":\"https:\/\/mybreathmymusic.com\/en\/?s={search_term_string}\"},\"query-input\":{\"@type\":\"PropertyValueSpecification\",\"valueRequired\":true,\"valueName\":\"search_term_string\"}}],\"inLanguage\":\"de\"},{\"@type\":\"Organization\",\"@id\":\"https:\/\/mybreathmymusic.com\/en\/#organization\",\"name\":\"Stichting My Breath My Music\",\"url\":\"https:\/\/mybreathmymusic.com\/en\/\",\"logo\":{\"@type\":\"ImageObject\",\"inLanguage\":\"de\",\"@id\":\"https:\/\/mybreathmymusic.com\/en\/#\/schema\/logo\/image\/\",\"url\":\"https:\/\/mybreathmymusic.com\/wp-content\/uploads\/2016\/04\/logo_mbmm.gif\",\"contentUrl\":\"https:\/\/mybreathmymusic.com\/wp-content\/uploads\/2016\/04\/logo_mbmm.gif\",\"width\":250,\"height\":84,\"caption\":\"Stichting My Breath My Music\"},\"image\":{\"@id\":\"https:\/\/mybreathmymusic.com\/en\/#\/schema\/logo\/image\/\"},\"sameAs\":[\"https:\/\/www.facebook.com\/MyBreathMyMusic\/\"]}]}<\/script>\n<!-- \/ Yoast SEO plugin. -->","yoast_head_json":{"title":"Workshop Magic Flute | My Breath My Music","description":"Ter ondersteuning van zowel muzikanten als begeleiders vindt u op onze website gratis Magic Flute workshops, met begeleidingstracks! Leren improviseren? Of juist liedjes leren spelen? Dat kunt u allemaal bij ons! Inclusief bladmuziek voor de Magic Flute en aangepaste muzieknotatie voor de Yamaha WX5.","robots":{"index":"index","follow":"follow","max-snippet":"max-snippet:-1","max-image-preview":"max-image-preview:large","max-video-preview":"max-video-preview:-1"},"canonical":"https:\/\/mybreathmymusic.com\/de\/magic-flute-workshops","og_locale":"de_DE","og_type":"article","og_title":"Workshop Magic Flute | My Breath My Music","og_description":"Ter ondersteuning van zowel muzikanten als begeleiders vindt u op onze website gratis Magic Flute workshops, met begeleidingstracks! Leren improviseren? Of juist liedjes leren spelen? Dat kunt u allemaal bij ons! Inclusief bladmuziek voor de Magic Flute en aangepaste muzieknotatie voor de Yamaha WX5.","og_url":"https:\/\/mybreathmymusic.com\/magic-flute-workshops","og_site_name":"My Breath My Music","article_publisher":"https:\/\/www.facebook.com\/MyBreathMyMusic\/","article_modified_time":"2025-04-18T09:12:32+00:00","twitter_card":"summary_large_image","twitter_misc":{"Gesch\u00e4tzte Lesezeit":"1\u00a0Minute"},"schema":{"@context":"https:\/\/schema.org","@graph":[{"@type":"WebPage","@id":"https:\/\/mybreathmymusic.com\/magic-flute-workshops","url":"https:\/\/mybreathmymusic.com\/magic-flute-workshops","name":"Workshop Magic Flute | My Breath My Music","isPartOf":{"@id":"https:\/\/mybreathmymusic.com\/en\/#website"},"datePublished":"2016-05-23T08:07:16+00:00","dateModified":"2025-04-18T09:12:32+00:00","description":"Ter ondersteuning van zowel muzikanten als begeleiders vindt u op onze website gratis Magic Flute workshops, met begeleidingstracks! Leren improviseren? Of juist liedjes leren spelen? Dat kunt u allemaal bij ons! Inclusief bladmuziek voor de Magic Flute en aangepaste muzieknotatie voor de Yamaha WX5.","breadcrumb":{"@id":"https:\/\/mybreathmymusic.com\/magic-flute-workshops#breadcrumb"},"inLanguage":"de","potentialAction":[{"@type":"ReadAction","target":["https:\/\/mybreathmymusic.com\/magic-flute-workshops"]}]},{"@type":"BreadcrumbList","@id":"https:\/\/mybreathmymusic.com\/magic-flute-workshops#breadcrumb","itemListElement":[{"@type":"ListItem","position":1,"name":"Home","item":"https:\/\/mybreathmymusic.com\/"},{"@type":"ListItem","position":2,"name":"Magic Flute Workshops"}]},{"@type":"WebSite","@id":"https:\/\/mybreathmymusic.com\/en\/#website","url":"https:\/\/mybreathmymusic.com\/en\/","name":"My Breath My Music -*- Stichting","description":"Muziekinstrumenten voor kinderen met een beperking","publisher":{"@id":"https:\/\/mybreathmymusic.com\/en\/#organization"},"potentialAction":[{"@type":"SearchAction","target":{"@type":"EntryPoint","urlTemplate":"https:\/\/mybreathmymusic.com\/en\/?s={search_term_string}"},"query-input":{"@type":"PropertyValueSpecification","valueRequired":true,"valueName":"search_term_string"}}],"inLanguage":"de"},{"@type":"Organization","@id":"https:\/\/mybreathmymusic.com\/en\/#organization","name":"Stichting My Breath My Music","url":"https:\/\/mybreathmymusic.com\/en\/","logo":{"@type":"ImageObject","inLanguage":"de","@id":"https:\/\/mybreathmymusic.com\/en\/#\/schema\/logo\/image\/","url":"https:\/\/mybreathmymusic.com\/wp-content\/uploads\/2016\/04\/logo_mbmm.gif","contentUrl":"https:\/\/mybreathmymusic.com\/wp-content\/uploads\/2016\/04\/logo_mbmm.gif","width":250,"height":84,"caption":"Stichting My Breath My Music"},"image":{"@id":"https:\/\/mybreathmymusic.com\/en\/#\/schema\/logo\/image\/"},"sameAs":["https:\/\/www.facebook.com\/MyBreathMyMusic\/"]}]}},"_links":{"self":[{"href":"https:\/\/mybreathmymusic.com\/de\/wp-json\/wp\/v2\/pages\/276","targetHints":{"allow":["GET"]}}],"collection":[{"href":"https:\/\/mybreathmymusic.com\/de\/wp-json\/wp\/v2\/pages"}],"about":[{"href":"https:\/\/mybreathmymusic.com\/de\/wp-json\/wp\/v2\/types\/page"}],"author":[{"embeddable":true,"href":"https:\/\/mybreathmymusic.com\/de\/wp-json\/wp\/v2\/users\/7"}],"replies":[{"embeddable":true,"href":"https:\/\/mybreathmymusic.com\/de\/wp-json\/wp\/v2\/comments?post=276"}],"version-history":[{"count":6,"href":"https:\/\/mybreathmymusic.com\/de\/wp-json\/wp\/v2\/pages\/276\/revisions"}],"predecessor-version":[{"id":2659,"href":"https:\/\/mybreathmymusic.com\/de\/wp-json\/wp\/v2\/pages\/276\/revisions\/2659"}],"wp:attachment":[{"href":"https:\/\/mybreathmymusic.com\/de\/wp-json\/wp\/v2\/media?parent=276"}],"wp:term":[{"taxonomy":"category","embeddable":true,"href":"https:\/\/mybreathmymusic.com\/de\/wp-json\/wp\/v2\/categories?post=276"},{"taxonomy":"post_tag","embeddable":true,"href":"https:\/\/mybreathmymusic.com\/de\/wp-json\/wp\/v2\/tags?post=276"}],"curies":[{"name":"wp","href":"https:\/\/api.w.org\/{rel}","templated":true}]}}