{"id":2700,"date":"2025-04-19T06:03:40","date_gmt":"2025-04-19T04:03:40","guid":{"rendered":"https:\/\/mybreathmymusic.com\/?page_id=2700"},"modified":"2025-04-20T12:37:43","modified_gmt":"2025-04-20T10:37:43","slug":"cijfermuziek-travel-sax","status":"publish","type":"page","link":"https:\/\/mybreathmymusic.com\/de\/cijfermuziek-travel-sax","title":{"rendered":"Nummer Musik Travel Sax"},"content":{"rendered":"<p><strong>Leicht lesbare\u00a0 te lezen <a href=\"https:\/\/mybreathmymusic.com\/wp-content\/uploads\/2025\/04\/Cijfermuziek-schema.pdf\" target=\"_blank\" rel=\"noopener\">Musiknotation (Nummer musik)<\/a> f\u00fcr das Adaptive Travel Sax <\/strong>(und Yamaha WX5)<strong>.<\/strong><\/p>\n<p><img loading=\"lazy\" decoding=\"async\" class=\"alignleft size-medium wp-image-2578\" src=\"https:\/\/mybreathmymusic.com\/wp-content\/uploads\/2025\/04\/we-will-rock-300x219.png\" alt=\"\" width=\"300\" height=\"219\" srcset=\"https:\/\/mybreathmymusic.com\/wp-content\/uploads\/2025\/04\/we-will-rock-300x219.png 300w, https:\/\/mybreathmymusic.com\/wp-content\/uploads\/2025\/04\/we-will-rock-1024x747.png 1024w, https:\/\/mybreathmymusic.com\/wp-content\/uploads\/2025\/04\/we-will-rock-768x560.png 768w, https:\/\/mybreathmymusic.com\/wp-content\/uploads\/2025\/04\/we-will-rock.png 1083w\" sizes=\"auto, (max-width: 300px) 100vw, 300px\" \/><\/p>\n<p>Beginnen Sie mit dem ersten Lied und spielen Sie innerhalb von 10 Minuten Ihre erste Melodie! &#8211; Du kannst es auch schaffen!<br \/>\nDiese Songauswahl ist speziell f\u00fcr Anf\u00e4nger zusammengestellt. Nach jedem Lied erh\u00f6ht sich der Schwierigkeitsgrad.<\/p>\n<p><a title=\"Ga naar\" href=\"https:\/\/mybreathmymusic.com\/yamaha-wx-adaptive-travel-sax\"><strong>KLICKEN SIE HIER F\u00dcR WEITERE NOTEN (NUMMER MUSIK) F\u00dcR EIN- UND ZWEIDH\u00c4NDIGES SPIELEN<\/strong><\/a><\/p>\n<p>&nbsp;<\/p>\n<p><em><br \/>\n<\/em><a title=\"Downloaden\" href=\"\/wp-content\/uploads\/bladmuziek\/Wewillrockyou-1hand.pdf\" download=\"\">We will rock you &#8211; Queen &#8211; 1 hand<\/a><br \/>\n<a title=\"Downloaden\" href=\"\/wp-content\/uploads\/bladmuziek\/Wewillrockyou-2handsAmversie.pdf\" download=\"\">We will rock you &#8211; Queen &#8211; 2 hands<\/a><\/p>\n<p><a title=\"Downloaden\" href=\"\/wp-content\/uploads\/bladmuziek\/Tune16-1hand.pdf\" download=\"\">Tune 16 &#8211; 1 hand<\/a><br \/>\n<a title=\"Downloaden\" href=\"\/wp-content\/uploads\/bladmuziek\/Tune16-2hands.pdf\" download=\"\">Tune 16 &#8211; 2 hands<\/a><\/p>\n<p><a title=\"Downloaden\" href=\"\/wp-content\/uploads\/bladmuziek\/Maryhadalittlelamb-1hand.pdf\" download=\"\">Mary had a little lamb &#8211; 1 hand<\/a><br \/>\n<a title=\"Downloaden\" href=\"\/wp-content\/uploads\/bladmuziek\/Maryhadalittlelamb-2hands.pdf\" download=\"\">Mary had a little lamb &#8211; 2 hands<\/a><\/p>\n<p><a href=\"https:\/\/mybreathmymusic.com\/wp-content\/uploads\/2024\/12\/Op-en-neer-1-en-2-hand.pdf\" target=\"_blank\" rel=\"noopener\">Op en neer &#8211; 1 hand<\/a><br \/>\n<a href=\"https:\/\/mybreathmymusic.com\/wp-content\/uploads\/2024\/12\/Op-en-neer-1-en-2-hand.pdf\" target=\"_blank\" rel=\"noopener\">Op en neer &#8211; 2 hands<\/a><\/p>\n<p><a title=\"Downloaden\" href=\"\/wp-content\/uploads\/bladmuziek\/Tune28-1hand.pdf\" download=\"\">Tune 28 &#8211; 1 hand<\/a><br \/>\n<a title=\"Downloaden\" href=\"\/wp-content\/uploads\/bladmuziek\/Tune28-2hands.pdf\" download=\"\">Tune 28 &#8211; 2 hands<\/a><\/p>\n<p><a href=\"https:\/\/mybreathmymusic.com\/wp-content\/uploads\/2024\/12\/Maanliedje-1-en-2-hand.pdf\" target=\"_blank\" rel=\"noopener\">Maanliedje &#8211; 1 hand<\/a><br \/>\n<a href=\"https:\/\/mybreathmymusic.com\/wp-content\/uploads\/2024\/12\/Maanliedje-1-en-2-hand.pdf\" target=\"_blank\" rel=\"noopener\">Maanliedje &#8211; 2 hands<\/a><\/p>\n<p><a href=\"https:\/\/mybreathmymusic.com\/wp-content\/uploads\/2024\/12\/Mieke-hou-je-vast-1-en-2-hand.pdf\" target=\"_blank\" rel=\"noopener\">Mieke hou je vast &#8211; 1 hand<\/a><br \/>\n<a href=\"https:\/\/mybreathmymusic.com\/wp-content\/uploads\/2024\/12\/Mieke-hou-je-vast-1-en-2-hand.pdf\" target=\"_blank\" rel=\"noopener\">Mieke hou je vast &#8211; 2 hands<\/a><\/p>\n<p><a href=\"https:\/\/mybreathmymusic.com\/wp-content\/uploads\/2024\/12\/Un-dun-dip-1-en-2-hand.pdf\" target=\"_blank\" rel=\"noopener\">Un dun dip &#8211; 1 hand<\/a><br \/>\n<a href=\"https:\/\/mybreathmymusic.com\/wp-content\/uploads\/2024\/12\/Un-dun-dip-1-en-2-hand.pdf\" target=\"_blank\" rel=\"noopener\">Un dun dip &#8211; 2 hands<\/a><\/p>\n<p><a title=\"Downloaden\" href=\"\/wp-content\/uploads\/bladmuziek\/Peaseporridgehot-1hand.pdf\" download=\"\">Pease porridge hot &#8211; 1 hand<\/a><br \/>\n<a title=\"Downloaden\" href=\"\/wp-content\/uploads\/bladmuziek\/Peaseporridgehot-2hands.pdf\" download=\"\">Pease porridge hot &#8211; 2 hands<\/a><\/p>\n<p><a title=\"Downloaden\" href=\"\/wp-content\/uploads\/bladmuziek\/supertrooperAbba-1hand.pdf\" download=\"\">Super trooper Abba &#8211; 1 hand<\/a><br \/>\n<a title=\"Downloaden\" href=\"\/wp-content\/uploads\/bladmuziek\/supertrooperAbba-2hands.pdf\" download=\"\">Super trooper Abba &#8211; 2 hands<\/a><\/p>\n<p><a title=\"Downloaden\" href=\"\/wp-content\/uploads\/bladmuziek\/MoneyMoneyMoneyAbba-1hand.pdf\" download=\"\">Money Money Money &#8211; Abba &#8211; 1 hand<\/a><br \/>\n<a title=\"Downloaden\" href=\"\/wp-content\/uploads\/bladmuziek\/MoneyMoneyMoneyAbba-2hands.pdf\" download=\"\">Money Money Money &#8211; Abba &#8211; 2 hands<\/a><\/p>\n<p><a title=\"Downloaden\" href=\"\/wp-content\/uploads\/bladmuziek\/thislandisyourland-1hand.pdf\" download=\"\">This land is your land &#8211; 1 hand<\/a><br \/>\n<a title=\"Downloaden\" href=\"\/wp-content\/uploads\/bladmuziek\/thislandisyourland-2hands.pdf\" download=\"\">This land is your land &#8211; 2 hands<\/a><\/p>\n<p><a title=\"Downloaden\" href=\"\/wp-content\/uploads\/bladmuziek\/Everybreathyoutake-1hand.pdf\" download=\"\">Every breath you take &#8211; 1 hand<\/a><br \/>\n<a title=\"Downloaden\" href=\"\/wp-content\/uploads\/bladmuziek\/Everybreathyoutake-2hands.pdf\" download=\"\">Every breath you take &#8211; 2 hands<\/a><\/p>\n<p><a title=\"Downloaden\" href=\"https:\/\/mybreathmymusic.com\/wp-content\/uploads\/2024\/04\/Odetojoy-Beethoven-1hand-switch.pdf\" target=\"_blank\" rel=\"noopener\" download=\"\">Ode to joy &#8211; Beethoven &#8211; 1 hand<\/a><br \/>\n<a title=\"Downloaden\" href=\"https:\/\/mybreathmymusic.com\/wp-content\/uploads\/2023\/02\/OdetoJoy-2hands.pdf\" download=\"\">Ode to joy &#8211; Beethoven &#8211; 2 hands<\/a><\/p>\n<p><a title=\"Downloaden\" href=\"https:\/\/mybreathmymusic.com\/wp-content\/uploads\/2024\/04\/Tune-40-La-Volta.pdf\" target=\"_blank\" rel=\"noopener\" download=\"\">Tune 40 la volta &#8211; 1 hand<\/a><br \/>\n<a title=\"Downloaden\" href=\"\/wp-content\/uploads\/bladmuziek\/Tune40lavolta-2hands.pdf\" download=\"\">Tune 40 la volta &#8211; 2 hands<\/a><\/p>\n<p><a title=\"Downloaden\" href=\"https:\/\/mybreathmymusic.com\/wp-content\/uploads\/2024\/04\/gotellauntrhody-1hand-switch.pdf\" target=\"_blank\" rel=\"noopener\" download=\"\">Go tell aunt rhody &#8211; 1 hand<\/a><br \/>\n<a title=\"Downloaden\" href=\"\/wp-content\/uploads\/bladmuziek\/gotellauntrhody-2hands.pdf\" download=\"\">Go tell aunt rhody &#8211; 2 hands<\/a><\/p>\n<p><a title=\"Downloaden\" href=\"https:\/\/mybreathmymusic.com\/wp-content\/uploads\/2024\/04\/sonataMozart-1hand-switch.pdf\" target=\"_blank\" rel=\"noopener\" download=\"\">Sonata Mozart &#8211; 1 hand<\/a><br \/>\n<a title=\"Downloaden\" href=\"\/wp-content\/uploads\/bladmuziek\/sonataMozart-2hands.pdf\" download=\"\">Sonata Mozart &#8211; 2 hands<\/a><\/p>\n<p><a title=\"Downloaden\" href=\"https:\/\/mybreathmymusic.com\/wp-content\/uploads\/2024\/04\/NoLimits-2unlimited-1hand-switch.pdf\" target=\"_blank\" rel=\"noopener\" download=\"\">No Limits &#8211; 2 unlimited &#8211; 1 hand<\/a><br \/>\n<a title=\"Downloaden\" href=\"\/wp-content\/uploads\/bladmuziek\/NoLimits-2unlimited-2hands.pdf\" download=\"\">No Limits &#8211; 2 unlimited &#8211; 2 hands<\/a><\/p>\n<p><a title=\"Downloaden\" href=\"https:\/\/mybreathmymusic.com\/wp-content\/uploads\/2025\/04\/Londonbridge-1hand-switch.pdf\" target=\"_blank\" rel=\"noopener\" download=\"\">London bridge &#8211; 1 hand<\/a><br \/>\n<a title=\"Downloaden\" href=\"\/wp-content\/uploads\/bladmuziek\/Londonbridge-2hands.pdf\" download=\"\">London bridge &#8211; 2 hands<\/a><\/p>\n<p><a title=\"Downloaden\" href=\"https:\/\/mybreathmymusic.com\/wp-content\/uploads\/2024\/04\/Country-Roads-1-hand-switch.pdf\" target=\"_blank\" rel=\"noopener\" download=\"\">Country roads &#8211; 1 hand<\/a><br \/>\n<a title=\"Downloaden\" href=\"\/wp-content\/uploads\/bladmuziek\/Takemehomecountryroads-2hands.pdf\" download=\"\">Country roads &#8211; 2 hands<\/a><\/p>\n<p><a title=\"Downloaden\" href=\"https:\/\/mybreathmymusic.com\/wp-content\/uploads\/2024\/04\/altijdiskortjakjeziek-1hand-switch.pdf\" target=\"_blank\" rel=\"noopener\" download=\"\">Altijd is kortjakje ziek &#8211; 1 hand<\/a><br \/>\n<a title=\"Downloaden\" href=\"\/wp-content\/uploads\/bladmuziek\/Altijdiskortjakjeziek-2hands.pdf\" download=\"\">Altijd is kortjakje ziek &#8211; 2 hands<\/a><\/p>\n<p><a title=\"Downloaden\" href=\"https:\/\/mybreathmymusic.com\/wp-content\/uploads\/2024\/04\/Advocaatjegingopreis-1hand-switch.pdf\" target=\"_blank\" rel=\"noopener\" download=\"\">Advocaatje ging op reis &#8211; 1 hand<\/a><br \/>\n<a title=\"Downloaden\" href=\"\/wp-content\/uploads\/bladmuziek\/Advocaatjegingopreis-2hands.pdf\" download=\"\">Advocaatje ging op reis &#8211; 2 hands<\/a><\/p>\n<p><a title=\"Downloaden\" href=\"https:\/\/mybreathmymusic.com\/wp-content\/uploads\/2024\/04\/Ohwhenthesaints-1hand-switch.pdf\" target=\"_blank\" rel=\"noopener\" download=\"\">Oh when the saints &#8211; 1 hand<\/a><br \/>\n<a title=\"Downloaden\" href=\"\/wp-content\/uploads\/bladmuziek\/Ohwhenthesaints-2hands.pdf\" download=\"\">Oh when the saints &#8211; 2 hands<\/a><\/p>\n<p><a title=\"Downloaden\" href=\"https:\/\/mybreathmymusic.com\/wp-content\/uploads\/2024\/04\/In-den-haag-daar-woont-1hand-switch.pdf\" target=\"_blank\" rel=\"noopener\" download=\"\">In Den Haag woont een graaf &#8211; 1 hand<\/a><br \/>\n<a title=\"Downloaden\" href=\"\/wp-content\/uploads\/bladmuziek\/InDenHaagdaarwoonteengraaf-2hands.pdf\" download=\"\">In Den Haag woont een graaf &#8211; 2 hands<\/a><\/p>\n<p><a title=\"Downloaden\" href=\"https:\/\/mybreathmymusic.com\/wp-content\/uploads\/2024\/04\/ToonLadderGmaj-1hand-switch.pdf\" target=\"_blank\" rel=\"noopener\" download=\"\">Tone scale Gmajor &#8211; 1 hand<\/a><br \/>\n<a title=\"Downloaden\" href=\"\/wp-content\/uploads\/bladmuziek\/ToneLadderCmajor-2hands.pdf\" download=\"\">Tone scale Cmajor &#8211; 2 hands<\/a><\/p>\n<p>Im Video unten verwendet Ipek Nummer musik.<\/p>\n<p><iframe loading=\"lazy\" title=\"Ipek just started to play the Adaptive Travel Sax\" width=\"500\" height=\"281\" src=\"https:\/\/www.youtube.com\/embed\/jfATNHhV0hk?feature=oembed\" frameborder=\"0\" allow=\"accelerometer; autoplay; clipboard-write; encrypted-media; gyroscope; picture-in-picture; web-share\" referrerpolicy=\"strict-origin-when-cross-origin\" allowfullscreen><\/iframe><\/p>\n<p>&nbsp;<\/p>\n<p>&nbsp;<\/p>\n<p><a title=\"Ga naar\" href=\"\/bladmuziek-wx5-wx11-2\">MORE FREE SHEET FOR WX<\/a><\/p>\n<p><a title=\"Ga naar\" href=\"\/bladmuziek-wx5-wx11-duetten\">FREE SHEET DUETS FOR WX<\/a><\/p>\n<p><a title=\"Ga naar\" href=\"\/bladmuziek-wx-sint-kerst\">Sinterklaas &amp; Christmas FOR WX<\/a><\/p>\n<p>&nbsp;<\/p>","protected":false},"excerpt":{"rendered":"<p>Leicht lesbare\u00a0 te lezen Musiknotation (Nummer musik) f\u00fcr das Adaptive Travel Sax (und Yamaha WX5). Beginnen Sie mit dem ersten Lied und spielen Sie innerhalb von 10 Minuten Ihre erste Melodie! &#8211; Du kannst es auch schaffen! Diese Songauswahl ist speziell f\u00fcr Anf\u00e4nger zusammengestellt. Nach jedem Lied erh\u00f6ht sich der Schwierigkeitsgrad. KLICKEN SIE HIER F\u00dcR [&hellip;]<\/p>\n","protected":false},"author":4,"featured_media":0,"parent":0,"menu_order":0,"comment_status":"closed","ping_status":"closed","template":"","meta":{"_exactmetrics_skip_tracking":false,"_exactmetrics_sitenote_active":false,"_exactmetrics_sitenote_note":"","_exactmetrics_sitenote_category":0,"footnotes":""},"categories":[],"tags":[],"class_list":["post-2700","page","type-page","status-publish","hentry"],"yoast_head":"<!-- This site is optimized with the Yoast SEO plugin v26.5 - https:\/\/yoast.com\/wordpress\/plugins\/seo\/ -->\n<title>Nummer Musik Travel Sax | My Breath My Music<\/title>\n<meta name=\"robots\" content=\"index, follow, max-snippet:-1, max-image-preview:large, max-video-preview:-1\" \/>\n<link rel=\"canonical\" href=\"https:\/\/mybreathmymusic.com\/de\/cijfermuziek-travel-sax\" \/>\n<meta property=\"og:locale\" content=\"de_DE\" \/>\n<meta property=\"og:type\" content=\"article\" \/>\n<meta property=\"og:title\" content=\"Nummer Musik Travel Sax | My Breath My Music\" \/>\n<meta property=\"og:description\" content=\"Leicht lesbare\u00a0 te lezen Musiknotation (Nummer musik) f\u00fcr das Adaptive Travel Sax (und Yamaha WX5). Beginnen Sie mit dem ersten Lied und spielen Sie innerhalb von 10 Minuten Ihre erste Melodie! &#8211; Du kannst es auch schaffen! Diese Songauswahl ist speziell f\u00fcr Anf\u00e4nger zusammengestellt. Nach jedem Lied erh\u00f6ht sich der Schwierigkeitsgrad. KLICKEN SIE HIER F\u00dcR [&hellip;]\" \/>\n<meta property=\"og:url\" content=\"https:\/\/mybreathmymusic.com\/cijfermuziek-travel-sax\" \/>\n<meta property=\"og:site_name\" content=\"My Breath My Music\" \/>\n<meta property=\"article:publisher\" content=\"https:\/\/www.facebook.com\/MyBreathMyMusic\/\" \/>\n<meta property=\"article:modified_time\" content=\"2025-04-20T10:37:43+00:00\" \/>\n<meta property=\"og:image\" content=\"https:\/\/mybreathmymusic.com\/wp-content\/uploads\/2025\/04\/we-will-rock.png\" \/>\n\t<meta property=\"og:image:width\" content=\"1083\" \/>\n\t<meta property=\"og:image:height\" content=\"790\" \/>\n\t<meta property=\"og:image:type\" content=\"image\/png\" \/>\n<meta name=\"twitter:card\" content=\"summary_large_image\" \/>\n<meta name=\"twitter:label1\" content=\"Gesch\u00e4tzte Lesezeit\" \/>\n\t<meta name=\"twitter:data1\" content=\"2\u00a0Minuten\" \/>\n<script type=\"application\/ld+json\" class=\"yoast-schema-graph\">{\"@context\":\"https:\/\/schema.org\",\"@graph\":[{\"@type\":\"WebPage\",\"@id\":\"https:\/\/mybreathmymusic.com\/cijfermuziek-travel-sax\",\"url\":\"https:\/\/mybreathmymusic.com\/cijfermuziek-travel-sax\",\"name\":\"Nummer Musik Travel Sax | My Breath My Music\",\"isPartOf\":{\"@id\":\"https:\/\/mybreathmymusic.com\/en\/#website\"},\"primaryImageOfPage\":{\"@id\":\"https:\/\/mybreathmymusic.com\/cijfermuziek-travel-sax#primaryimage\"},\"image\":{\"@id\":\"https:\/\/mybreathmymusic.com\/cijfermuziek-travel-sax#primaryimage\"},\"thumbnailUrl\":\"https:\/\/mybreathmymusic.com\/wp-content\/uploads\/2025\/04\/we-will-rock-300x219.png\",\"datePublished\":\"2025-04-19T04:03:40+00:00\",\"dateModified\":\"2025-04-20T10:37:43+00:00\",\"breadcrumb\":{\"@id\":\"https:\/\/mybreathmymusic.com\/cijfermuziek-travel-sax#breadcrumb\"},\"inLanguage\":\"de\",\"potentialAction\":[{\"@type\":\"ReadAction\",\"target\":[\"https:\/\/mybreathmymusic.com\/cijfermuziek-travel-sax\"]}]},{\"@type\":\"ImageObject\",\"inLanguage\":\"de\",\"@id\":\"https:\/\/mybreathmymusic.com\/cijfermuziek-travel-sax#primaryimage\",\"url\":\"https:\/\/mybreathmymusic.com\/wp-content\/uploads\/2025\/04\/we-will-rock-300x219.png\",\"contentUrl\":\"https:\/\/mybreathmymusic.com\/wp-content\/uploads\/2025\/04\/we-will-rock-300x219.png\"},{\"@type\":\"BreadcrumbList\",\"@id\":\"https:\/\/mybreathmymusic.com\/cijfermuziek-travel-sax#breadcrumb\",\"itemListElement\":[{\"@type\":\"ListItem\",\"position\":1,\"name\":\"Home\",\"item\":\"https:\/\/mybreathmymusic.com\/\"},{\"@type\":\"ListItem\",\"position\":2,\"name\":\"Cijfermuziek Travel Sax\"}]},{\"@type\":\"WebSite\",\"@id\":\"https:\/\/mybreathmymusic.com\/en\/#website\",\"url\":\"https:\/\/mybreathmymusic.com\/en\/\",\"name\":\"My Breath My Music -*- Stichting\",\"description\":\"Muziekinstrumenten voor kinderen met een beperking\",\"publisher\":{\"@id\":\"https:\/\/mybreathmymusic.com\/en\/#organization\"},\"potentialAction\":[{\"@type\":\"SearchAction\",\"target\":{\"@type\":\"EntryPoint\",\"urlTemplate\":\"https:\/\/mybreathmymusic.com\/en\/?s={search_term_string}\"},\"query-input\":{\"@type\":\"PropertyValueSpecification\",\"valueRequired\":true,\"valueName\":\"search_term_string\"}}],\"inLanguage\":\"de\"},{\"@type\":\"Organization\",\"@id\":\"https:\/\/mybreathmymusic.com\/en\/#organization\",\"name\":\"Stichting My Breath My Music\",\"url\":\"https:\/\/mybreathmymusic.com\/en\/\",\"logo\":{\"@type\":\"ImageObject\",\"inLanguage\":\"de\",\"@id\":\"https:\/\/mybreathmymusic.com\/en\/#\/schema\/logo\/image\/\",\"url\":\"https:\/\/mybreathmymusic.com\/wp-content\/uploads\/2016\/04\/logo_mbmm.gif\",\"contentUrl\":\"https:\/\/mybreathmymusic.com\/wp-content\/uploads\/2016\/04\/logo_mbmm.gif\",\"width\":250,\"height\":84,\"caption\":\"Stichting My Breath My Music\"},\"image\":{\"@id\":\"https:\/\/mybreathmymusic.com\/en\/#\/schema\/logo\/image\/\"},\"sameAs\":[\"https:\/\/www.facebook.com\/MyBreathMyMusic\/\"]}]}<\/script>\n<!-- \/ Yoast SEO plugin. -->","yoast_head_json":{"title":"Nummer Musik Travel Sax | My Breath My Music","robots":{"index":"index","follow":"follow","max-snippet":"max-snippet:-1","max-image-preview":"max-image-preview:large","max-video-preview":"max-video-preview:-1"},"canonical":"https:\/\/mybreathmymusic.com\/de\/cijfermuziek-travel-sax","og_locale":"de_DE","og_type":"article","og_title":"Nummer Musik Travel Sax | My Breath My Music","og_description":"Leicht lesbare\u00a0 te lezen Musiknotation (Nummer musik) f\u00fcr das Adaptive Travel Sax (und Yamaha WX5). Beginnen Sie mit dem ersten Lied und spielen Sie innerhalb von 10 Minuten Ihre erste Melodie! &#8211; Du kannst es auch schaffen! Diese Songauswahl ist speziell f\u00fcr Anf\u00e4nger zusammengestellt. Nach jedem Lied erh\u00f6ht sich der Schwierigkeitsgrad. KLICKEN SIE HIER F\u00dcR [&hellip;]","og_url":"https:\/\/mybreathmymusic.com\/cijfermuziek-travel-sax","og_site_name":"My Breath My Music","article_publisher":"https:\/\/www.facebook.com\/MyBreathMyMusic\/","article_modified_time":"2025-04-20T10:37:43+00:00","og_image":[{"width":1083,"height":790,"url":"https:\/\/mybreathmymusic.com\/wp-content\/uploads\/2025\/04\/we-will-rock.png","type":"image\/png"}],"twitter_card":"summary_large_image","twitter_misc":{"Gesch\u00e4tzte Lesezeit":"2\u00a0Minuten"},"schema":{"@context":"https:\/\/schema.org","@graph":[{"@type":"WebPage","@id":"https:\/\/mybreathmymusic.com\/cijfermuziek-travel-sax","url":"https:\/\/mybreathmymusic.com\/cijfermuziek-travel-sax","name":"Nummer Musik Travel Sax | My Breath My Music","isPartOf":{"@id":"https:\/\/mybreathmymusic.com\/en\/#website"},"primaryImageOfPage":{"@id":"https:\/\/mybreathmymusic.com\/cijfermuziek-travel-sax#primaryimage"},"image":{"@id":"https:\/\/mybreathmymusic.com\/cijfermuziek-travel-sax#primaryimage"},"thumbnailUrl":"https:\/\/mybreathmymusic.com\/wp-content\/uploads\/2025\/04\/we-will-rock-300x219.png","datePublished":"2025-04-19T04:03:40+00:00","dateModified":"2025-04-20T10:37:43+00:00","breadcrumb":{"@id":"https:\/\/mybreathmymusic.com\/cijfermuziek-travel-sax#breadcrumb"},"inLanguage":"de","potentialAction":[{"@type":"ReadAction","target":["https:\/\/mybreathmymusic.com\/cijfermuziek-travel-sax"]}]},{"@type":"ImageObject","inLanguage":"de","@id":"https:\/\/mybreathmymusic.com\/cijfermuziek-travel-sax#primaryimage","url":"https:\/\/mybreathmymusic.com\/wp-content\/uploads\/2025\/04\/we-will-rock-300x219.png","contentUrl":"https:\/\/mybreathmymusic.com\/wp-content\/uploads\/2025\/04\/we-will-rock-300x219.png"},{"@type":"BreadcrumbList","@id":"https:\/\/mybreathmymusic.com\/cijfermuziek-travel-sax#breadcrumb","itemListElement":[{"@type":"ListItem","position":1,"name":"Home","item":"https:\/\/mybreathmymusic.com\/"},{"@type":"ListItem","position":2,"name":"Cijfermuziek Travel Sax"}]},{"@type":"WebSite","@id":"https:\/\/mybreathmymusic.com\/en\/#website","url":"https:\/\/mybreathmymusic.com\/en\/","name":"My Breath My Music -*- Stichting","description":"Muziekinstrumenten voor kinderen met een beperking","publisher":{"@id":"https:\/\/mybreathmymusic.com\/en\/#organization"},"potentialAction":[{"@type":"SearchAction","target":{"@type":"EntryPoint","urlTemplate":"https:\/\/mybreathmymusic.com\/en\/?s={search_term_string}"},"query-input":{"@type":"PropertyValueSpecification","valueRequired":true,"valueName":"search_term_string"}}],"inLanguage":"de"},{"@type":"Organization","@id":"https:\/\/mybreathmymusic.com\/en\/#organization","name":"Stichting My Breath My Music","url":"https:\/\/mybreathmymusic.com\/en\/","logo":{"@type":"ImageObject","inLanguage":"de","@id":"https:\/\/mybreathmymusic.com\/en\/#\/schema\/logo\/image\/","url":"https:\/\/mybreathmymusic.com\/wp-content\/uploads\/2016\/04\/logo_mbmm.gif","contentUrl":"https:\/\/mybreathmymusic.com\/wp-content\/uploads\/2016\/04\/logo_mbmm.gif","width":250,"height":84,"caption":"Stichting My Breath My Music"},"image":{"@id":"https:\/\/mybreathmymusic.com\/en\/#\/schema\/logo\/image\/"},"sameAs":["https:\/\/www.facebook.com\/MyBreathMyMusic\/"]}]}},"_links":{"self":[{"href":"https:\/\/mybreathmymusic.com\/de\/wp-json\/wp\/v2\/pages\/2700","targetHints":{"allow":["GET"]}}],"collection":[{"href":"https:\/\/mybreathmymusic.com\/de\/wp-json\/wp\/v2\/pages"}],"about":[{"href":"https:\/\/mybreathmymusic.com\/de\/wp-json\/wp\/v2\/types\/page"}],"author":[{"embeddable":true,"href":"https:\/\/mybreathmymusic.com\/de\/wp-json\/wp\/v2\/users\/4"}],"replies":[{"embeddable":true,"href":"https:\/\/mybreathmymusic.com\/de\/wp-json\/wp\/v2\/comments?post=2700"}],"version-history":[{"count":10,"href":"https:\/\/mybreathmymusic.com\/de\/wp-json\/wp\/v2\/pages\/2700\/revisions"}],"predecessor-version":[{"id":2781,"href":"https:\/\/mybreathmymusic.com\/de\/wp-json\/wp\/v2\/pages\/2700\/revisions\/2781"}],"wp:attachment":[{"href":"https:\/\/mybreathmymusic.com\/de\/wp-json\/wp\/v2\/media?parent=2700"}],"wp:term":[{"taxonomy":"category","embeddable":true,"href":"https:\/\/mybreathmymusic.com\/de\/wp-json\/wp\/v2\/categories?post=2700"},{"taxonomy":"post_tag","embeddable":true,"href":"https:\/\/mybreathmymusic.com\/de\/wp-json\/wp\/v2\/tags?post=2700"}],"curies":[{"name":"wp","href":"https:\/\/api.w.org\/{rel}","templated":true}]}}