{"id":249,"date":"2016-05-23T10:00:18","date_gmt":"2016-05-23T08:00:18","guid":{"rendered":"http:\/\/mybreathmymusic.com\/?page_id=249"},"modified":"2021-04-25T21:29:40","modified_gmt":"2021-04-25T19:29:40","slug":"wat-doen-we","status":"publish","type":"page","link":"https:\/\/mybreathmymusic.com\/de\/wat-doen-we","title":{"rendered":"Was wir machen"},"content":{"rendered":"<p>Ziel der Stiftung ist es, Menschen mit schwerer k\u00f6rperlicher Behinderung die M\u00f6glichkeit zu bieten, Musik zu machen, unter anderem mit elektronischen Instrumenten aus Eigenentwicklung.<\/p>\n<h2>My Breath My Music &#8211; ein gemeinn\u00fctziger Verein<\/h2>\n<p>Unsere Stiftung hat sich zum Ziel gesetzt, Menschen mit schwerer k\u00f6rperlicher Behinderung die M\u00f6glichkeit zu geben, zu musizieren, sei es mit auf die Bed\u00fcrfnisse unserer Teilnehmer angepassten elektronischen Instrumenten oder unserer neuesten Entwicklung, der fantastischen &#8222;Magic Flute&#8220;, mit der man jedes nur denkbare Orchesterinstrument spielen kann&#8230;<\/p>\n<h2>Unterst\u00fctzung von Kindern<\/h2>\n<p>Kinder aus unserer Zielgruppe haben die M\u00f6glichkeit, sich ein Instrument zu leihen.<br \/>\nUnser Grundsatz ist es, niemanden auszuschlie\u00dfen.<br \/>\nSie hinterlegen nur einen kleinen Betrag als Pfand.<br \/>\nMomentan k\u00f6nnen wir uns leider nur auf die Niederlande konzentrieren, da uns nur wenige Instrumente zur Verf\u00fcgung stehen.<br \/>\nWir arbeiten mit einer Warteliste.<br \/>\nF\u00fcr die Zukunft hoffen wir, dass wir mit einer Vergr\u00f6\u00dferung unserer Stiftung Kindern in aller Welt helfen k\u00f6nnen.<\/p>\n<h2>Entwicklung<\/h2>\n<p>Wir entwickeln elektronische Musikinstrumente und passen diese individuell an.<br \/>\nDabei haben wir bereits viele L\u00f6sungen geschaffen und elektronische Musikinstrumente so modifiziert, dass sie von unserer Zielgruppe gespielt werden konnte.<br \/>\nMithilfe unseres weltweiten Netzwerkes entwickeln wir, falls es n\u00f6tig sein sollte, neue Instrumente, wie zuletzt die &#8222;Magic Flute&#8220;.<br \/>\nAu\u00dferdem erarbeiten wir Unterrichtskonzepte, die genau auf unsere Zielgruppe ausgerichtet sind.<br \/>\nDazu geh\u00f6rt eine vereinfachte Notenschrift, die auch f\u00fcr Kinder mit geistiger Behinderung erfassbar ist.<br \/>\nWir notieren alle Musikst\u00fccke in dieser speziellen Notenschrift.<br \/>\nF\u00fcr sehr junge Kinder und solche mit Formen schwerer geistiger Behinderung haben wir eine Methode zur Improvisation entwickelt.<\/p>\n<h2>Beratung<\/h2>\n<p>Menschen mit Behinderung k\u00f6nnen bei uns Beratung zu jedem elektronischen Instrument, das sie spielen k\u00f6nnten, bekommen.<br \/>\nUnser Fachwissen und unser Netzwerk kann wichtige Impulse und Hinweise geben.<br \/>\nDie Beratung erfolgt \u00fcber unserer Website (E-Mail) und in manchen F\u00e4llen auch \u00fcber einen Besuch bei uns.<\/p>\n<h2>Wir geben Anregungen<\/h2>\n<p>Menschen mit Behinderung aus aller Welt k\u00f6nnen an unserem Projekt teilhaben.<br \/>\nDies kann prim\u00e4r \u00fcber <a href=\"http:\/\/mybreathmymusic.com\/de\/\">unsere Website<\/a> geschehen, die zuallererst als Plattform gedacht ist.<br \/>\nHier soll gezeigt werden, was man braucht, um auf diese Weise Musik zu machen.<br \/>\nEs gibt hier Tipps von Musikern, die ihre Erfahrungen austauschen k\u00f6nnen.<br \/>\nAu\u00dferdem findet man ein gro\u00dfe Sammlung von Noten und Play-Alongs.<br \/>\nZus\u00e4tzlich sind auch noch Video-Tutorials verf\u00fcgbar.<\/p>\n<p>Um unsere Arbeit zu pr\u00e4sentieren, gibt es Workshops und Vorf\u00fchrungen.<br \/>\nIn der Vergangenheit hat unsere Arbeit schon viele Menschen dazu bewegt, uns zu unterst\u00fctzen.<br \/>\nUnsere Sch\u00fcler eignen sich musikalische F\u00e4higkeiten an, die sie dann vor einem gro\u00dfen Publikum zum Besten geben k\u00f6nnen.<br \/>\nSomit werden Sie zu einem Vorbild, denn Musik und die F\u00e4higkeit, ein Instrument zu spielen ist ein Bestandteil von uns allen.<br \/>\nDies kann man bei unseren Teilnehmern sehen und h\u00f6ren.<\/p>\n<p>Musik ist f\u00fcr viele Menschen sehr wichtig.<br \/>\nEin Instrument zu spielen macht viel Spa\u00df und das Musizieren mit anderen zusammen \u00f6ffnet T\u00fcren.<br \/>\nAber was ist, wenn einem Menschen durch eine Behinderung diese M\u00f6glichkeit genommen ist?<br \/>\nIst man dann nur noch dazu verdammt, anderen zuzuh\u00f6ren, die ein Instrument spielen? Nein!<\/p>\n<p>Gl\u00fccklicherweise gibt es unsere Stiftung &#8222;My Breath My Music&#8220;.<br \/>\nSie hat sich dem Ziel verschrieben, Menschen mit schwerer k\u00f6rperlicher Behinderung zu erm\u00f6glichen, ein Instrument zu spielen.<br \/>\nNeben der Freude am Musizieren kann dies ein sehr effizienter Weg sein, Atemtraining durchzuf\u00fchren, besonders f\u00fcr Menschen, die unter Muskeldystrophie leiden.<\/p>\n<p>Die meisten unserer Teilnehmer in Holland haben Muskeldystrophie.<br \/>\nEs ist eine Krankheit, die sehr starke Einschr\u00e4nkungen mit sich bringt.<br \/>\nNeben den Muskeln sind auch die Lungen betroffen, sodass eine regelm\u00e4\u00dfige Therapie in Form von Atem\u00fcbungen notwendig ist.<br \/>\nF\u00fcr gew\u00f6hnlich sind diese sehr langweilig und erm\u00fcdend.<br \/>\nAber mit der &#8222;Magic Flute&#8220; zum Beispiel vergessen die Kinder, dass sie gerade ihre Atmung trainieren, da ihnen das Spielen auf dem Instrument so viel Spa\u00df macht.<br \/>\nWir helfen au\u00dferdem Menschen mit Querschnittsl\u00e4hmung, die bezogen auf Muskel- und Atemfunktion \u00e4hnlich eingeschr\u00e4nkt sind.<br \/>\nDie &#8222;Magic Flute&#8220; ist wirklich ein effektives medizinisches Ger\u00e4t als auch ein Musikinstrument mit fantastischen M\u00f6glichkeiten.<\/p>\n<h2>Unterst\u00fctzung als Sponsor<\/h2>\n<p>Als Sponsor von &#8222;My Breath My Music&#8220; helfen Sie uns, in Zukunft noch mehr Kinder zu unterst\u00fctzen, als uns sonst m\u00f6glich w\u00e4re.<br \/>\nWerden sie Sponsor, sodass wir die Warteliste k\u00fcrzen k\u00f6nnen!<\/p>","protected":false},"excerpt":{"rendered":"<p>Ziel der Stiftung ist es, Menschen mit schwerer k\u00f6rperlicher Behinderung die M\u00f6glichkeit zu bieten, Musik zu machen, unter anderem mit elektronischen Instrumenten aus Eigenentwicklung. My Breath My Music &#8211; ein gemeinn\u00fctziger Verein Unsere Stiftung hat sich zum Ziel gesetzt, Menschen mit schwerer k\u00f6rperlicher Behinderung die M\u00f6glichkeit zu geben, zu musizieren, sei es mit auf die [&hellip;]<\/p>\n","protected":false},"author":7,"featured_media":0,"parent":0,"menu_order":0,"comment_status":"closed","ping_status":"closed","template":"","meta":{"_exactmetrics_skip_tracking":false,"_exactmetrics_sitenote_active":false,"_exactmetrics_sitenote_note":"","_exactmetrics_sitenote_category":0,"footnotes":""},"categories":[],"tags":[],"class_list":["post-249","page","type-page","status-publish","hentry"],"yoast_head":"<!-- This site is optimized with the Yoast SEO plugin v26.5 - https:\/\/yoast.com\/wordpress\/plugins\/seo\/ -->\n<title>Was wir machen | My Breath My Music<\/title>\n<meta name=\"robots\" content=\"index, follow, max-snippet:-1, max-image-preview:large, max-video-preview:-1\" \/>\n<link rel=\"canonical\" href=\"https:\/\/mybreathmymusic.com\/de\/wat-doen-we\" \/>\n<meta property=\"og:locale\" content=\"de_DE\" \/>\n<meta property=\"og:type\" content=\"article\" \/>\n<meta property=\"og:title\" content=\"Was wir machen | My Breath My Music\" \/>\n<meta property=\"og:description\" content=\"Ziel der Stiftung ist es, Menschen mit schwerer k\u00f6rperlicher Behinderung die M\u00f6glichkeit zu bieten, Musik zu machen, unter anderem mit elektronischen Instrumenten aus Eigenentwicklung. My Breath My Music &#8211; ein gemeinn\u00fctziger Verein Unsere Stiftung hat sich zum Ziel gesetzt, Menschen mit schwerer k\u00f6rperlicher Behinderung die M\u00f6glichkeit zu geben, zu musizieren, sei es mit auf die [&hellip;]\" \/>\n<meta property=\"og:url\" content=\"https:\/\/mybreathmymusic.com\/wat-doen-we\" \/>\n<meta property=\"og:site_name\" content=\"My Breath My Music\" \/>\n<meta property=\"article:publisher\" content=\"https:\/\/www.facebook.com\/MyBreathMyMusic\/\" \/>\n<meta property=\"article:modified_time\" content=\"2021-04-25T19:29:40+00:00\" \/>\n<meta name=\"twitter:card\" content=\"summary_large_image\" \/>\n<meta name=\"twitter:label1\" content=\"Gesch\u00e4tzte Lesezeit\" \/>\n\t<meta name=\"twitter:data1\" content=\"3\u00a0Minuten\" \/>\n<script type=\"application\/ld+json\" class=\"yoast-schema-graph\">{\"@context\":\"https:\/\/schema.org\",\"@graph\":[{\"@type\":\"WebPage\",\"@id\":\"https:\/\/mybreathmymusic.com\/wat-doen-we\",\"url\":\"https:\/\/mybreathmymusic.com\/wat-doen-we\",\"name\":\"Was wir machen | My Breath My Music\",\"isPartOf\":{\"@id\":\"https:\/\/mybreathmymusic.com\/en\/#website\"},\"datePublished\":\"2016-05-23T08:00:18+00:00\",\"dateModified\":\"2021-04-25T19:29:40+00:00\",\"breadcrumb\":{\"@id\":\"https:\/\/mybreathmymusic.com\/wat-doen-we#breadcrumb\"},\"inLanguage\":\"de\",\"potentialAction\":[{\"@type\":\"ReadAction\",\"target\":[\"https:\/\/mybreathmymusic.com\/wat-doen-we\"]}]},{\"@type\":\"BreadcrumbList\",\"@id\":\"https:\/\/mybreathmymusic.com\/wat-doen-we#breadcrumb\",\"itemListElement\":[{\"@type\":\"ListItem\",\"position\":1,\"name\":\"Home\",\"item\":\"https:\/\/mybreathmymusic.com\/\"},{\"@type\":\"ListItem\",\"position\":2,\"name\":\"Wat doen we\"}]},{\"@type\":\"WebSite\",\"@id\":\"https:\/\/mybreathmymusic.com\/en\/#website\",\"url\":\"https:\/\/mybreathmymusic.com\/en\/\",\"name\":\"My Breath My Music -*- Stichting\",\"description\":\"Muziekinstrumenten voor kinderen met een beperking\",\"publisher\":{\"@id\":\"https:\/\/mybreathmymusic.com\/en\/#organization\"},\"potentialAction\":[{\"@type\":\"SearchAction\",\"target\":{\"@type\":\"EntryPoint\",\"urlTemplate\":\"https:\/\/mybreathmymusic.com\/en\/?s={search_term_string}\"},\"query-input\":{\"@type\":\"PropertyValueSpecification\",\"valueRequired\":true,\"valueName\":\"search_term_string\"}}],\"inLanguage\":\"de\"},{\"@type\":\"Organization\",\"@id\":\"https:\/\/mybreathmymusic.com\/en\/#organization\",\"name\":\"Stichting My Breath My Music\",\"url\":\"https:\/\/mybreathmymusic.com\/en\/\",\"logo\":{\"@type\":\"ImageObject\",\"inLanguage\":\"de\",\"@id\":\"https:\/\/mybreathmymusic.com\/en\/#\/schema\/logo\/image\/\",\"url\":\"https:\/\/mybreathmymusic.com\/wp-content\/uploads\/2016\/04\/logo_mbmm.gif\",\"contentUrl\":\"https:\/\/mybreathmymusic.com\/wp-content\/uploads\/2016\/04\/logo_mbmm.gif\",\"width\":250,\"height\":84,\"caption\":\"Stichting My Breath My Music\"},\"image\":{\"@id\":\"https:\/\/mybreathmymusic.com\/en\/#\/schema\/logo\/image\/\"},\"sameAs\":[\"https:\/\/www.facebook.com\/MyBreathMyMusic\/\"]}]}<\/script>\n<!-- \/ Yoast SEO plugin. -->","yoast_head_json":{"title":"Was wir machen | My Breath My Music","robots":{"index":"index","follow":"follow","max-snippet":"max-snippet:-1","max-image-preview":"max-image-preview:large","max-video-preview":"max-video-preview:-1"},"canonical":"https:\/\/mybreathmymusic.com\/de\/wat-doen-we","og_locale":"de_DE","og_type":"article","og_title":"Was wir machen | My Breath My Music","og_description":"Ziel der Stiftung ist es, Menschen mit schwerer k\u00f6rperlicher Behinderung die M\u00f6glichkeit zu bieten, Musik zu machen, unter anderem mit elektronischen Instrumenten aus Eigenentwicklung. My Breath My Music &#8211; ein gemeinn\u00fctziger Verein Unsere Stiftung hat sich zum Ziel gesetzt, Menschen mit schwerer k\u00f6rperlicher Behinderung die M\u00f6glichkeit zu geben, zu musizieren, sei es mit auf die [&hellip;]","og_url":"https:\/\/mybreathmymusic.com\/wat-doen-we","og_site_name":"My Breath My Music","article_publisher":"https:\/\/www.facebook.com\/MyBreathMyMusic\/","article_modified_time":"2021-04-25T19:29:40+00:00","twitter_card":"summary_large_image","twitter_misc":{"Gesch\u00e4tzte Lesezeit":"3\u00a0Minuten"},"schema":{"@context":"https:\/\/schema.org","@graph":[{"@type":"WebPage","@id":"https:\/\/mybreathmymusic.com\/wat-doen-we","url":"https:\/\/mybreathmymusic.com\/wat-doen-we","name":"Was wir machen | My Breath My Music","isPartOf":{"@id":"https:\/\/mybreathmymusic.com\/en\/#website"},"datePublished":"2016-05-23T08:00:18+00:00","dateModified":"2021-04-25T19:29:40+00:00","breadcrumb":{"@id":"https:\/\/mybreathmymusic.com\/wat-doen-we#breadcrumb"},"inLanguage":"de","potentialAction":[{"@type":"ReadAction","target":["https:\/\/mybreathmymusic.com\/wat-doen-we"]}]},{"@type":"BreadcrumbList","@id":"https:\/\/mybreathmymusic.com\/wat-doen-we#breadcrumb","itemListElement":[{"@type":"ListItem","position":1,"name":"Home","item":"https:\/\/mybreathmymusic.com\/"},{"@type":"ListItem","position":2,"name":"Wat doen we"}]},{"@type":"WebSite","@id":"https:\/\/mybreathmymusic.com\/en\/#website","url":"https:\/\/mybreathmymusic.com\/en\/","name":"My Breath My Music -*- Stichting","description":"Muziekinstrumenten voor kinderen met een beperking","publisher":{"@id":"https:\/\/mybreathmymusic.com\/en\/#organization"},"potentialAction":[{"@type":"SearchAction","target":{"@type":"EntryPoint","urlTemplate":"https:\/\/mybreathmymusic.com\/en\/?s={search_term_string}"},"query-input":{"@type":"PropertyValueSpecification","valueRequired":true,"valueName":"search_term_string"}}],"inLanguage":"de"},{"@type":"Organization","@id":"https:\/\/mybreathmymusic.com\/en\/#organization","name":"Stichting My Breath My Music","url":"https:\/\/mybreathmymusic.com\/en\/","logo":{"@type":"ImageObject","inLanguage":"de","@id":"https:\/\/mybreathmymusic.com\/en\/#\/schema\/logo\/image\/","url":"https:\/\/mybreathmymusic.com\/wp-content\/uploads\/2016\/04\/logo_mbmm.gif","contentUrl":"https:\/\/mybreathmymusic.com\/wp-content\/uploads\/2016\/04\/logo_mbmm.gif","width":250,"height":84,"caption":"Stichting My Breath My Music"},"image":{"@id":"https:\/\/mybreathmymusic.com\/en\/#\/schema\/logo\/image\/"},"sameAs":["https:\/\/www.facebook.com\/MyBreathMyMusic\/"]}]}},"_links":{"self":[{"href":"https:\/\/mybreathmymusic.com\/de\/wp-json\/wp\/v2\/pages\/249","targetHints":{"allow":["GET"]}}],"collection":[{"href":"https:\/\/mybreathmymusic.com\/de\/wp-json\/wp\/v2\/pages"}],"about":[{"href":"https:\/\/mybreathmymusic.com\/de\/wp-json\/wp\/v2\/types\/page"}],"author":[{"embeddable":true,"href":"https:\/\/mybreathmymusic.com\/de\/wp-json\/wp\/v2\/users\/7"}],"replies":[{"embeddable":true,"href":"https:\/\/mybreathmymusic.com\/de\/wp-json\/wp\/v2\/comments?post=249"}],"version-history":[{"count":0,"href":"https:\/\/mybreathmymusic.com\/de\/wp-json\/wp\/v2\/pages\/249\/revisions"}],"wp:attachment":[{"href":"https:\/\/mybreathmymusic.com\/de\/wp-json\/wp\/v2\/media?parent=249"}],"wp:term":[{"taxonomy":"category","embeddable":true,"href":"https:\/\/mybreathmymusic.com\/de\/wp-json\/wp\/v2\/categories?post=249"},{"taxonomy":"post_tag","embeddable":true,"href":"https:\/\/mybreathmymusic.com\/de\/wp-json\/wp\/v2\/tags?post=249"}],"curies":[{"name":"wp","href":"https:\/\/api.w.org\/{rel}","templated":true}]}}