{"id":245,"date":"2016-05-23T09:57:29","date_gmt":"2016-05-23T07:57:29","guid":{"rendered":"http:\/\/mybreathmymusic.com\/?page_id=245"},"modified":"2021-03-28T16:17:18","modified_gmt":"2021-03-28T14:17:18","slug":"artiesten-voor-mbmm","status":"publish","type":"page","link":"https:\/\/mybreathmymusic.com\/de\/artiesten-voor-mbmm","title":{"rendered":"K\u00fcnstler f\u00fcr My Breath My Music"},"content":{"rendered":"<p>Auf dieser Seite finden Sie einige Musiker, Schriftsteller und andere K\u00fcnstler, die unsere Stiftung unterst\u00fctzen.<\/p>\n<h2>Sebastian Salentin<\/h2>\n<p><img loading=\"lazy\" decoding=\"async\" class=\"alignnone wp-image-135\" src=\"\/wp-content\/uploads\/2016\/04\/sebastian.jpg\" alt=\"sebastian\" width=\"600\" height=\"901\" srcset=\"https:\/\/mybreathmymusic.com\/wp-content\/uploads\/2016\/04\/sebastian.jpg 203w, https:\/\/mybreathmymusic.com\/wp-content\/uploads\/2016\/04\/sebastian-200x300.jpg 200w\" sizes=\"auto, (max-width: 600px) 100vw, 600px\" \/><\/p>\n<p>Sebastian Salentin habt uns bei der \u00fcbersetzung des Website ins Deutsche geholfen.<\/p>\n<h2>Brixx<\/h2>\n<p><img loading=\"lazy\" decoding=\"async\" class=\"alignnone size-full wp-image-39\" src=\"\/wp-content\/uploads\/2016\/04\/brixx1.jpg\" alt=\"brixx1\" width=\"600\" height=\"399\" srcset=\"https:\/\/mybreathmymusic.com\/wp-content\/uploads\/2016\/04\/brixx1.jpg 600w, https:\/\/mybreathmymusic.com\/wp-content\/uploads\/2016\/04\/brixx1-300x200.jpg 300w\" sizes=\"auto, (max-width: 600px) 100vw, 600px\" \/><\/p>\n<p>Eine Show der Band Brixx garantiert eine spektakul\u00e4re Party. Die Cover- und Partyband Brixx ist schon zweimal zusammen mit unseren Sch\u00fclern aufgetreten und hat dabei ihre Zeit und Darbietung kostenlos zur Verf\u00fcgung gestellt. Aber das ist nicht alles, was wir von ihnen auf diesen zwei unvergesslichen Party bekommen haben: Brixx haben uns au\u00dferdem Spenden \u00fcberreicht.<\/p>\n<p>&#8222;Brixx laden Sie dazu ein, ob als Organisation oder Privatperson, bei Ihrer n\u00e4chsten Gesch\u00e4ft- oder Privatfeier an einem unterhaltsamen Abend auch einen wohlt\u00e4tigen Beitrag zu leisten. Damit erm\u00f6glichen Sie Brixx dort aufzutreten, wo Menschen wenig Geld haben und somit Freiwilligenverb\u00e4nde, Stiftungen f\u00fcr Menschen mit k\u00f6rperlicher oder geistiger Behinderung sowie andere gemeinn\u00fctzige Organisationen zu unterst\u00fctzen. Wir treten auch bei Gelegenheiten auf, an denen Geld f\u00fcr wohlt\u00e4tige Zwecke gesammelt wird.&#8220; Wir danken den Musikern von Brixx!<\/p>\n<p><img loading=\"lazy\" decoding=\"async\" class=\"alignnone size-full wp-image-40\" src=\"\/wp-content\/uploads\/2016\/04\/brixx2.jpg\" alt=\"brixx2\" width=\"600\" height=\"399\" srcset=\"https:\/\/mybreathmymusic.com\/wp-content\/uploads\/2016\/04\/brixx2.jpg 600w, https:\/\/mybreathmymusic.com\/wp-content\/uploads\/2016\/04\/brixx2-300x200.jpg 300w\" sizes=\"auto, (max-width: 600px) 100vw, 600px\" \/><\/p>\n<h2>Ebred Reijnen<\/h2>\n<p><a href=\"http:\/\/www.ebred.nl\/\" target=\"_blank\" rel=\"noopener\">Ebred Reijnen<\/a> ist ein gro\u00dfer Fan unserer Stiftung. Er besucht Sch\u00fcler von My Breath My Music zu Hause, sodass sie und ihre Familie ein echtes Hauskonzert erleben k\u00f6nnen. Ebred ist Geiger beim Philharmonieorchester Rotterdam uns hat bereits gearbeitet mit: Rob de Nijs &#8211; Rene Froger &#8211; Ellen te Damme &#8211; After for Ever &#8211; Mat Matthews &#8211; Johan Hoogenboom &#8211; Trintje Oosterhuis &#8211; Krezip &#8211; Fredericke Spigt &#8211; Jos Valster Jazzquintet &#8211; Baillante Tango Sextett &#8211; Youchka Gipsy Quintet &#8211; Amina Figarova &#8211; Bart Platteau &#8211; Freek des Jonge &#8211; de Nits<\/p>\n<p><img loading=\"lazy\" decoding=\"async\" class=\"alignnone size-full wp-image-58\" src=\"\/wp-content\/uploads\/2016\/04\/ebred.jpg\" alt=\"ebred\" width=\"600\" height=\"745\" srcset=\"https:\/\/mybreathmymusic.com\/wp-content\/uploads\/2016\/04\/ebred.jpg 600w, https:\/\/mybreathmymusic.com\/wp-content\/uploads\/2016\/04\/ebred-242x300.jpg 242w\" sizes=\"auto, (max-width: 600px) 100vw, 600px\" \/><\/p>\n<h2>Pjotr Jurtschenko<\/h2>\n<p>Pjotr Jurtschenko ist Jazzmusiker. Er spielt in der Jazzcombo Demeter und der Bluesband Crusade and Friend. Man kann ihn au\u00dferdem h\u00f6ren bei der Big Band Enterprise aus Dordrecht. Pjotr spielt viele verschiedene Blasinstrumente und wei\u00df unglaublich viel \u00fcber Jazz und Improvisation. Er gibt regelm\u00e4\u00dfig Workshops f\u00fcr unsere Sch\u00fcler.<\/p>\n<p><img loading=\"lazy\" decoding=\"async\" class=\"alignnone size-full wp-image-119\" src=\"\/wp-content\/uploads\/2016\/04\/pjotr.jpg\" alt=\"pjotr\" width=\"600\" height=\"450\" srcset=\"https:\/\/mybreathmymusic.com\/wp-content\/uploads\/2016\/04\/pjotr.jpg 600w, https:\/\/mybreathmymusic.com\/wp-content\/uploads\/2016\/04\/pjotr-300x225.jpg 300w\" sizes=\"auto, (max-width: 600px) 100vw, 600px\" \/><\/p>\n<p>Pjotr auf dem Tenorsax, Richard Goudswaard auf dem WX11<\/p>\n<h2>Ray Nicovs<\/h2>\n<p>Ray Nicov ist Jazzpianist. Er hat eine eigene Website Piano Jazz tracks. Dort kann man Backing-Tracks downloaden, um darauf zu improvisieren. Ray hat auch f\u00fcr unsere Stiftung einige Tracks aufgenommen. Zus\u00e4tzlich hat er noch einen Song speziell f\u00fcr uns alle geschrieben: &#8222;My Breath&#8220;.<\/p>\n<p><img loading=\"lazy\" decoding=\"async\" class=\"size-full wp-image-122\" src=\"\/wp-content\/uploads\/2016\/04\/ray.jpg\" alt=\"IF\" width=\"600\" height=\"567\" srcset=\"https:\/\/mybreathmymusic.com\/wp-content\/uploads\/2016\/04\/ray.jpg 600w, https:\/\/mybreathmymusic.com\/wp-content\/uploads\/2016\/04\/ray-300x284.jpg 300w\" sizes=\"auto, (max-width: 600px) 100vw, 600px\" \/><\/p>\n<h2>Ron Hiles<\/h2>\n<p>Ron Hiles ist Schriftsteller. Er lebt in England und ist ebenfalls ein gro\u00dfer Unterst\u00fctzer unserer Stiftung und das von der ersten Stunde an. Ron sorgt daf\u00fcr, dass die englische Version unserer Website zu 100% korrekt ist.<\/p>\n<p><img loading=\"lazy\" decoding=\"async\" class=\"alignnone size-full wp-image-128\" src=\"\/wp-content\/uploads\/2016\/04\/ron.jpg\" alt=\"ron\" width=\"600\" height=\"450\" srcset=\"https:\/\/mybreathmymusic.com\/wp-content\/uploads\/2016\/04\/ron.jpg 600w, https:\/\/mybreathmymusic.com\/wp-content\/uploads\/2016\/04\/ron-300x225.jpg 300w\" sizes=\"auto, (max-width: 600px) 100vw, 600px\" \/><\/p>\n<p><i>My Breath My Music and Me<\/i><\/p>\n<p>von Ron Hiles<\/p>\n<p>Ruud van der Wel traf ich das erste Mal vor sechs Jahren, als er mich aus heiterem Himmel anrief mit der Bitte, einem gemeinsamen Freund zu helfen, der zu dieser Zeit in Holland lebte. Vom ersten Tag an &#8211; ich merkte es an der Art, wie er sprach &#8211; war ich sicher, dass dies ein ehrenhafter Mann war. Gemeinsam schafften wir es zu dieser Zeit, unserem Freund zu helfen und lernten uns dabei besser kennen. Ich bin heute Schriftsteller und Dichter und war es lange Jahre lang, aber als ich drei\u00dfig war arbeitete ich als Elektrotechniker oder professioneller Fallschirmspringer, in beiden F\u00e4llen auf der ganzen Welt. 1987 hatte ich einen Autounfall und brach mir meinen Hals an drei Stellen sowie meinen R\u00fccken an weiteren zwei. Fast h\u00e4tte ich nicht \u00fcberlebt. Von diesem Tag an war ich an einen Rollstuhl gefesselt. Darum auch die neue Karriere als Schriftsteller. Ich war wirklich gl\u00fccklich an dem Tag, an dem ich Ruud traf. Er erz\u00e4hlte mir von seinem Projekt My Breath My Music und fragte, ob ich bei der \u00fcbersetzung seiner Website vom Niederl\u00e4ndischen ins Englische helfen k\u00f6nnte. Ich war begeistert von dem, was er mit den Kindern erarbeitete, sodass ich mich geehrt f\u00fchlte, bei solch einer Sache mit dabei zu sein. Ich habe mit Ruud an der ersten Website gearbeitet, der zweiten und nun dieser. Es ist einfach gro\u00dfartig mir Ruud zu arbeiten. Er stellte mich au\u00dferdem seinem Freund Paul Oomen vor, einem anderen Musiker und Unterst\u00fctzer von My Breath My Music. Nach drei Monaten, in denen ich Paul getroffen hatte, hatten wir bereits ein Album mit Poesie von mir, passend zu Pauls Musik, zusammengestellt, dass wir f\u00fcr My Breath My Music verkauften. Ich habe in meinem Leben schon einige tolle Jobs gehabt, vor und w\u00e4hrend meiner Zeit im Rollstuhl, aber die Arbeit mit My Breath My Music macht mich wirklich gl\u00fccklich.<\/p>\n<p>Danke Ruud.<br \/>\nRon<br \/>\n22\/05\/10<\/p>\n<p>Die folgenden Mitglieder der Yahoo Wind Controller Group haben uns bei der \u00fcbersetzung des Website ins Deutsche und Englische geholfen:<\/p>\n<p>Ingo Debus, Mike Fabish, Philip van Galen, Jim Hanks, Sebastian Salentin, Rob Sutton, Martin Thompson, Brian Walker<\/p>\n<p>Danke euch allen, viele H\u00e4nde machen bald ein Ende!<\/p>","protected":false},"excerpt":{"rendered":"<p>Auf dieser Seite finden Sie einige Musiker, Schriftsteller und andere K\u00fcnstler, die unsere Stiftung unterst\u00fctzen. Sebastian Salentin Sebastian Salentin habt uns bei der \u00fcbersetzung des Website ins Deutsche geholfen. Brixx Eine Show der Band Brixx garantiert eine spektakul\u00e4re Party. Die Cover- und Partyband Brixx ist schon zweimal zusammen mit unseren Sch\u00fclern aufgetreten und hat dabei [&hellip;]<\/p>\n","protected":false},"author":7,"featured_media":0,"parent":0,"menu_order":0,"comment_status":"closed","ping_status":"closed","template":"","meta":{"_exactmetrics_skip_tracking":false,"_exactmetrics_sitenote_active":false,"_exactmetrics_sitenote_note":"","_exactmetrics_sitenote_category":0,"footnotes":""},"categories":[],"tags":[],"class_list":["post-245","page","type-page","status-publish","hentry"],"yoast_head":"<!-- This site is optimized with the Yoast SEO plugin v26.5 - https:\/\/yoast.com\/wordpress\/plugins\/seo\/ -->\n<title>K\u00fcnstler f\u00fcr My Breath My Music | My Breath My Music<\/title>\n<meta name=\"robots\" content=\"index, follow, max-snippet:-1, max-image-preview:large, max-video-preview:-1\" \/>\n<link rel=\"canonical\" href=\"https:\/\/mybreathmymusic.com\/de\/artiesten-voor-mbmm\" \/>\n<meta property=\"og:locale\" content=\"de_DE\" \/>\n<meta property=\"og:type\" content=\"article\" \/>\n<meta property=\"og:title\" content=\"K\u00fcnstler f\u00fcr My Breath My Music | My Breath My Music\" \/>\n<meta property=\"og:description\" content=\"Auf dieser Seite finden Sie einige Musiker, Schriftsteller und andere K\u00fcnstler, die unsere Stiftung unterst\u00fctzen. Sebastian Salentin Sebastian Salentin habt uns bei der \u00fcbersetzung des Website ins Deutsche geholfen. Brixx Eine Show der Band Brixx garantiert eine spektakul\u00e4re Party. Die Cover- und Partyband Brixx ist schon zweimal zusammen mit unseren Sch\u00fclern aufgetreten und hat dabei [&hellip;]\" \/>\n<meta property=\"og:url\" content=\"https:\/\/mybreathmymusic.com\/artiesten-voor-mbmm\" \/>\n<meta property=\"og:site_name\" content=\"My Breath My Music\" \/>\n<meta property=\"article:publisher\" content=\"https:\/\/www.facebook.com\/MyBreathMyMusic\/\" \/>\n<meta property=\"article:modified_time\" content=\"2021-03-28T14:17:18+00:00\" \/>\n<meta property=\"og:image\" content=\"https:\/\/mybreathmymusic.com\/wp-content\/uploads\/2016\/04\/brixx1.jpg\" \/>\n<meta name=\"twitter:card\" content=\"summary_large_image\" \/>\n<meta name=\"twitter:label1\" content=\"Gesch\u00e4tzte Lesezeit\" \/>\n\t<meta name=\"twitter:data1\" content=\"10\u00a0Minuten\" \/>\n<script type=\"application\/ld+json\" class=\"yoast-schema-graph\">{\"@context\":\"https:\/\/schema.org\",\"@graph\":[{\"@type\":\"WebPage\",\"@id\":\"https:\/\/mybreathmymusic.com\/artiesten-voor-mbmm\",\"url\":\"https:\/\/mybreathmymusic.com\/artiesten-voor-mbmm\",\"name\":\"K\u00fcnstler f\u00fcr My Breath My Music | My Breath My Music\",\"isPartOf\":{\"@id\":\"https:\/\/mybreathmymusic.com\/en\/#website\"},\"datePublished\":\"2016-05-23T07:57:29+00:00\",\"dateModified\":\"2021-03-28T14:17:18+00:00\",\"breadcrumb\":{\"@id\":\"https:\/\/mybreathmymusic.com\/artiesten-voor-mbmm#breadcrumb\"},\"inLanguage\":\"de\",\"potentialAction\":[{\"@type\":\"ReadAction\",\"target\":[\"https:\/\/mybreathmymusic.com\/artiesten-voor-mbmm\"]}]},{\"@type\":\"BreadcrumbList\",\"@id\":\"https:\/\/mybreathmymusic.com\/artiesten-voor-mbmm#breadcrumb\",\"itemListElement\":[{\"@type\":\"ListItem\",\"position\":1,\"name\":\"Home\",\"item\":\"https:\/\/mybreathmymusic.com\/\"},{\"@type\":\"ListItem\",\"position\":2,\"name\":\"Artiesten voor My Breath My Music\"}]},{\"@type\":\"WebSite\",\"@id\":\"https:\/\/mybreathmymusic.com\/en\/#website\",\"url\":\"https:\/\/mybreathmymusic.com\/en\/\",\"name\":\"My Breath My Music -*- Stichting\",\"description\":\"Muziekinstrumenten voor kinderen met een beperking\",\"publisher\":{\"@id\":\"https:\/\/mybreathmymusic.com\/en\/#organization\"},\"potentialAction\":[{\"@type\":\"SearchAction\",\"target\":{\"@type\":\"EntryPoint\",\"urlTemplate\":\"https:\/\/mybreathmymusic.com\/en\/?s={search_term_string}\"},\"query-input\":{\"@type\":\"PropertyValueSpecification\",\"valueRequired\":true,\"valueName\":\"search_term_string\"}}],\"inLanguage\":\"de\"},{\"@type\":\"Organization\",\"@id\":\"https:\/\/mybreathmymusic.com\/en\/#organization\",\"name\":\"Stichting My Breath My Music\",\"url\":\"https:\/\/mybreathmymusic.com\/en\/\",\"logo\":{\"@type\":\"ImageObject\",\"inLanguage\":\"de\",\"@id\":\"https:\/\/mybreathmymusic.com\/en\/#\/schema\/logo\/image\/\",\"url\":\"https:\/\/mybreathmymusic.com\/wp-content\/uploads\/2016\/04\/logo_mbmm.gif\",\"contentUrl\":\"https:\/\/mybreathmymusic.com\/wp-content\/uploads\/2016\/04\/logo_mbmm.gif\",\"width\":250,\"height\":84,\"caption\":\"Stichting My Breath My Music\"},\"image\":{\"@id\":\"https:\/\/mybreathmymusic.com\/en\/#\/schema\/logo\/image\/\"},\"sameAs\":[\"https:\/\/www.facebook.com\/MyBreathMyMusic\/\"]}]}<\/script>\n<!-- \/ Yoast SEO plugin. -->","yoast_head_json":{"title":"K\u00fcnstler f\u00fcr My Breath My Music | My Breath My Music","robots":{"index":"index","follow":"follow","max-snippet":"max-snippet:-1","max-image-preview":"max-image-preview:large","max-video-preview":"max-video-preview:-1"},"canonical":"https:\/\/mybreathmymusic.com\/de\/artiesten-voor-mbmm","og_locale":"de_DE","og_type":"article","og_title":"K\u00fcnstler f\u00fcr My Breath My Music | My Breath My Music","og_description":"Auf dieser Seite finden Sie einige Musiker, Schriftsteller und andere K\u00fcnstler, die unsere Stiftung unterst\u00fctzen. Sebastian Salentin Sebastian Salentin habt uns bei der \u00fcbersetzung des Website ins Deutsche geholfen. Brixx Eine Show der Band Brixx garantiert eine spektakul\u00e4re Party. Die Cover- und Partyband Brixx ist schon zweimal zusammen mit unseren Sch\u00fclern aufgetreten und hat dabei [&hellip;]","og_url":"https:\/\/mybreathmymusic.com\/artiesten-voor-mbmm","og_site_name":"My Breath My Music","article_publisher":"https:\/\/www.facebook.com\/MyBreathMyMusic\/","article_modified_time":"2021-03-28T14:17:18+00:00","og_image":[{"url":"https:\/\/mybreathmymusic.com\/wp-content\/uploads\/2016\/04\/brixx1.jpg","type":"","width":"","height":""}],"twitter_card":"summary_large_image","twitter_misc":{"Gesch\u00e4tzte Lesezeit":"10\u00a0Minuten"},"schema":{"@context":"https:\/\/schema.org","@graph":[{"@type":"WebPage","@id":"https:\/\/mybreathmymusic.com\/artiesten-voor-mbmm","url":"https:\/\/mybreathmymusic.com\/artiesten-voor-mbmm","name":"K\u00fcnstler f\u00fcr My Breath My Music | My Breath My Music","isPartOf":{"@id":"https:\/\/mybreathmymusic.com\/en\/#website"},"datePublished":"2016-05-23T07:57:29+00:00","dateModified":"2021-03-28T14:17:18+00:00","breadcrumb":{"@id":"https:\/\/mybreathmymusic.com\/artiesten-voor-mbmm#breadcrumb"},"inLanguage":"de","potentialAction":[{"@type":"ReadAction","target":["https:\/\/mybreathmymusic.com\/artiesten-voor-mbmm"]}]},{"@type":"BreadcrumbList","@id":"https:\/\/mybreathmymusic.com\/artiesten-voor-mbmm#breadcrumb","itemListElement":[{"@type":"ListItem","position":1,"name":"Home","item":"https:\/\/mybreathmymusic.com\/"},{"@type":"ListItem","position":2,"name":"Artiesten voor My Breath My Music"}]},{"@type":"WebSite","@id":"https:\/\/mybreathmymusic.com\/en\/#website","url":"https:\/\/mybreathmymusic.com\/en\/","name":"My Breath My Music -*- Stichting","description":"Muziekinstrumenten voor kinderen met een beperking","publisher":{"@id":"https:\/\/mybreathmymusic.com\/en\/#organization"},"potentialAction":[{"@type":"SearchAction","target":{"@type":"EntryPoint","urlTemplate":"https:\/\/mybreathmymusic.com\/en\/?s={search_term_string}"},"query-input":{"@type":"PropertyValueSpecification","valueRequired":true,"valueName":"search_term_string"}}],"inLanguage":"de"},{"@type":"Organization","@id":"https:\/\/mybreathmymusic.com\/en\/#organization","name":"Stichting My Breath My Music","url":"https:\/\/mybreathmymusic.com\/en\/","logo":{"@type":"ImageObject","inLanguage":"de","@id":"https:\/\/mybreathmymusic.com\/en\/#\/schema\/logo\/image\/","url":"https:\/\/mybreathmymusic.com\/wp-content\/uploads\/2016\/04\/logo_mbmm.gif","contentUrl":"https:\/\/mybreathmymusic.com\/wp-content\/uploads\/2016\/04\/logo_mbmm.gif","width":250,"height":84,"caption":"Stichting My Breath My Music"},"image":{"@id":"https:\/\/mybreathmymusic.com\/en\/#\/schema\/logo\/image\/"},"sameAs":["https:\/\/www.facebook.com\/MyBreathMyMusic\/"]}]}},"_links":{"self":[{"href":"https:\/\/mybreathmymusic.com\/de\/wp-json\/wp\/v2\/pages\/245","targetHints":{"allow":["GET"]}}],"collection":[{"href":"https:\/\/mybreathmymusic.com\/de\/wp-json\/wp\/v2\/pages"}],"about":[{"href":"https:\/\/mybreathmymusic.com\/de\/wp-json\/wp\/v2\/types\/page"}],"author":[{"embeddable":true,"href":"https:\/\/mybreathmymusic.com\/de\/wp-json\/wp\/v2\/users\/7"}],"replies":[{"embeddable":true,"href":"https:\/\/mybreathmymusic.com\/de\/wp-json\/wp\/v2\/comments?post=245"}],"version-history":[{"count":0,"href":"https:\/\/mybreathmymusic.com\/de\/wp-json\/wp\/v2\/pages\/245\/revisions"}],"wp:attachment":[{"href":"https:\/\/mybreathmymusic.com\/de\/wp-json\/wp\/v2\/media?parent=245"}],"wp:term":[{"taxonomy":"category","embeddable":true,"href":"https:\/\/mybreathmymusic.com\/de\/wp-json\/wp\/v2\/categories?post=245"},{"taxonomy":"post_tag","embeddable":true,"href":"https:\/\/mybreathmymusic.com\/de\/wp-json\/wp\/v2\/tags?post=245"}],"curies":[{"name":"wp","href":"https:\/\/api.w.org\/{rel}","templated":true}]}}