{"id":227,"date":"2016-04-05T14:51:42","date_gmt":"2016-04-05T12:51:42","guid":{"rendered":"http:\/\/mybreathmymusic.com\/?page_id=227"},"modified":"2021-03-28T23:41:26","modified_gmt":"2021-03-28T21:41:26","slug":"christian","status":"publish","type":"page","link":"https:\/\/mybreathmymusic.com\/de\/christian","title":{"rendered":"Mein Name ist Christian Gouweleeuw und ich bin 15 Jahre alt."},"content":{"rendered":"<p>Ich bin geboren mit der Muskelerkrankung Duchenne. Das bedeutet, dass die Muskeln im Laufe der Jahre immer schw\u00e4cher werden. Bei mir ist es entdeckt als ich 2 Jahre alt war. Mit 9 konnte ich nicht mehr laufen und bekam ich einen Scooter. Die Grundschule habe ich bei uns im Dorf besucht. Das ging gut. Ich kannte Ruud van der Wel von den Schwimmstunden am Mittwochnachmittag. Meine Eltern dachten, dass am besten auf eine spezielle Schule gehen kann. Da bekam ich auch Atemtherapie von Ruud.<\/p>\n<p><img loading=\"lazy\" decoding=\"async\" class=\"alignnone wp-image-44 size-full\" src=\"\/wp-content\/uploads\/2016\/04\/christian1.jpg\" alt=\"christian1\" width=\"600\" height=\"375\" srcset=\"https:\/\/mybreathmymusic.com\/wp-content\/uploads\/2016\/04\/christian1.jpg 600w, https:\/\/mybreathmymusic.com\/wp-content\/uploads\/2016\/04\/christian1-300x188.jpg 300w\" sizes=\"auto, (max-width: 600px) 100vw, 600px\" \/><\/p>\n<p>Irgendwann wurde ein Projekt zusammen mit einem Physiotherapeuten gestartet. Hierin sollte ich 12 Wochen dokumentieren wie ich zu Hause \u00fcbe und wie ich mich nach dem spielen f\u00fchle. Das musste ich mit Noten angeben. Ich finde Atemtherapie sehr sch\u00f6n weil ich die Musik sehr liebe. Ich gehe oft mit meinem Vater auf Konzerte, zum Beispiel zu U2 und Coldplay. Inzwischen spielt mein Vater auch Gitarre und begleitet mich bei meinen Liedern. Auch meine Schwester ist musikalisch. Sie spielt auch Gitarre und seit kurzem nimmt sie Gesangsunterricht.<\/p>","protected":false},"excerpt":{"rendered":"<p>Ich bin geboren mit der Muskelerkrankung Duchenne. Das bedeutet, dass die Muskeln im Laufe der Jahre immer schw\u00e4cher werden. Bei mir ist es entdeckt als ich 2 Jahre alt war. Mit 9 konnte ich nicht mehr laufen und bekam ich einen Scooter. Die Grundschule habe ich bei uns im Dorf besucht. Das ging gut. Ich [&hellip;]<\/p>\n","protected":false},"author":4,"featured_media":0,"parent":0,"menu_order":0,"comment_status":"closed","ping_status":"closed","template":"","meta":{"_exactmetrics_skip_tracking":false,"_exactmetrics_sitenote_active":false,"_exactmetrics_sitenote_note":"","_exactmetrics_sitenote_category":0,"footnotes":""},"categories":[8],"tags":[],"class_list":["post-227","page","type-page","status-publish","hentry","category-muzikanten"],"yoast_head":"<!-- This site is optimized with the Yoast SEO plugin v26.5 - https:\/\/yoast.com\/wordpress\/plugins\/seo\/ -->\n<title>Mein Name ist Christian Gouweleeuw und ich bin 15 Jahre alt. | My Breath My Music<\/title>\n<meta name=\"robots\" content=\"index, follow, max-snippet:-1, max-image-preview:large, max-video-preview:-1\" \/>\n<link rel=\"canonical\" href=\"https:\/\/mybreathmymusic.com\/de\/christian\" \/>\n<meta property=\"og:locale\" content=\"de_DE\" \/>\n<meta property=\"og:type\" content=\"article\" \/>\n<meta property=\"og:title\" content=\"Mein Name ist Christian Gouweleeuw und ich bin 15 Jahre alt. | My Breath My Music\" \/>\n<meta property=\"og:description\" content=\"Ich bin geboren mit der Muskelerkrankung Duchenne. Das bedeutet, dass die Muskeln im Laufe der Jahre immer schw\u00e4cher werden. Bei mir ist es entdeckt als ich 2 Jahre alt war. Mit 9 konnte ich nicht mehr laufen und bekam ich einen Scooter. Die Grundschule habe ich bei uns im Dorf besucht. Das ging gut. Ich [&hellip;]\" \/>\n<meta property=\"og:url\" content=\"https:\/\/mybreathmymusic.com\/christian\" \/>\n<meta property=\"og:site_name\" content=\"My Breath My Music\" \/>\n<meta property=\"article:publisher\" content=\"https:\/\/www.facebook.com\/MyBreathMyMusic\/\" \/>\n<meta property=\"article:modified_time\" content=\"2021-03-28T21:41:26+00:00\" \/>\n<meta property=\"og:image\" content=\"https:\/\/mybreathmymusic.com\/wp-content\/uploads\/2016\/04\/christian1.jpg\" \/>\n<meta name=\"twitter:card\" content=\"summary_large_image\" \/>\n<meta name=\"twitter:label1\" content=\"Gesch\u00e4tzte Lesezeit\" \/>\n\t<meta name=\"twitter:data1\" content=\"3\u00a0Minuten\" \/>\n<script type=\"application\/ld+json\" class=\"yoast-schema-graph\">{\"@context\":\"https:\/\/schema.org\",\"@graph\":[{\"@type\":\"WebPage\",\"@id\":\"https:\/\/mybreathmymusic.com\/christian\",\"url\":\"https:\/\/mybreathmymusic.com\/christian\",\"name\":\"Mein Name ist Christian Gouweleeuw und ich bin 15 Jahre alt. | My Breath My Music\",\"isPartOf\":{\"@id\":\"https:\/\/mybreathmymusic.com\/en\/#website\"},\"datePublished\":\"2016-04-05T12:51:42+00:00\",\"dateModified\":\"2021-03-28T21:41:26+00:00\",\"breadcrumb\":{\"@id\":\"https:\/\/mybreathmymusic.com\/christian#breadcrumb\"},\"inLanguage\":\"de\",\"potentialAction\":[{\"@type\":\"ReadAction\",\"target\":[\"https:\/\/mybreathmymusic.com\/christian\"]}]},{\"@type\":\"BreadcrumbList\",\"@id\":\"https:\/\/mybreathmymusic.com\/christian#breadcrumb\",\"itemListElement\":[{\"@type\":\"ListItem\",\"position\":1,\"name\":\"Home\",\"item\":\"https:\/\/mybreathmymusic.com\/\"},{\"@type\":\"ListItem\",\"position\":2,\"name\":\"Mijn naam is Christian Gouweleeuw en ik ben 15 jaar\"}]},{\"@type\":\"WebSite\",\"@id\":\"https:\/\/mybreathmymusic.com\/en\/#website\",\"url\":\"https:\/\/mybreathmymusic.com\/en\/\",\"name\":\"My Breath My Music -*- Stichting\",\"description\":\"Muziekinstrumenten voor kinderen met een beperking\",\"publisher\":{\"@id\":\"https:\/\/mybreathmymusic.com\/en\/#organization\"},\"potentialAction\":[{\"@type\":\"SearchAction\",\"target\":{\"@type\":\"EntryPoint\",\"urlTemplate\":\"https:\/\/mybreathmymusic.com\/en\/?s={search_term_string}\"},\"query-input\":{\"@type\":\"PropertyValueSpecification\",\"valueRequired\":true,\"valueName\":\"search_term_string\"}}],\"inLanguage\":\"de\"},{\"@type\":\"Organization\",\"@id\":\"https:\/\/mybreathmymusic.com\/en\/#organization\",\"name\":\"Stichting My Breath My Music\",\"url\":\"https:\/\/mybreathmymusic.com\/en\/\",\"logo\":{\"@type\":\"ImageObject\",\"inLanguage\":\"de\",\"@id\":\"https:\/\/mybreathmymusic.com\/en\/#\/schema\/logo\/image\/\",\"url\":\"https:\/\/mybreathmymusic.com\/wp-content\/uploads\/2016\/04\/logo_mbmm.gif\",\"contentUrl\":\"https:\/\/mybreathmymusic.com\/wp-content\/uploads\/2016\/04\/logo_mbmm.gif\",\"width\":250,\"height\":84,\"caption\":\"Stichting My Breath My Music\"},\"image\":{\"@id\":\"https:\/\/mybreathmymusic.com\/en\/#\/schema\/logo\/image\/\"},\"sameAs\":[\"https:\/\/www.facebook.com\/MyBreathMyMusic\/\"]}]}<\/script>\n<!-- \/ Yoast SEO plugin. -->","yoast_head_json":{"title":"Mein Name ist Christian Gouweleeuw und ich bin 15 Jahre alt. | My Breath My Music","robots":{"index":"index","follow":"follow","max-snippet":"max-snippet:-1","max-image-preview":"max-image-preview:large","max-video-preview":"max-video-preview:-1"},"canonical":"https:\/\/mybreathmymusic.com\/de\/christian","og_locale":"de_DE","og_type":"article","og_title":"Mein Name ist Christian Gouweleeuw und ich bin 15 Jahre alt. | My Breath My Music","og_description":"Ich bin geboren mit der Muskelerkrankung Duchenne. Das bedeutet, dass die Muskeln im Laufe der Jahre immer schw\u00e4cher werden. Bei mir ist es entdeckt als ich 2 Jahre alt war. Mit 9 konnte ich nicht mehr laufen und bekam ich einen Scooter. Die Grundschule habe ich bei uns im Dorf besucht. Das ging gut. Ich [&hellip;]","og_url":"https:\/\/mybreathmymusic.com\/christian","og_site_name":"My Breath My Music","article_publisher":"https:\/\/www.facebook.com\/MyBreathMyMusic\/","article_modified_time":"2021-03-28T21:41:26+00:00","og_image":[{"url":"https:\/\/mybreathmymusic.com\/wp-content\/uploads\/2016\/04\/christian1.jpg","type":"","width":"","height":""}],"twitter_card":"summary_large_image","twitter_misc":{"Gesch\u00e4tzte Lesezeit":"3\u00a0Minuten"},"schema":{"@context":"https:\/\/schema.org","@graph":[{"@type":"WebPage","@id":"https:\/\/mybreathmymusic.com\/christian","url":"https:\/\/mybreathmymusic.com\/christian","name":"Mein Name ist Christian Gouweleeuw und ich bin 15 Jahre alt. | My Breath My Music","isPartOf":{"@id":"https:\/\/mybreathmymusic.com\/en\/#website"},"datePublished":"2016-04-05T12:51:42+00:00","dateModified":"2021-03-28T21:41:26+00:00","breadcrumb":{"@id":"https:\/\/mybreathmymusic.com\/christian#breadcrumb"},"inLanguage":"de","potentialAction":[{"@type":"ReadAction","target":["https:\/\/mybreathmymusic.com\/christian"]}]},{"@type":"BreadcrumbList","@id":"https:\/\/mybreathmymusic.com\/christian#breadcrumb","itemListElement":[{"@type":"ListItem","position":1,"name":"Home","item":"https:\/\/mybreathmymusic.com\/"},{"@type":"ListItem","position":2,"name":"Mijn naam is Christian Gouweleeuw en ik ben 15 jaar"}]},{"@type":"WebSite","@id":"https:\/\/mybreathmymusic.com\/en\/#website","url":"https:\/\/mybreathmymusic.com\/en\/","name":"My Breath My Music -*- Stichting","description":"Muziekinstrumenten voor kinderen met een beperking","publisher":{"@id":"https:\/\/mybreathmymusic.com\/en\/#organization"},"potentialAction":[{"@type":"SearchAction","target":{"@type":"EntryPoint","urlTemplate":"https:\/\/mybreathmymusic.com\/en\/?s={search_term_string}"},"query-input":{"@type":"PropertyValueSpecification","valueRequired":true,"valueName":"search_term_string"}}],"inLanguage":"de"},{"@type":"Organization","@id":"https:\/\/mybreathmymusic.com\/en\/#organization","name":"Stichting My Breath My Music","url":"https:\/\/mybreathmymusic.com\/en\/","logo":{"@type":"ImageObject","inLanguage":"de","@id":"https:\/\/mybreathmymusic.com\/en\/#\/schema\/logo\/image\/","url":"https:\/\/mybreathmymusic.com\/wp-content\/uploads\/2016\/04\/logo_mbmm.gif","contentUrl":"https:\/\/mybreathmymusic.com\/wp-content\/uploads\/2016\/04\/logo_mbmm.gif","width":250,"height":84,"caption":"Stichting My Breath My Music"},"image":{"@id":"https:\/\/mybreathmymusic.com\/en\/#\/schema\/logo\/image\/"},"sameAs":["https:\/\/www.facebook.com\/MyBreathMyMusic\/"]}]}},"_links":{"self":[{"href":"https:\/\/mybreathmymusic.com\/de\/wp-json\/wp\/v2\/pages\/227","targetHints":{"allow":["GET"]}}],"collection":[{"href":"https:\/\/mybreathmymusic.com\/de\/wp-json\/wp\/v2\/pages"}],"about":[{"href":"https:\/\/mybreathmymusic.com\/de\/wp-json\/wp\/v2\/types\/page"}],"author":[{"embeddable":true,"href":"https:\/\/mybreathmymusic.com\/de\/wp-json\/wp\/v2\/users\/4"}],"replies":[{"embeddable":true,"href":"https:\/\/mybreathmymusic.com\/de\/wp-json\/wp\/v2\/comments?post=227"}],"version-history":[{"count":0,"href":"https:\/\/mybreathmymusic.com\/de\/wp-json\/wp\/v2\/pages\/227\/revisions"}],"wp:attachment":[{"href":"https:\/\/mybreathmymusic.com\/de\/wp-json\/wp\/v2\/media?parent=227"}],"wp:term":[{"taxonomy":"category","embeddable":true,"href":"https:\/\/mybreathmymusic.com\/de\/wp-json\/wp\/v2\/categories?post=227"},{"taxonomy":"post_tag","embeddable":true,"href":"https:\/\/mybreathmymusic.com\/de\/wp-json\/wp\/v2\/tags?post=227"}],"curies":[{"name":"wp","href":"https:\/\/api.w.org\/{rel}","templated":true}]}}